{"id":53044,"date":"2022-10-01T19:44:54","date_gmt":"2022-10-01T17:44:54","guid":{"rendered":"https:\/\/octaedro.com\/libro\/aprendizaje-movil-y-ciudadania-espacial-en-la-educacion-para-el-desarrollo-sostenible\/"},"modified":"2023-03-08T12:20:03","modified_gmt":"2023-03-08T11:20:03","slug":"aprendizaje-movil-y-ciudadania-espacial-en-la-educacion-para-el-desarrollo-sostenible-2","status":"publish","type":"product","link":"https:\/\/wizardly-davinci.82-223-8-23.plesk.page\/en\/producto\/aprendizaje-movil-y-ciudadania-espacial-en-la-educacion-para-el-desarrollo-sostenible-2\/","title":{"rendered":"Aprendizaje m\u00f3vil y ciudadan\u00eda espacial en la educaci\u00f3n para el desarrollo sostenible"},"content":{"rendered":"","protected":false},"excerpt":{"rendered":"<p>El desarrollo sostenible es uno de los grandes desaf\u00edos de la actualidad. En una \u00e9poca caracterizada por el cambio clim\u00e1tico, la desigualdad, las crisis y la pandemia, es necesario que se produzca un cambio educativo que nos permita transformar la sociedad y abrir nuevos caminos hacia un futuro m\u00e1s sostenible. Desde el \u00e1mbito educativo de las ciencias sociales, la geograf\u00eda es una de las disciplinas que m\u00e1s se han visto afectadas por el auge de las tecnolog\u00edas digitales. Esto es debido a la disponibilidad de los geomedia, unos recursos electr\u00f3nicos que usan la geolocalizaci\u00f3n para transmitir y compartir informaci\u00f3n. Estos, asimismo, favorecen la participaci\u00f3n democr\u00e1tica y ciudadana de los j\u00f3venes, y ello ha llevado a definir la ciudadan\u00eda espacial, un concepto que a\u00f1ade un componente espacial a la educaci\u00f3n ciudadana, abierto y flexible, que se desvincula de la ciudadan\u00eda tradicional al deja la idea de pertenencia a un lugar espec\u00edfico y se adhiere a la noci\u00f3n de pertenencia a m\u00faltiples comunidades.<\/p>\n<p>Este libro quiere contribuir al avance de la educaci\u00f3n para el desarrollo sostenible (EDS) en una sociedad caracterizada por el auge de la informaci\u00f3n, reflexionando sobre las pr\u00e1cticas adecuadas de EDS, con el objetivo de promover la participaci\u00f3n e implicaci\u00f3n de los j\u00f3venes en el desarrollo sostenible. El estudio desarrolla un marco te\u00f3rico que fundamenta el proyecto xploRAcity, una secuencia que tiene el objetivo de abrir los centros educativos al entorno con la finalidad de implicar a los j\u00f3venes en la participaci\u00f3n ciudadana a partir del aprendizaje m\u00f3vil y de la realidad aumentada geo-posicionada.<\/p>\n","protected":false},"featured_media":48338,"comment_status":"open","ping_status":"closed","template":"","meta":{"_et_pb_use_builder":"","_et_pb_old_content":"","_et_gb_content_width":""},"product_cat":[11899,11859,11912],"product_tag":[11892],"edicion":[12199,11865],"editoriales":[11867],"tienda":[],"autor_id":[19376],"universidades_coeditoras":[14900],"palabras_clave":[],"listado_alfabetico":[],"acf":[],"_links":{"self":[{"href":"https:\/\/wizardly-davinci.82-223-8-23.plesk.page\/en\/wp-json\/wp\/v2\/product\/53044"}],"collection":[{"href":"https:\/\/wizardly-davinci.82-223-8-23.plesk.page\/en\/wp-json\/wp\/v2\/product"}],"about":[{"href":"https:\/\/wizardly-davinci.82-223-8-23.plesk.page\/en\/wp-json\/wp\/v2\/types\/product"}],"replies":[{"embeddable":true,"href":"https:\/\/wizardly-davinci.82-223-8-23.plesk.page\/en\/wp-json\/wp\/v2\/comments?post=53044"}],"wp:featuredmedia":[{"embeddable":true,"href":"https:\/\/wizardly-davinci.82-223-8-23.plesk.page\/en\/wp-json\/wp\/v2\/media\/48338"}],"wp:attachment":[{"href":"https:\/\/wizardly-davinci.82-223-8-23.plesk.page\/en\/wp-json\/wp\/v2\/media?parent=53044"}],"wp:term":[{"taxonomy":"product_cat","embeddable":true,"href":"https:\/\/wizardly-davinci.82-223-8-23.plesk.page\/en\/wp-json\/wp\/v2\/product_cat?post=53044"},{"taxonomy":"product_tag","embeddable":true,"href":"https:\/\/wizardly-davinci.82-223-8-23.plesk.page\/en\/wp-json\/wp\/v2\/product_tag?post=53044"},{"taxonomy":"edicion","embeddable":true,"href":"https:\/\/wizardly-davinci.82-223-8-23.plesk.page\/en\/wp-json\/wp\/v2\/edicion?post=53044"},{"taxonomy":"editoriales","embeddable":true,"href":"https:\/\/wizardly-davinci.82-223-8-23.plesk.page\/en\/wp-json\/wp\/v2\/editoriales?post=53044"},{"taxonomy":"tienda","embeddable":true,"href":"https:\/\/wizardly-davinci.82-223-8-23.plesk.page\/en\/wp-json\/wp\/v2\/tienda?post=53044"},{"taxonomy":"autor_id","embeddable":true,"href":"https:\/\/wizardly-davinci.82-223-8-23.plesk.page\/en\/wp-json\/wp\/v2\/autor_id?post=53044"},{"taxonomy":"universidades_coeditoras","embeddable":true,"href":"https:\/\/wizardly-davinci.82-223-8-23.plesk.page\/en\/wp-json\/wp\/v2\/universidades_coeditoras?post=53044"},{"taxonomy":"palabras_clave","embeddable":true,"href":"https:\/\/wizardly-davinci.82-223-8-23.plesk.page\/en\/wp-json\/wp\/v2\/palabras_clave?post=53044"},{"taxonomy":"listado_alfabetico","embeddable":true,"href":"https:\/\/wizardly-davinci.82-223-8-23.plesk.page\/en\/wp-json\/wp\/v2\/listado_alfabetico?post=53044"}],"curies":[{"name":"wp","href":"https:\/\/api.w.org\/{rel}","templated":true}]}}