{"id":53046,"date":"2021-09-28T17:58:04","date_gmt":"2021-09-28T17:58:04","guid":{"rendered":"https:\/\/octaedro.com\/libro\/el-modelo-flipped-classroom-en-la-universidad\/"},"modified":"2023-02-22T13:37:44","modified_gmt":"2023-02-22T12:37:44","slug":"el-modelo-flipped-classroom-en-la-universidad-2","status":"publish","type":"product","link":"https:\/\/wizardly-davinci.82-223-8-23.plesk.page\/en\/producto\/el-modelo-flipped-classroom-en-la-universidad-2\/","title":{"rendered":"El modelo flipped classroom en la Universidad"},"content":{"rendered":"","protected":false},"excerpt":{"rendered":"<p>El libro que aqu\u00ed se presenta, El modelo flipped classroom en la Universidad, es un compendio de innovaciones educativas llevadas a cabo en el contexto de la Educaci\u00f3n Superior para dar respuesta a las necesidades de los nuevos escenarios y realidades educativas.<\/p>\n<p>En la primera parte de este libro se recogen experiencias que analizan aspectos generales sobre el flipped classroom en Educaci\u00f3n Superior en las titulaciones de Educaci\u00f3n, se analiza la perspectiva did\u00e1ctico\/tecnol\u00f3gica del mismo, as\u00ed como al estudio de herramientas para su implementaci\u00f3n. En la segunda parte, m\u00e1s espec\u00edfica, se atiende a las posibilidades educativas del flipped classroom en los grados de Maestro y Educaci\u00f3n Social y su relaci\u00f3n con la gamificaci\u00f3n, la m\u00fasica y los foros virtuales, entre otros.<\/p>\n","protected":false},"featured_media":48288,"comment_status":"open","ping_status":"closed","template":"","meta":{"_et_pb_use_builder":"","_et_pb_old_content":"","_et_gb_content_width":""},"product_cat":[11899,11913],"product_tag":[11890],"edicion":[12178],"editoriales":[11867],"tienda":[],"autor_id":[19378,19379,19377],"universidades_coeditoras":[12327],"palabras_clave":[],"listado_alfabetico":[],"acf":[],"_links":{"self":[{"href":"https:\/\/wizardly-davinci.82-223-8-23.plesk.page\/en\/wp-json\/wp\/v2\/product\/53046"}],"collection":[{"href":"https:\/\/wizardly-davinci.82-223-8-23.plesk.page\/en\/wp-json\/wp\/v2\/product"}],"about":[{"href":"https:\/\/wizardly-davinci.82-223-8-23.plesk.page\/en\/wp-json\/wp\/v2\/types\/product"}],"replies":[{"embeddable":true,"href":"https:\/\/wizardly-davinci.82-223-8-23.plesk.page\/en\/wp-json\/wp\/v2\/comments?post=53046"}],"wp:featuredmedia":[{"embeddable":true,"href":"https:\/\/wizardly-davinci.82-223-8-23.plesk.page\/en\/wp-json\/wp\/v2\/media\/48288"}],"wp:attachment":[{"href":"https:\/\/wizardly-davinci.82-223-8-23.plesk.page\/en\/wp-json\/wp\/v2\/media?parent=53046"}],"wp:term":[{"taxonomy":"product_cat","embeddable":true,"href":"https:\/\/wizardly-davinci.82-223-8-23.plesk.page\/en\/wp-json\/wp\/v2\/product_cat?post=53046"},{"taxonomy":"product_tag","embeddable":true,"href":"https:\/\/wizardly-davinci.82-223-8-23.plesk.page\/en\/wp-json\/wp\/v2\/product_tag?post=53046"},{"taxonomy":"edicion","embeddable":true,"href":"https:\/\/wizardly-davinci.82-223-8-23.plesk.page\/en\/wp-json\/wp\/v2\/edicion?post=53046"},{"taxonomy":"editoriales","embeddable":true,"href":"https:\/\/wizardly-davinci.82-223-8-23.plesk.page\/en\/wp-json\/wp\/v2\/editoriales?post=53046"},{"taxonomy":"tienda","embeddable":true,"href":"https:\/\/wizardly-davinci.82-223-8-23.plesk.page\/en\/wp-json\/wp\/v2\/tienda?post=53046"},{"taxonomy":"autor_id","embeddable":true,"href":"https:\/\/wizardly-davinci.82-223-8-23.plesk.page\/en\/wp-json\/wp\/v2\/autor_id?post=53046"},{"taxonomy":"universidades_coeditoras","embeddable":true,"href":"https:\/\/wizardly-davinci.82-223-8-23.plesk.page\/en\/wp-json\/wp\/v2\/universidades_coeditoras?post=53046"},{"taxonomy":"palabras_clave","embeddable":true,"href":"https:\/\/wizardly-davinci.82-223-8-23.plesk.page\/en\/wp-json\/wp\/v2\/palabras_clave?post=53046"},{"taxonomy":"listado_alfabetico","embeddable":true,"href":"https:\/\/wizardly-davinci.82-223-8-23.plesk.page\/en\/wp-json\/wp\/v2\/listado_alfabetico?post=53046"}],"curies":[{"name":"wp","href":"https:\/\/api.w.org\/{rel}","templated":true}]}}