{"id":53047,"date":"2021-09-28T17:30:57","date_gmt":"2021-09-28T15:30:57","guid":{"rendered":"https:\/\/octaedro.com\/libro\/si-cada-vez-sabemos-mas-por-que-no-somos-mas-felices\/"},"modified":"2023-03-08T12:20:03","modified_gmt":"2023-03-08T11:20:03","slug":"si-cada-vez-sabemos-mas-por-que-no-somos-mas-felices-2","status":"publish","type":"product","link":"https:\/\/wizardly-davinci.82-223-8-23.plesk.page\/en\/producto\/si-cada-vez-sabemos-mas-por-que-no-somos-mas-felices-2\/","title":{"rendered":"Si cada vez sabemos m\u00e1s, \u00bfpor qu\u00e9 no somos m\u00e1s felices?"},"content":{"rendered":"","protected":false},"excerpt":{"rendered":"<p>Este libro analiza c\u00f3mo funcionan las personas de forma individual, en la pareja y en la familia, tambi\u00e9n lo que pensamos, lo que sentimos y lo que hacemos, a veces sin darnos cuenta y otras veces voluntariamente.<\/p>\n<p>El funcionamiento psicol\u00f3gico tiene mucho que ver con las relaciones que establecemos tanto con los dem\u00e1s como con nosotros mismos. En el plano individual es necesario saber si nos conocemos realmente, si nos gustamos o no, si nos permitimos ser felices&#8230; Si tenemos pareja, es importante saber c\u00f3mo funciona la otra parte, por ejemplo, si su forma de ser nos hace agradable la convivencia o si nos llena su compa\u00f1\u00eda. Por \u00faltimo, cuando tenemos hijos e hijas debemos entender c\u00f3mo nos relacionamos con ellos, planificar c\u00f3mo les vamos a cuidar y a educar, y elegir qu\u00e9 tipo de familia escogeremos ser.<\/p>\n<p>Invitamos a los lectores a que reflexionen e investiguen si se sienten identificados con los casos de personas reales que relatamos y, si es as\u00ed, a que modifiquen lo necesario en cada situaci\u00f3n para conseguir una vida mejor, en la que aceptemos nuestras emociones y las gestionemos eficazmente.<\/p>\n","protected":false},"featured_media":48277,"comment_status":"open","ping_status":"closed","template":"","meta":{"_et_pb_use_builder":"","_et_pb_old_content":"","_et_gb_content_width":""},"product_cat":[11858,11859,11924],"product_tag":[11860],"edicion":[11865],"editoriales":[11867],"tienda":[],"autor_id":[19386,19384],"universidades_coeditoras":[],"palabras_clave":[],"listado_alfabetico":[],"acf":[],"_links":{"self":[{"href":"https:\/\/wizardly-davinci.82-223-8-23.plesk.page\/en\/wp-json\/wp\/v2\/product\/53047"}],"collection":[{"href":"https:\/\/wizardly-davinci.82-223-8-23.plesk.page\/en\/wp-json\/wp\/v2\/product"}],"about":[{"href":"https:\/\/wizardly-davinci.82-223-8-23.plesk.page\/en\/wp-json\/wp\/v2\/types\/product"}],"replies":[{"embeddable":true,"href":"https:\/\/wizardly-davinci.82-223-8-23.plesk.page\/en\/wp-json\/wp\/v2\/comments?post=53047"}],"wp:featuredmedia":[{"embeddable":true,"href":"https:\/\/wizardly-davinci.82-223-8-23.plesk.page\/en\/wp-json\/wp\/v2\/media\/48277"}],"wp:attachment":[{"href":"https:\/\/wizardly-davinci.82-223-8-23.plesk.page\/en\/wp-json\/wp\/v2\/media?parent=53047"}],"wp:term":[{"taxonomy":"product_cat","embeddable":true,"href":"https:\/\/wizardly-davinci.82-223-8-23.plesk.page\/en\/wp-json\/wp\/v2\/product_cat?post=53047"},{"taxonomy":"product_tag","embeddable":true,"href":"https:\/\/wizardly-davinci.82-223-8-23.plesk.page\/en\/wp-json\/wp\/v2\/product_tag?post=53047"},{"taxonomy":"edicion","embeddable":true,"href":"https:\/\/wizardly-davinci.82-223-8-23.plesk.page\/en\/wp-json\/wp\/v2\/edicion?post=53047"},{"taxonomy":"editoriales","embeddable":true,"href":"https:\/\/wizardly-davinci.82-223-8-23.plesk.page\/en\/wp-json\/wp\/v2\/editoriales?post=53047"},{"taxonomy":"tienda","embeddable":true,"href":"https:\/\/wizardly-davinci.82-223-8-23.plesk.page\/en\/wp-json\/wp\/v2\/tienda?post=53047"},{"taxonomy":"autor_id","embeddable":true,"href":"https:\/\/wizardly-davinci.82-223-8-23.plesk.page\/en\/wp-json\/wp\/v2\/autor_id?post=53047"},{"taxonomy":"universidades_coeditoras","embeddable":true,"href":"https:\/\/wizardly-davinci.82-223-8-23.plesk.page\/en\/wp-json\/wp\/v2\/universidades_coeditoras?post=53047"},{"taxonomy":"palabras_clave","embeddable":true,"href":"https:\/\/wizardly-davinci.82-223-8-23.plesk.page\/en\/wp-json\/wp\/v2\/palabras_clave?post=53047"},{"taxonomy":"listado_alfabetico","embeddable":true,"href":"https:\/\/wizardly-davinci.82-223-8-23.plesk.page\/en\/wp-json\/wp\/v2\/listado_alfabetico?post=53047"}],"curies":[{"name":"wp","href":"https:\/\/api.w.org\/{rel}","templated":true}]}}