{"id":53048,"date":"2022-03-30T16:08:28","date_gmt":"2022-03-30T14:08:28","guid":{"rendered":"https:\/\/octaedro.com\/libro\/didactica-de-la-linguistica-general\/"},"modified":"2023-03-08T12:20:03","modified_gmt":"2023-03-08T11:20:03","slug":"didactica-de-la-linguistica-general-2","status":"publish","type":"product","link":"https:\/\/wizardly-davinci.82-223-8-23.plesk.page\/en\/producto\/didactica-de-la-linguistica-general-2\/","title":{"rendered":"Did\u00e1ctica de la Ling\u00fc\u00edstica General"},"content":{"rendered":"","protected":false},"excerpt":{"rendered":"<p>El presente libro va dirigido al profesorado que imparte docencia de Ling\u00fc\u00edstica General, una asignatura troncal de formaci\u00f3n b\u00e1sica de todos los grados filol\u00f3gicos y ling\u00fc\u00edsticos de las universidades espa\u00f1olas en el Espacio Europeo de Educaci\u00f3n Superior, una materia introductoria fundamental para la formaci\u00f3n de los futuros fil\u00f3logos y ling\u00fcistas. Ling\u00fc\u00edstica General es una asignatura que proporciona al alumnado de los primeros cursos los rudimentos ling\u00fc\u00edsticos necesarios para una posterior especializaci\u00f3n en la disciplina, dado que presenta una panor\u00e1mica del fen\u00f3meno ling\u00fc\u00edstico en sus diversas manifestaciones y se aproxima a su estudio desde un punto de vista tanto interno como externo.<\/p>\n<p>Did\u00e1ctica de la Ling\u00fc\u00edstica General. Temario y propuesta pedag\u00f3gica constituye una gu\u00eda de actuaci\u00f3n docente reflexiva, planteada para responder a las exigencias de una did\u00e1ctica universitaria innovadora, cr\u00edtica y comprometida con la formaci\u00f3n integral del individuo.<\/p>\n","protected":false},"featured_media":48185,"comment_status":"open","ping_status":"closed","template":"","meta":{"_et_pb_use_builder":"","_et_pb_old_content":"","_et_gb_content_width":""},"product_cat":[11899,11913,11859],"product_tag":[11893],"edicion":[12178,11865],"editoriales":[11867],"tienda":[],"autor_id":[19388],"universidades_coeditoras":[14909],"palabras_clave":[],"listado_alfabetico":[],"acf":[],"_links":{"self":[{"href":"https:\/\/wizardly-davinci.82-223-8-23.plesk.page\/en\/wp-json\/wp\/v2\/product\/53048"}],"collection":[{"href":"https:\/\/wizardly-davinci.82-223-8-23.plesk.page\/en\/wp-json\/wp\/v2\/product"}],"about":[{"href":"https:\/\/wizardly-davinci.82-223-8-23.plesk.page\/en\/wp-json\/wp\/v2\/types\/product"}],"replies":[{"embeddable":true,"href":"https:\/\/wizardly-davinci.82-223-8-23.plesk.page\/en\/wp-json\/wp\/v2\/comments?post=53048"}],"wp:featuredmedia":[{"embeddable":true,"href":"https:\/\/wizardly-davinci.82-223-8-23.plesk.page\/en\/wp-json\/wp\/v2\/media\/48185"}],"wp:attachment":[{"href":"https:\/\/wizardly-davinci.82-223-8-23.plesk.page\/en\/wp-json\/wp\/v2\/media?parent=53048"}],"wp:term":[{"taxonomy":"product_cat","embeddable":true,"href":"https:\/\/wizardly-davinci.82-223-8-23.plesk.page\/en\/wp-json\/wp\/v2\/product_cat?post=53048"},{"taxonomy":"product_tag","embeddable":true,"href":"https:\/\/wizardly-davinci.82-223-8-23.plesk.page\/en\/wp-json\/wp\/v2\/product_tag?post=53048"},{"taxonomy":"edicion","embeddable":true,"href":"https:\/\/wizardly-davinci.82-223-8-23.plesk.page\/en\/wp-json\/wp\/v2\/edicion?post=53048"},{"taxonomy":"editoriales","embeddable":true,"href":"https:\/\/wizardly-davinci.82-223-8-23.plesk.page\/en\/wp-json\/wp\/v2\/editoriales?post=53048"},{"taxonomy":"tienda","embeddable":true,"href":"https:\/\/wizardly-davinci.82-223-8-23.plesk.page\/en\/wp-json\/wp\/v2\/tienda?post=53048"},{"taxonomy":"autor_id","embeddable":true,"href":"https:\/\/wizardly-davinci.82-223-8-23.plesk.page\/en\/wp-json\/wp\/v2\/autor_id?post=53048"},{"taxonomy":"universidades_coeditoras","embeddable":true,"href":"https:\/\/wizardly-davinci.82-223-8-23.plesk.page\/en\/wp-json\/wp\/v2\/universidades_coeditoras?post=53048"},{"taxonomy":"palabras_clave","embeddable":true,"href":"https:\/\/wizardly-davinci.82-223-8-23.plesk.page\/en\/wp-json\/wp\/v2\/palabras_clave?post=53048"},{"taxonomy":"listado_alfabetico","embeddable":true,"href":"https:\/\/wizardly-davinci.82-223-8-23.plesk.page\/en\/wp-json\/wp\/v2\/listado_alfabetico?post=53048"}],"curies":[{"name":"wp","href":"https:\/\/api.w.org\/{rel}","templated":true}]}}