{"id":53050,"date":"2021-01-30T11:54:32","date_gmt":"2021-01-30T10:54:32","guid":{"rendered":"https:\/\/octaedro.com\/libro\/dibuixar-el-mon\/"},"modified":"2023-03-08T12:20:03","modified_gmt":"2023-03-08T11:20:03","slug":"dibuixar-el-mon-2","status":"publish","type":"product","link":"https:\/\/wizardly-davinci.82-223-8-23.plesk.page\/en\/producto\/dibuixar-el-mon-2\/","title":{"rendered":"Dibuixar el m\u00f3n"},"content":{"rendered":"","protected":false},"excerpt":{"rendered":"<p>Dibuixar el m\u00f3n sorgeix de l\u2019experi\u00e8ncia dels autors com a artistes i professors en una facultat de formaci\u00f3 del professorat. Partint del dibuix com un mitj\u00e0 espontani, democr\u00e0tic i inherent a l\u2019\u00e9sser hum\u00e0, examinen la pr\u00e0ctica art\u00edstica i educativa del dibuix. El llibre recull les propostes de dibuix, fruit de la seva investigaci\u00f3 art\u00edstica, dutes a terme amb nens i nenes d\u2019infantil i prim\u00e0ria en col\u00b7laboraci\u00f3 amb escoles, fam\u00edlies i col\u00b7lectius interessats en metodologies actives. S\u2019agrupen en quatre apartats: tornar a dibuixar (pensades perqu\u00e8 les persones adultes que treballen amb la inf\u00e0ncia recuperin el dibuix), narrar dibuixant (experi\u00e8ncies on conviuen paraules i imatges), jugar dibuixant (dibuix a trav\u00e9s del joc) i conscienciar dibuixant (dibuix activista).<br \/>\nTotes comparteixen una s\u00e8rie de caracter\u00edstiques: incidir en la idea de proc\u00e9s, \u00e9s a dir, descobrir maneres de fer obertes que no busquen un \u00fanic resultat; experimentar amb diferents materials, t\u00e8cniques i llenguatges art\u00edstics; afavorir la creaci\u00f3 d\u2019un imaginari i un estil personals per allunyar-se de respostes estereotipades, i educar el sentit est\u00e8tic.<\/p>\n","protected":false},"featured_media":47875,"comment_status":"open","ping_status":"closed","template":"","meta":{"_et_pb_use_builder":"","_et_pb_old_content":"","_et_gb_content_width":""},"product_cat":[11882,11902,11859,11925],"product_tag":[11860],"edicion":[11865],"editoriales":[12203],"tienda":[],"autor_id":[20740,20741],"universidades_coeditoras":[],"palabras_clave":[],"listado_alfabetico":[],"acf":[],"_links":{"self":[{"href":"https:\/\/wizardly-davinci.82-223-8-23.plesk.page\/en\/wp-json\/wp\/v2\/product\/53050"}],"collection":[{"href":"https:\/\/wizardly-davinci.82-223-8-23.plesk.page\/en\/wp-json\/wp\/v2\/product"}],"about":[{"href":"https:\/\/wizardly-davinci.82-223-8-23.plesk.page\/en\/wp-json\/wp\/v2\/types\/product"}],"replies":[{"embeddable":true,"href":"https:\/\/wizardly-davinci.82-223-8-23.plesk.page\/en\/wp-json\/wp\/v2\/comments?post=53050"}],"wp:featuredmedia":[{"embeddable":true,"href":"https:\/\/wizardly-davinci.82-223-8-23.plesk.page\/en\/wp-json\/wp\/v2\/media\/47875"}],"wp:attachment":[{"href":"https:\/\/wizardly-davinci.82-223-8-23.plesk.page\/en\/wp-json\/wp\/v2\/media?parent=53050"}],"wp:term":[{"taxonomy":"product_cat","embeddable":true,"href":"https:\/\/wizardly-davinci.82-223-8-23.plesk.page\/en\/wp-json\/wp\/v2\/product_cat?post=53050"},{"taxonomy":"product_tag","embeddable":true,"href":"https:\/\/wizardly-davinci.82-223-8-23.plesk.page\/en\/wp-json\/wp\/v2\/product_tag?post=53050"},{"taxonomy":"edicion","embeddable":true,"href":"https:\/\/wizardly-davinci.82-223-8-23.plesk.page\/en\/wp-json\/wp\/v2\/edicion?post=53050"},{"taxonomy":"editoriales","embeddable":true,"href":"https:\/\/wizardly-davinci.82-223-8-23.plesk.page\/en\/wp-json\/wp\/v2\/editoriales?post=53050"},{"taxonomy":"tienda","embeddable":true,"href":"https:\/\/wizardly-davinci.82-223-8-23.plesk.page\/en\/wp-json\/wp\/v2\/tienda?post=53050"},{"taxonomy":"autor_id","embeddable":true,"href":"https:\/\/wizardly-davinci.82-223-8-23.plesk.page\/en\/wp-json\/wp\/v2\/autor_id?post=53050"},{"taxonomy":"universidades_coeditoras","embeddable":true,"href":"https:\/\/wizardly-davinci.82-223-8-23.plesk.page\/en\/wp-json\/wp\/v2\/universidades_coeditoras?post=53050"},{"taxonomy":"palabras_clave","embeddable":true,"href":"https:\/\/wizardly-davinci.82-223-8-23.plesk.page\/en\/wp-json\/wp\/v2\/palabras_clave?post=53050"},{"taxonomy":"listado_alfabetico","embeddable":true,"href":"https:\/\/wizardly-davinci.82-223-8-23.plesk.page\/en\/wp-json\/wp\/v2\/listado_alfabetico?post=53050"}],"curies":[{"name":"wp","href":"https:\/\/api.w.org\/{rel}","templated":true}]}}