{"id":53353,"date":"2020-10-01T11:24:38","date_gmt":"2020-10-01T09:24:38","guid":{"rendered":"https:\/\/octaedro.com\/libro\/notxa\/"},"modified":"2023-03-08T12:20:03","modified_gmt":"2023-03-08T11:20:03","slug":"notxa-2","status":"publish","type":"product","link":"https:\/\/wizardly-davinci.82-223-8-23.plesk.page\/en\/producto\/notxa-2\/","title":{"rendered":"Notxa"},"content":{"rendered":"","protected":false},"excerpt":{"rendered":"<p>Notxa va ser publicat per primera vegada l\u2019any 1977 en la col\u00b7lecci\u00f3 Vela Major, d\u2019Edicions La Galera. Aquella col\u00b7lecci\u00f3 va excel\u00b7lir en la selecci\u00f3 de textos, elaborats a partir de contes d\u2019arreu del m\u00f3n, amb t\u00edtols com Rehan, Guara\u00e7\u00fa, Itawa o Pohpol, entre d\u2019altres. D\u2019entre tots ells hem seleccionat Notxa per la qualitat del text, de Maria Eul\u00e0lia Valeri, i de les il\u00b7lustracions, de Fina Rif\u00e0, dues de les professionals de m\u00e9s bella i prol\u00edfica traject\u00f2ria del m\u00f3n de la literatura infantil del nostre pa\u00eds, a qui la col\u00b7lecci\u00f3 MARS ret homenatge amb aquesta publicaci\u00f3.<\/p>\n","protected":false},"featured_media":47863,"comment_status":"open","ping_status":"closed","template":"","meta":{"_et_pb_use_builder":"","_et_pb_old_content":"","_et_gb_content_width":""},"product_cat":[11882,11902,11859,11925],"product_tag":[11860],"edicion":[11865],"editoriales":[12203],"tienda":[],"autor_id":[],"universidades_coeditoras":[],"palabras_clave":[],"listado_alfabetico":[],"acf":[],"_links":{"self":[{"href":"https:\/\/wizardly-davinci.82-223-8-23.plesk.page\/en\/wp-json\/wp\/v2\/product\/53353"}],"collection":[{"href":"https:\/\/wizardly-davinci.82-223-8-23.plesk.page\/en\/wp-json\/wp\/v2\/product"}],"about":[{"href":"https:\/\/wizardly-davinci.82-223-8-23.plesk.page\/en\/wp-json\/wp\/v2\/types\/product"}],"replies":[{"embeddable":true,"href":"https:\/\/wizardly-davinci.82-223-8-23.plesk.page\/en\/wp-json\/wp\/v2\/comments?post=53353"}],"wp:featuredmedia":[{"embeddable":true,"href":"https:\/\/wizardly-davinci.82-223-8-23.plesk.page\/en\/wp-json\/wp\/v2\/media\/47863"}],"wp:attachment":[{"href":"https:\/\/wizardly-davinci.82-223-8-23.plesk.page\/en\/wp-json\/wp\/v2\/media?parent=53353"}],"wp:term":[{"taxonomy":"product_cat","embeddable":true,"href":"https:\/\/wizardly-davinci.82-223-8-23.plesk.page\/en\/wp-json\/wp\/v2\/product_cat?post=53353"},{"taxonomy":"product_tag","embeddable":true,"href":"https:\/\/wizardly-davinci.82-223-8-23.plesk.page\/en\/wp-json\/wp\/v2\/product_tag?post=53353"},{"taxonomy":"edicion","embeddable":true,"href":"https:\/\/wizardly-davinci.82-223-8-23.plesk.page\/en\/wp-json\/wp\/v2\/edicion?post=53353"},{"taxonomy":"editoriales","embeddable":true,"href":"https:\/\/wizardly-davinci.82-223-8-23.plesk.page\/en\/wp-json\/wp\/v2\/editoriales?post=53353"},{"taxonomy":"tienda","embeddable":true,"href":"https:\/\/wizardly-davinci.82-223-8-23.plesk.page\/en\/wp-json\/wp\/v2\/tienda?post=53353"},{"taxonomy":"autor_id","embeddable":true,"href":"https:\/\/wizardly-davinci.82-223-8-23.plesk.page\/en\/wp-json\/wp\/v2\/autor_id?post=53353"},{"taxonomy":"universidades_coeditoras","embeddable":true,"href":"https:\/\/wizardly-davinci.82-223-8-23.plesk.page\/en\/wp-json\/wp\/v2\/universidades_coeditoras?post=53353"},{"taxonomy":"palabras_clave","embeddable":true,"href":"https:\/\/wizardly-davinci.82-223-8-23.plesk.page\/en\/wp-json\/wp\/v2\/palabras_clave?post=53353"},{"taxonomy":"listado_alfabetico","embeddable":true,"href":"https:\/\/wizardly-davinci.82-223-8-23.plesk.page\/en\/wp-json\/wp\/v2\/listado_alfabetico?post=53353"}],"curies":[{"name":"wp","href":"https:\/\/api.w.org\/{rel}","templated":true}]}}