{"id":53356,"date":"2021-09-01T18:30:38","date_gmt":"2021-09-01T16:30:38","guid":{"rendered":"https:\/\/octaedro.com\/libro\/profe-i-nan\/"},"modified":"2023-03-08T12:20:08","modified_gmt":"2023-03-08T11:20:08","slug":"profe-i-nan-2","status":"publish","type":"product","link":"https:\/\/wizardly-davinci.82-223-8-23.plesk.page\/en\/producto\/profe-i-nan-2\/","title":{"rendered":"Profe i nan"},"content":{"rendered":"","protected":false},"excerpt":{"rendered":"<p>L\u2019autor explica de manera valenta i sincera tota la seva vida, des del naixement fins a la vellesa. Parla de la seva escolaritat i del seu rol com a professor, per\u00f2 sobretot del que fa en la seva vida fora de l\u2019escola, en els diversos \u00e0mbits socials. En la narraci\u00f3 de la seva vida detalla com es veu a ell mateix i com el veuen pel fet de ser una persona afectada per una diversitat funcional anomenada acondropl\u00e0sia. El tret fonamental de les persones amb acondropl\u00e0sia \u00e9s que s\u00f3n persones de talla baixa (d\u2019entre 100 i 140 cm). L\u2019autor fa 127 cm d\u2019al\u00e7ada.<\/p>\n<p>Es tracta d\u2019una reflexi\u00f3 i una reivindicaci\u00f3 a favor de l\u2019acceptaci\u00f3 de la difer\u00e8ncia, que l\u2019autor viu amb normalitat i orgull. La biografia personal tamb\u00e9 convoca a fer una nova mirada als projectes col\u00b7lectius a favor de la inclusi\u00f3 social.<\/p>\n","protected":false},"featured_media":47803,"comment_status":"open","ping_status":"closed","template":"","meta":{"_et_pb_use_builder":"","_et_pb_old_content":"","_et_gb_content_width":""},"product_cat":[11858,11859],"product_tag":[11860],"edicion":[11865],"editoriales":[11867],"tienda":[],"autor_id":[19412],"universidades_coeditoras":[],"palabras_clave":[],"listado_alfabetico":[],"acf":[],"_links":{"self":[{"href":"https:\/\/wizardly-davinci.82-223-8-23.plesk.page\/en\/wp-json\/wp\/v2\/product\/53356"}],"collection":[{"href":"https:\/\/wizardly-davinci.82-223-8-23.plesk.page\/en\/wp-json\/wp\/v2\/product"}],"about":[{"href":"https:\/\/wizardly-davinci.82-223-8-23.plesk.page\/en\/wp-json\/wp\/v2\/types\/product"}],"replies":[{"embeddable":true,"href":"https:\/\/wizardly-davinci.82-223-8-23.plesk.page\/en\/wp-json\/wp\/v2\/comments?post=53356"}],"wp:featuredmedia":[{"embeddable":true,"href":"https:\/\/wizardly-davinci.82-223-8-23.plesk.page\/en\/wp-json\/wp\/v2\/media\/47803"}],"wp:attachment":[{"href":"https:\/\/wizardly-davinci.82-223-8-23.plesk.page\/en\/wp-json\/wp\/v2\/media?parent=53356"}],"wp:term":[{"taxonomy":"product_cat","embeddable":true,"href":"https:\/\/wizardly-davinci.82-223-8-23.plesk.page\/en\/wp-json\/wp\/v2\/product_cat?post=53356"},{"taxonomy":"product_tag","embeddable":true,"href":"https:\/\/wizardly-davinci.82-223-8-23.plesk.page\/en\/wp-json\/wp\/v2\/product_tag?post=53356"},{"taxonomy":"edicion","embeddable":true,"href":"https:\/\/wizardly-davinci.82-223-8-23.plesk.page\/en\/wp-json\/wp\/v2\/edicion?post=53356"},{"taxonomy":"editoriales","embeddable":true,"href":"https:\/\/wizardly-davinci.82-223-8-23.plesk.page\/en\/wp-json\/wp\/v2\/editoriales?post=53356"},{"taxonomy":"tienda","embeddable":true,"href":"https:\/\/wizardly-davinci.82-223-8-23.plesk.page\/en\/wp-json\/wp\/v2\/tienda?post=53356"},{"taxonomy":"autor_id","embeddable":true,"href":"https:\/\/wizardly-davinci.82-223-8-23.plesk.page\/en\/wp-json\/wp\/v2\/autor_id?post=53356"},{"taxonomy":"universidades_coeditoras","embeddable":true,"href":"https:\/\/wizardly-davinci.82-223-8-23.plesk.page\/en\/wp-json\/wp\/v2\/universidades_coeditoras?post=53356"},{"taxonomy":"palabras_clave","embeddable":true,"href":"https:\/\/wizardly-davinci.82-223-8-23.plesk.page\/en\/wp-json\/wp\/v2\/palabras_clave?post=53356"},{"taxonomy":"listado_alfabetico","embeddable":true,"href":"https:\/\/wizardly-davinci.82-223-8-23.plesk.page\/en\/wp-json\/wp\/v2\/listado_alfabetico?post=53356"}],"curies":[{"name":"wp","href":"https:\/\/api.w.org\/{rel}","templated":true}]}}