{"id":53357,"date":"2021-09-01T09:33:37","date_gmt":"2021-09-01T07:33:37","guid":{"rendered":"https:\/\/octaedro.com\/libro\/yoga-ser-en-la-escuela\/"},"modified":"2023-03-08T12:20:08","modified_gmt":"2023-03-08T11:20:08","slug":"yoga-ser-en-la-escuela-2","status":"publish","type":"product","link":"https:\/\/wizardly-davinci.82-223-8-23.plesk.page\/en\/producto\/yoga-ser-en-la-escuela-2\/","title":{"rendered":"Yoga, ser en la escuela"},"content":{"rendered":"","protected":false},"excerpt":{"rendered":"<p><em>Yoga, ser en la escuela<\/em> del programa educativo YEL es una gu\u00eda te\u00f3rico-pr\u00e1ctica, l\u00fadica, clara y sencilla de yoga para ni\u00f1os dirigida a educadores y familias. Nace desde la fusi\u00f3n del yoga, el mindfulness, la educaci\u00f3n f\u00edsica y la especializaci\u00f3n deportiva, siendo el fruto de m\u00e1s de quince a\u00f1os de experiencia dedicado a la pr\u00e1ctica del yoga y la atenci\u00f3n plena en centros escolares, en otros entornos educativos y deportivos y en la formaci\u00f3n del docente.<\/p>\n<p>El YEL se divide en cuatro bloques tem\u00e1ticos que incluyen un compromiso-respuesta a una mirada social:<br \/>\n\u2013 Abriendo el coraz\u00f3n (desde el plano emocional)<br \/>\n\u2013 Conciencia corporal y conciencia respiratoria (desde el plano f\u00edsico)<br \/>\n\u2013 Los secretos de la relajaci\u00f3n y la concentraci\u00f3n (desde el plano mental)<br \/>\n\u2013 Amor a la tierra (desde la conciencia medioambiental)<\/p>\n<p>Ofrece una educaci\u00f3n de la salud como proceso hol\u00edstico y sist\u00e9mico, a trav\u00e9s de los siguientes recursos para la pr\u00e1ctica:<br \/>\n\u2013 10 series de yoga y su gu\u00eda de aplicaci\u00f3n pedag\u00f3gica, detallada de principio a fin para poder realizar una clase con \u00e9xito garantizado.<br \/>\n\u2013 Herramientas en el aula para los distintos momentos de la jornada escolar.<br \/>\n\u2013 Mensajes educativos y juegos de atenci\u00f3n para autorregularse en la escuela y en la vida diaria.<br \/>\n\u2013 <em>Mindfulness<\/em> con meditaciones simples adaptadas.<br \/>\n\u2013 Metodolog\u00eda espec\u00edfica, con objetivos progresivos y preguntas de evaluaci\u00f3n.<\/p>\n<p>Esta pr\u00e1ctica experiencial de cuerpo, mente y emoci\u00f3n ayuda a los ni\u00f1os a integrarla en su vida diaria, para encontrar en ellos mismos un lugar de silencio, calma y felicidad. Y como muchos ni\u00f1os nos han expresado:<\/p>\n<p><strong>\u00abMe he sentido libre\u00bb.<\/strong><\/p>\n","protected":false},"featured_media":47793,"comment_status":"open","ping_status":"closed","template":"","meta":{"_et_pb_use_builder":"","_et_pb_old_content":"","_et_gb_content_width":""},"product_cat":[11901,11858,11859],"product_tag":[11860],"edicion":[11865],"editoriales":[11866,11867],"tienda":[],"autor_id":[19416,19415],"universidades_coeditoras":[],"palabras_clave":[],"listado_alfabetico":[],"acf":[],"_links":{"self":[{"href":"https:\/\/wizardly-davinci.82-223-8-23.plesk.page\/en\/wp-json\/wp\/v2\/product\/53357"}],"collection":[{"href":"https:\/\/wizardly-davinci.82-223-8-23.plesk.page\/en\/wp-json\/wp\/v2\/product"}],"about":[{"href":"https:\/\/wizardly-davinci.82-223-8-23.plesk.page\/en\/wp-json\/wp\/v2\/types\/product"}],"replies":[{"embeddable":true,"href":"https:\/\/wizardly-davinci.82-223-8-23.plesk.page\/en\/wp-json\/wp\/v2\/comments?post=53357"}],"wp:featuredmedia":[{"embeddable":true,"href":"https:\/\/wizardly-davinci.82-223-8-23.plesk.page\/en\/wp-json\/wp\/v2\/media\/47793"}],"wp:attachment":[{"href":"https:\/\/wizardly-davinci.82-223-8-23.plesk.page\/en\/wp-json\/wp\/v2\/media?parent=53357"}],"wp:term":[{"taxonomy":"product_cat","embeddable":true,"href":"https:\/\/wizardly-davinci.82-223-8-23.plesk.page\/en\/wp-json\/wp\/v2\/product_cat?post=53357"},{"taxonomy":"product_tag","embeddable":true,"href":"https:\/\/wizardly-davinci.82-223-8-23.plesk.page\/en\/wp-json\/wp\/v2\/product_tag?post=53357"},{"taxonomy":"edicion","embeddable":true,"href":"https:\/\/wizardly-davinci.82-223-8-23.plesk.page\/en\/wp-json\/wp\/v2\/edicion?post=53357"},{"taxonomy":"editoriales","embeddable":true,"href":"https:\/\/wizardly-davinci.82-223-8-23.plesk.page\/en\/wp-json\/wp\/v2\/editoriales?post=53357"},{"taxonomy":"tienda","embeddable":true,"href":"https:\/\/wizardly-davinci.82-223-8-23.plesk.page\/en\/wp-json\/wp\/v2\/tienda?post=53357"},{"taxonomy":"autor_id","embeddable":true,"href":"https:\/\/wizardly-davinci.82-223-8-23.plesk.page\/en\/wp-json\/wp\/v2\/autor_id?post=53357"},{"taxonomy":"universidades_coeditoras","embeddable":true,"href":"https:\/\/wizardly-davinci.82-223-8-23.plesk.page\/en\/wp-json\/wp\/v2\/universidades_coeditoras?post=53357"},{"taxonomy":"palabras_clave","embeddable":true,"href":"https:\/\/wizardly-davinci.82-223-8-23.plesk.page\/en\/wp-json\/wp\/v2\/palabras_clave?post=53357"},{"taxonomy":"listado_alfabetico","embeddable":true,"href":"https:\/\/wizardly-davinci.82-223-8-23.plesk.page\/en\/wp-json\/wp\/v2\/listado_alfabetico?post=53357"}],"curies":[{"name":"wp","href":"https:\/\/api.w.org\/{rel}","templated":true}]}}