{"id":53360,"date":"2021-08-05T10:54:45","date_gmt":"2021-08-05T08:54:45","guid":{"rendered":"https:\/\/octaedro.com\/libro\/literatura-infantil-y-lectura-dialogica\/"},"modified":"2023-03-08T12:20:08","modified_gmt":"2023-03-08T11:20:08","slug":"literatura-infantil-y-lectura-dialogica-2","status":"publish","type":"product","link":"https:\/\/wizardly-davinci.82-223-8-23.plesk.page\/en\/producto\/literatura-infantil-y-lectura-dialogica-2\/","title":{"rendered":"Literatura infantil y lectura dial\u00f3gica"},"content":{"rendered":"","protected":false},"excerpt":{"rendered":"<p>Este libro integra un minucioso trabajo de investigaci\u00f3n vinculado a una dilatada trayectoria profesional en el \u00e1rea de conocimiento de Did\u00e1ctica de la Lengua y la Literatura. En la obra se combina la teor\u00eda, la pr\u00e1ctica, la experimentaci\u00f3n y la investigaci\u00f3n; todo ello se vertebra mediante una l\u00ednea de pensamiento consolidada y basada en la acci\u00f3n comunicativa y en el razonamiento cr\u00edtico aplicado a la mencionada \u00e1rea de conocimiento.<\/p>\n<p>Se trata de una contribuci\u00f3n que puede servir como referente para los educadores interesados en el uso de la literatura infantil en su doble vertiente, esto es, tanto en la dimensi\u00f3n que concierne al esparcimiento como en aquella que tiene que ver con la formaci\u00f3n de personas. La intenci\u00f3n de la obra es marcar una senda de argumentaci\u00f3n basada en la reflexi\u00f3n. Para ello, el texto, adem\u00e1s de hacer un recorrido te\u00f3rico consistente por aquellos conceptos clave de la lectura y la literatura infantil, incluye una serie de estrategias en forma de propuestas pr\u00e1cticas que podr\u00e1n ser consideradas y adaptadas por los educadores de cara a alcanzar el objetivo de hacer posible la comunicaci\u00f3n literaria y el enfoque cr\u00edtico asociado a esta.<\/p>\n","protected":false},"featured_media":47767,"comment_status":"open","ping_status":"closed","template":"","meta":{"_et_pb_use_builder":"","_et_pb_old_content":"","_et_gb_content_width":""},"product_cat":[11899,11859,11912,11907],"product_tag":[11892],"edicion":[12199,11865],"editoriales":[11867],"tienda":[],"autor_id":[12209,19433,14462,12210],"universidades_coeditoras":[14907],"palabras_clave":[],"listado_alfabetico":[],"acf":[],"_links":{"self":[{"href":"https:\/\/wizardly-davinci.82-223-8-23.plesk.page\/en\/wp-json\/wp\/v2\/product\/53360"}],"collection":[{"href":"https:\/\/wizardly-davinci.82-223-8-23.plesk.page\/en\/wp-json\/wp\/v2\/product"}],"about":[{"href":"https:\/\/wizardly-davinci.82-223-8-23.plesk.page\/en\/wp-json\/wp\/v2\/types\/product"}],"replies":[{"embeddable":true,"href":"https:\/\/wizardly-davinci.82-223-8-23.plesk.page\/en\/wp-json\/wp\/v2\/comments?post=53360"}],"wp:featuredmedia":[{"embeddable":true,"href":"https:\/\/wizardly-davinci.82-223-8-23.plesk.page\/en\/wp-json\/wp\/v2\/media\/47767"}],"wp:attachment":[{"href":"https:\/\/wizardly-davinci.82-223-8-23.plesk.page\/en\/wp-json\/wp\/v2\/media?parent=53360"}],"wp:term":[{"taxonomy":"product_cat","embeddable":true,"href":"https:\/\/wizardly-davinci.82-223-8-23.plesk.page\/en\/wp-json\/wp\/v2\/product_cat?post=53360"},{"taxonomy":"product_tag","embeddable":true,"href":"https:\/\/wizardly-davinci.82-223-8-23.plesk.page\/en\/wp-json\/wp\/v2\/product_tag?post=53360"},{"taxonomy":"edicion","embeddable":true,"href":"https:\/\/wizardly-davinci.82-223-8-23.plesk.page\/en\/wp-json\/wp\/v2\/edicion?post=53360"},{"taxonomy":"editoriales","embeddable":true,"href":"https:\/\/wizardly-davinci.82-223-8-23.plesk.page\/en\/wp-json\/wp\/v2\/editoriales?post=53360"},{"taxonomy":"tienda","embeddable":true,"href":"https:\/\/wizardly-davinci.82-223-8-23.plesk.page\/en\/wp-json\/wp\/v2\/tienda?post=53360"},{"taxonomy":"autor_id","embeddable":true,"href":"https:\/\/wizardly-davinci.82-223-8-23.plesk.page\/en\/wp-json\/wp\/v2\/autor_id?post=53360"},{"taxonomy":"universidades_coeditoras","embeddable":true,"href":"https:\/\/wizardly-davinci.82-223-8-23.plesk.page\/en\/wp-json\/wp\/v2\/universidades_coeditoras?post=53360"},{"taxonomy":"palabras_clave","embeddable":true,"href":"https:\/\/wizardly-davinci.82-223-8-23.plesk.page\/en\/wp-json\/wp\/v2\/palabras_clave?post=53360"},{"taxonomy":"listado_alfabetico","embeddable":true,"href":"https:\/\/wizardly-davinci.82-223-8-23.plesk.page\/en\/wp-json\/wp\/v2\/listado_alfabetico?post=53360"}],"curies":[{"name":"wp","href":"https:\/\/api.w.org\/{rel}","templated":true}]}}