{"id":53362,"date":"2021-08-03T22:17:58","date_gmt":"2021-08-03T20:17:58","guid":{"rendered":"https:\/\/octaedro.com\/libro\/reinventando-a-paulo-freire-en-el-siglo-xxi\/"},"modified":"2023-03-08T12:20:08","modified_gmt":"2023-03-08T11:20:08","slug":"reinventando-a-paulo-freire-en-el-siglo-xxi","status":"publish","type":"product","link":"https:\/\/wizardly-davinci.82-223-8-23.plesk.page\/en\/producto\/reinventando-a-paulo-freire-en-el-siglo-xxi\/","title":{"rendered":"Reinventando a Paulo Freire en el siglo XXI"},"content":{"rendered":"","protected":false},"excerpt":{"rendered":"<p>El centenario del nacimiento de Paulo Freire es una oportunidad propicia para recordarlo, reivindicarlo y repensarlo. Para constatar la vigencia de su legado. Esto es lo que se hace en esta obra coral, donde resuenan los ecos de su pensamiento rebelde en el que siempre se asocian la indignaci\u00f3n y la esperanza, la cr\u00edtica y la propuesta.<\/p>\n<p>Su pedagog\u00eda es una apuesta radical por la pr\u00e1ctica de la libertad, por la justicia social y por la emancipaci\u00f3n colectiva. Por un mundo mejor: m\u00e1s amoroso, solidario y humanizado.<\/p>\n<p>&nbsp;<\/p>\n<p>\u00abPaulo Freire dej\u00f3 huellas profundas en muchas personas, como seres humanos y como profesionales de diferentes \u00e1reas. No solo por sus ideas, sino, sobre todo, por su compromiso \u00e9tico-pol\u00edtico. [\u2026] No solo convenci\u00f3 a muchas personas en muchas partes del mundo por sus teor\u00edas y sus pr\u00e1cticas, sino tambi\u00e9n porque despert\u00f3 en ellas la capacidad de so\u00f1ar con una realidad m\u00e1s humana, menos fea y m\u00e1s justa. Como legado nos dej\u00f3 la utop\u00eda.\u00bb<\/p>\n<p>(Fragmento de la Introducci\u00f3n de Moacir Gadotti)<\/p>\n","protected":false},"featured_media":46170,"comment_status":"open","ping_status":"closed","template":"","meta":{"_et_pb_use_builder":"","_et_pb_old_content":"","_et_gb_content_width":""},"product_cat":[11899,11858,11859,11912],"product_tag":[11892],"edicion":[12199,11865],"editoriales":[11867],"tienda":[],"autor_id":[14262,15082,15077,15081],"universidades_coeditoras":[],"palabras_clave":[],"listado_alfabetico":[],"acf":[],"_links":{"self":[{"href":"https:\/\/wizardly-davinci.82-223-8-23.plesk.page\/en\/wp-json\/wp\/v2\/product\/53362"}],"collection":[{"href":"https:\/\/wizardly-davinci.82-223-8-23.plesk.page\/en\/wp-json\/wp\/v2\/product"}],"about":[{"href":"https:\/\/wizardly-davinci.82-223-8-23.plesk.page\/en\/wp-json\/wp\/v2\/types\/product"}],"replies":[{"embeddable":true,"href":"https:\/\/wizardly-davinci.82-223-8-23.plesk.page\/en\/wp-json\/wp\/v2\/comments?post=53362"}],"wp:featuredmedia":[{"embeddable":true,"href":"https:\/\/wizardly-davinci.82-223-8-23.plesk.page\/en\/wp-json\/wp\/v2\/media\/46170"}],"wp:attachment":[{"href":"https:\/\/wizardly-davinci.82-223-8-23.plesk.page\/en\/wp-json\/wp\/v2\/media?parent=53362"}],"wp:term":[{"taxonomy":"product_cat","embeddable":true,"href":"https:\/\/wizardly-davinci.82-223-8-23.plesk.page\/en\/wp-json\/wp\/v2\/product_cat?post=53362"},{"taxonomy":"product_tag","embeddable":true,"href":"https:\/\/wizardly-davinci.82-223-8-23.plesk.page\/en\/wp-json\/wp\/v2\/product_tag?post=53362"},{"taxonomy":"edicion","embeddable":true,"href":"https:\/\/wizardly-davinci.82-223-8-23.plesk.page\/en\/wp-json\/wp\/v2\/edicion?post=53362"},{"taxonomy":"editoriales","embeddable":true,"href":"https:\/\/wizardly-davinci.82-223-8-23.plesk.page\/en\/wp-json\/wp\/v2\/editoriales?post=53362"},{"taxonomy":"tienda","embeddable":true,"href":"https:\/\/wizardly-davinci.82-223-8-23.plesk.page\/en\/wp-json\/wp\/v2\/tienda?post=53362"},{"taxonomy":"autor_id","embeddable":true,"href":"https:\/\/wizardly-davinci.82-223-8-23.plesk.page\/en\/wp-json\/wp\/v2\/autor_id?post=53362"},{"taxonomy":"universidades_coeditoras","embeddable":true,"href":"https:\/\/wizardly-davinci.82-223-8-23.plesk.page\/en\/wp-json\/wp\/v2\/universidades_coeditoras?post=53362"},{"taxonomy":"palabras_clave","embeddable":true,"href":"https:\/\/wizardly-davinci.82-223-8-23.plesk.page\/en\/wp-json\/wp\/v2\/palabras_clave?post=53362"},{"taxonomy":"listado_alfabetico","embeddable":true,"href":"https:\/\/wizardly-davinci.82-223-8-23.plesk.page\/en\/wp-json\/wp\/v2\/listado_alfabetico?post=53362"}],"curies":[{"name":"wp","href":"https:\/\/api.w.org\/{rel}","templated":true}]}}