{"id":53363,"date":"2021-07-16T14:39:16","date_gmt":"2021-07-16T14:39:16","guid":{"rendered":"https:\/\/octaedro.com\/libro\/investigacion-educativa-en-el-aula-perspectivas-de-futuro\/"},"modified":"2023-02-22T13:37:49","modified_gmt":"2023-02-22T12:37:49","slug":"investigacion-educativa-en-el-aula-perspectivas-de-futuro-2","status":"publish","type":"product","link":"https:\/\/wizardly-davinci.82-223-8-23.plesk.page\/en\/producto\/investigacion-educativa-en-el-aula-perspectivas-de-futuro-2\/","title":{"rendered":"Investigaci\u00f3n educativa en el aula: perspectivas de futuro"},"content":{"rendered":"","protected":false},"excerpt":{"rendered":"<p>La gran diversidad de los fen\u00f3menos educativos est\u00e1 planteando nuevos paradigmas en la investigaci\u00f3n educativa. Los hallazgos apuntan a la necesidad de dar mayor peso a las preocupaciones de los docentes cuando se establecen las agendas de investigaci\u00f3n y se asignan los fondos, siendo vital que los docentes vuelvan a tener m\u00e1s oportunidades de reciclarse profesionalmente en relaci\u00f3n con la investigaci\u00f3n. Destaca la educaci\u00f3n multicultural, que tiene como principio reconocer y salvaguardar la diversidad cultural existente en el curriculum. Esta abordando el racismo, la segregaci\u00f3n, la justicia social, la atenci\u00f3n a la diversidad, la inmigraci\u00f3n, la poblaci\u00f3n gitana y los proyectos de desarrollo educativo.<\/p>\n<p>La investigaci\u00f3n sobre g\u00e9nero intenta avanzar sobre las ideas, normas y comportamientos que la sociedad ha establecido para cada sexo, el valor y significado que se les asigna. L\u00edneas de investigaci\u00f3n prioritarias tratan sobre las conexiones entre evaluaci\u00f3n y aprendizaje, la necesidad de focalizar la evaluaci\u00f3n en las competencias, el reconocimiento de las competencias adquiridas fuera del sistema de aprendizaje formal y la creaci\u00f3n de sistemas de evaluaci\u00f3n externos en formaci\u00f3n profesional.<\/p>\n<p>Finalmente, el uso de las TIC y su repercusi\u00f3n sobre el aprendizaje y las competencias educativas suponen nuevos retos en la investigaci\u00f3n educativa. Se estudia c\u00f3mo se aplican, su orientaci\u00f3n pedag\u00f3gica, c\u00f3mo se eval\u00faan y c\u00f3mo mejoran la calidad del proceso de ense\u00f1anza-aprendizaje.<\/p>\n","protected":false},"featured_media":46521,"comment_status":"open","ping_status":"closed","template":"","meta":{"_et_pb_use_builder":"","_et_pb_old_content":"","_et_gb_content_width":""},"product_cat":[11899,11913],"product_tag":[11890],"edicion":[12178],"editoriales":[11867],"tienda":[],"autor_id":[15072,14097,15073,15071],"universidades_coeditoras":[14901],"palabras_clave":[],"listado_alfabetico":[],"acf":[],"_links":{"self":[{"href":"https:\/\/wizardly-davinci.82-223-8-23.plesk.page\/en\/wp-json\/wp\/v2\/product\/53363"}],"collection":[{"href":"https:\/\/wizardly-davinci.82-223-8-23.plesk.page\/en\/wp-json\/wp\/v2\/product"}],"about":[{"href":"https:\/\/wizardly-davinci.82-223-8-23.plesk.page\/en\/wp-json\/wp\/v2\/types\/product"}],"replies":[{"embeddable":true,"href":"https:\/\/wizardly-davinci.82-223-8-23.plesk.page\/en\/wp-json\/wp\/v2\/comments?post=53363"}],"wp:featuredmedia":[{"embeddable":true,"href":"https:\/\/wizardly-davinci.82-223-8-23.plesk.page\/en\/wp-json\/wp\/v2\/media\/46521"}],"wp:attachment":[{"href":"https:\/\/wizardly-davinci.82-223-8-23.plesk.page\/en\/wp-json\/wp\/v2\/media?parent=53363"}],"wp:term":[{"taxonomy":"product_cat","embeddable":true,"href":"https:\/\/wizardly-davinci.82-223-8-23.plesk.page\/en\/wp-json\/wp\/v2\/product_cat?post=53363"},{"taxonomy":"product_tag","embeddable":true,"href":"https:\/\/wizardly-davinci.82-223-8-23.plesk.page\/en\/wp-json\/wp\/v2\/product_tag?post=53363"},{"taxonomy":"edicion","embeddable":true,"href":"https:\/\/wizardly-davinci.82-223-8-23.plesk.page\/en\/wp-json\/wp\/v2\/edicion?post=53363"},{"taxonomy":"editoriales","embeddable":true,"href":"https:\/\/wizardly-davinci.82-223-8-23.plesk.page\/en\/wp-json\/wp\/v2\/editoriales?post=53363"},{"taxonomy":"tienda","embeddable":true,"href":"https:\/\/wizardly-davinci.82-223-8-23.plesk.page\/en\/wp-json\/wp\/v2\/tienda?post=53363"},{"taxonomy":"autor_id","embeddable":true,"href":"https:\/\/wizardly-davinci.82-223-8-23.plesk.page\/en\/wp-json\/wp\/v2\/autor_id?post=53363"},{"taxonomy":"universidades_coeditoras","embeddable":true,"href":"https:\/\/wizardly-davinci.82-223-8-23.plesk.page\/en\/wp-json\/wp\/v2\/universidades_coeditoras?post=53363"},{"taxonomy":"palabras_clave","embeddable":true,"href":"https:\/\/wizardly-davinci.82-223-8-23.plesk.page\/en\/wp-json\/wp\/v2\/palabras_clave?post=53363"},{"taxonomy":"listado_alfabetico","embeddable":true,"href":"https:\/\/wizardly-davinci.82-223-8-23.plesk.page\/en\/wp-json\/wp\/v2\/listado_alfabetico?post=53363"}],"curies":[{"name":"wp","href":"https:\/\/api.w.org\/{rel}","templated":true}]}}