{"id":53364,"date":"2021-08-04T16:39:15","date_gmt":"2021-08-04T14:39:15","guid":{"rendered":"https:\/\/octaedro.com\/libro\/el-profesorado-ante-el-fracaso-escolar-y-el-abandono-educativo\/"},"modified":"2023-03-08T12:20:08","modified_gmt":"2023-03-08T11:20:08","slug":"el-profesorado-ante-el-fracaso-escolar-y-el-abandono-educativo-2","status":"publish","type":"product","link":"https:\/\/wizardly-davinci.82-223-8-23.plesk.page\/en\/producto\/el-profesorado-ante-el-fracaso-escolar-y-el-abandono-educativo-2\/","title":{"rendered":"El profesorado ante el fracaso escolar y el abandono educativo"},"content":{"rendered":"","protected":false},"excerpt":{"rendered":"<p>El fracaso escolar y el abandono educativo es un tema de inter\u00e9s social en el que se encuentran implicados agentes y sistemas diversos en una relaci\u00f3n interseccional que muestra su complejidad. Desde la asunci\u00f3n de este hecho, el libro centra la atenci\u00f3n en el profesorado que asume su parte de implicaci\u00f3n en estos procesos y que revela la necesidad de promover cambios a todos los niveles; tambi\u00e9n insta a la colaboraci\u00f3n del propio colectivo docente, la instituci\u00f3n, las familias y el alumnado, sin dejar fuera al sistema educativo y a la pol\u00edtica educativa. Desde la mirada del profesorado, alcanzada a trav\u00e9s de la investigaci\u00f3n, se pone de manifiesto que la prevenci\u00f3n o la erradicaci\u00f3n del fracaso y del abandono es una responsabilidad compartida que requiere actuaciones conjuntas bajo una \u00e9tica para el bien com\u00fan.<\/p>\n<p>El libro est\u00e1 dirigido a agentes educativos de los diferentes niveles de ense\u00f1anza preocupados por una educaci\u00f3n de calidad basada en la inclusi\u00f3n, la justicia y la equidad.<\/p>\n","protected":false},"featured_media":46532,"comment_status":"open","ping_status":"closed","template":"","meta":{"_et_pb_use_builder":"","_et_pb_old_content":"","_et_gb_content_width":""},"product_cat":[11899,11859,11912,11907],"product_tag":[11892],"edicion":[12199,11865],"editoriales":[11867],"tienda":[],"autor_id":[15066],"universidades_coeditoras":[14897],"palabras_clave":[],"listado_alfabetico":[],"acf":[],"_links":{"self":[{"href":"https:\/\/wizardly-davinci.82-223-8-23.plesk.page\/en\/wp-json\/wp\/v2\/product\/53364"}],"collection":[{"href":"https:\/\/wizardly-davinci.82-223-8-23.plesk.page\/en\/wp-json\/wp\/v2\/product"}],"about":[{"href":"https:\/\/wizardly-davinci.82-223-8-23.plesk.page\/en\/wp-json\/wp\/v2\/types\/product"}],"replies":[{"embeddable":true,"href":"https:\/\/wizardly-davinci.82-223-8-23.plesk.page\/en\/wp-json\/wp\/v2\/comments?post=53364"}],"wp:featuredmedia":[{"embeddable":true,"href":"https:\/\/wizardly-davinci.82-223-8-23.plesk.page\/en\/wp-json\/wp\/v2\/media\/46532"}],"wp:attachment":[{"href":"https:\/\/wizardly-davinci.82-223-8-23.plesk.page\/en\/wp-json\/wp\/v2\/media?parent=53364"}],"wp:term":[{"taxonomy":"product_cat","embeddable":true,"href":"https:\/\/wizardly-davinci.82-223-8-23.plesk.page\/en\/wp-json\/wp\/v2\/product_cat?post=53364"},{"taxonomy":"product_tag","embeddable":true,"href":"https:\/\/wizardly-davinci.82-223-8-23.plesk.page\/en\/wp-json\/wp\/v2\/product_tag?post=53364"},{"taxonomy":"edicion","embeddable":true,"href":"https:\/\/wizardly-davinci.82-223-8-23.plesk.page\/en\/wp-json\/wp\/v2\/edicion?post=53364"},{"taxonomy":"editoriales","embeddable":true,"href":"https:\/\/wizardly-davinci.82-223-8-23.plesk.page\/en\/wp-json\/wp\/v2\/editoriales?post=53364"},{"taxonomy":"tienda","embeddable":true,"href":"https:\/\/wizardly-davinci.82-223-8-23.plesk.page\/en\/wp-json\/wp\/v2\/tienda?post=53364"},{"taxonomy":"autor_id","embeddable":true,"href":"https:\/\/wizardly-davinci.82-223-8-23.plesk.page\/en\/wp-json\/wp\/v2\/autor_id?post=53364"},{"taxonomy":"universidades_coeditoras","embeddable":true,"href":"https:\/\/wizardly-davinci.82-223-8-23.plesk.page\/en\/wp-json\/wp\/v2\/universidades_coeditoras?post=53364"},{"taxonomy":"palabras_clave","embeddable":true,"href":"https:\/\/wizardly-davinci.82-223-8-23.plesk.page\/en\/wp-json\/wp\/v2\/palabras_clave?post=53364"},{"taxonomy":"listado_alfabetico","embeddable":true,"href":"https:\/\/wizardly-davinci.82-223-8-23.plesk.page\/en\/wp-json\/wp\/v2\/listado_alfabetico?post=53364"}],"curies":[{"name":"wp","href":"https:\/\/api.w.org\/{rel}","templated":true}]}}