{"id":53366,"date":"2020-12-01T17:26:43","date_gmt":"2020-12-01T16:26:43","guid":{"rendered":"https:\/\/octaedro.com\/libro\/histories-que-he-viscut\/"},"modified":"2023-03-08T12:20:09","modified_gmt":"2023-03-08T11:20:09","slug":"histories-que-he-viscut-2","status":"publish","type":"product","link":"https:\/\/wizardly-davinci.82-223-8-23.plesk.page\/en\/producto\/histories-que-he-viscut-2\/","title":{"rendered":"Hist\u00f2ries que he viscut"},"content":{"rendered":"","protected":false},"excerpt":{"rendered":"<p>Des de Novetl\u00e8 (la Costera), l\u2019any 1971, fins a Alfafar (Horta Sud), l\u2019any 2012, quaranta-un anys de doc\u00e8ncia expliquen la traject\u00f2ria de la mestra Pilar Tormo Sainz. M\u00e9s de quatre d\u00e8cades d\u2019aut\u00e8ntica vocaci\u00f3, de comprom\u00eds amb l\u2019escola, amb l\u2019educaci\u00f3, amb les criatures, i en paraules de la mateixa autora \u00abno recorde que tinguera mai un sentit de c\u00e0rrega feixuga. A m\u00e9s m\u2019ha mostrat una manera de mirar la realitat sentint-me part d\u2019ella, en una pres\u00e8ncia que m\u2019ha anat transformant a la recerca de sentit per a mi i per als meus alumnes\u00bb. I aix\u00f2 \u00e9s justament el que transmet aquest volum: la transformaci\u00f3 de la tasca de l\u2019autora per trobar respostes a totes aquelles preguntes derivades de la seva inconformitat amb all\u00f2 que es trobava a cada centre. Per tot plegat el llibre esdev\u00e9 un testimoni viu, honest, cr\u00edtic i formador per a tots els lectors que d\u2019una o altra manera estem vinculats al m\u00f3n de<br \/>\nl\u2019educaci\u00f3, on \u00abl\u2019escriptura done fe i mantinga amb honestedat els fils de veritat de les experi\u00e8ncies per on he transitat\u00bb. Sense cap mena de dubte, un llibre necessari de lectura obligat\u00f2ria.<\/p>\n","protected":false},"featured_media":46873,"comment_status":"open","ping_status":"closed","template":"","meta":{"_et_pb_use_builder":"","_et_pb_old_content":"","_et_gb_content_width":""},"product_cat":[11882,11902,11859,11925],"product_tag":[11860],"edicion":[11865],"editoriales":[12203],"tienda":[],"autor_id":[],"universidades_coeditoras":[],"palabras_clave":[],"listado_alfabetico":[],"acf":[],"_links":{"self":[{"href":"https:\/\/wizardly-davinci.82-223-8-23.plesk.page\/en\/wp-json\/wp\/v2\/product\/53366"}],"collection":[{"href":"https:\/\/wizardly-davinci.82-223-8-23.plesk.page\/en\/wp-json\/wp\/v2\/product"}],"about":[{"href":"https:\/\/wizardly-davinci.82-223-8-23.plesk.page\/en\/wp-json\/wp\/v2\/types\/product"}],"replies":[{"embeddable":true,"href":"https:\/\/wizardly-davinci.82-223-8-23.plesk.page\/en\/wp-json\/wp\/v2\/comments?post=53366"}],"wp:featuredmedia":[{"embeddable":true,"href":"https:\/\/wizardly-davinci.82-223-8-23.plesk.page\/en\/wp-json\/wp\/v2\/media\/46873"}],"wp:attachment":[{"href":"https:\/\/wizardly-davinci.82-223-8-23.plesk.page\/en\/wp-json\/wp\/v2\/media?parent=53366"}],"wp:term":[{"taxonomy":"product_cat","embeddable":true,"href":"https:\/\/wizardly-davinci.82-223-8-23.plesk.page\/en\/wp-json\/wp\/v2\/product_cat?post=53366"},{"taxonomy":"product_tag","embeddable":true,"href":"https:\/\/wizardly-davinci.82-223-8-23.plesk.page\/en\/wp-json\/wp\/v2\/product_tag?post=53366"},{"taxonomy":"edicion","embeddable":true,"href":"https:\/\/wizardly-davinci.82-223-8-23.plesk.page\/en\/wp-json\/wp\/v2\/edicion?post=53366"},{"taxonomy":"editoriales","embeddable":true,"href":"https:\/\/wizardly-davinci.82-223-8-23.plesk.page\/en\/wp-json\/wp\/v2\/editoriales?post=53366"},{"taxonomy":"tienda","embeddable":true,"href":"https:\/\/wizardly-davinci.82-223-8-23.plesk.page\/en\/wp-json\/wp\/v2\/tienda?post=53366"},{"taxonomy":"autor_id","embeddable":true,"href":"https:\/\/wizardly-davinci.82-223-8-23.plesk.page\/en\/wp-json\/wp\/v2\/autor_id?post=53366"},{"taxonomy":"universidades_coeditoras","embeddable":true,"href":"https:\/\/wizardly-davinci.82-223-8-23.plesk.page\/en\/wp-json\/wp\/v2\/universidades_coeditoras?post=53366"},{"taxonomy":"palabras_clave","embeddable":true,"href":"https:\/\/wizardly-davinci.82-223-8-23.plesk.page\/en\/wp-json\/wp\/v2\/palabras_clave?post=53366"},{"taxonomy":"listado_alfabetico","embeddable":true,"href":"https:\/\/wizardly-davinci.82-223-8-23.plesk.page\/en\/wp-json\/wp\/v2\/listado_alfabetico?post=53366"}],"curies":[{"name":"wp","href":"https:\/\/api.w.org\/{rel}","templated":true}]}}