{"id":53370,"date":"2021-07-02T15:42:53","date_gmt":"2021-07-02T15:42:53","guid":{"rendered":"https:\/\/octaedro.com\/libro\/innovaciones-metodologicas-en-los-procesos-de-ensenanza-aprendizaje-del-siglo-xxi\/"},"modified":"2023-02-22T13:37:50","modified_gmt":"2023-02-22T12:37:50","slug":"innovaciones-metodologicas-en-los-procesos-de-ensenanza-aprendizaje-del-siglo-xxi-2","status":"publish","type":"product","link":"https:\/\/wizardly-davinci.82-223-8-23.plesk.page\/en\/producto\/innovaciones-metodologicas-en-los-procesos-de-ensenanza-aprendizaje-del-siglo-xxi-2\/","title":{"rendered":"Innovaciones metodol\u00f3gicas en los procesos de ense\u00f1anza-aprendizaje del siglo XXI"},"content":{"rendered":"","protected":false},"excerpt":{"rendered":"<p>Este libro presenta diversas innovaciones educativas en torno a la metodolog\u00eda en los procesos educativos que se llevan a cabo en las aulas de hoy en d\u00eda, haciendo un recorrido por distintas herramientas, m\u00e9todos y modelos de ense\u00f1anza que se adaptan al proceso de ense\u00f1anza y aprendizaje actual, y ofreciendo un amplio espectro de aplicaciones did\u00e1cticas para la ense\u00f1anza de distintos niveles.<\/p>\n<p>El contenido de la obra resulta innovador, tanto para el proceso de ense\u00f1anza como para el de aprendizaje, as\u00ed como para otros procesos asociados a estos dentro del \u00e1mbito did\u00e1ctico. No solo hablamos de metodolog\u00edas o herramientas de car\u00e1cter innovador: tambi\u00e9n lo hacemos de otro tipo de elementos educativos de los cuales se busca la mejor manera de adaptarlos a las posibilidades que se nos ofrecen actualmente. As\u00ed, m\u00e1s all\u00e1 de <em>innovaci\u00f3n<\/em>, hablamos de <em>retroinnovaci\u00f3n<\/em> de algunas herramientas muy \u00fatiles en los procesos educativos.<\/p>\n<p>A todas las metodolog\u00edas que se conocen se les suma en este volumen una buena serie de conocimientos cient\u00edficos adaptados para el establecimiento de nuevos m\u00e9todos educativos de cara a completar el panorama docente. Este libro no es solo una compilaci\u00f3n de trabajos, sino que se aspira a ser un buen manual para el desarrollo de la acci\u00f3n docente desde los niveles educativos m\u00e1s b\u00e1sicos hasta los m\u00e1s avanzados, as\u00ed como a servir de base cient\u00edfica para el estudio e investigaci\u00f3n de diversos campos educativos que conforman el panorama educativo actual.<\/p>\n","protected":false},"featured_media":46208,"comment_status":"open","ping_status":"closed","template":"","meta":{"_et_pb_use_builder":"","_et_pb_old_content":"","_et_gb_content_width":""},"product_cat":[11899,11913],"product_tag":[11890],"edicion":[12178],"editoriales":[11867],"tienda":[],"autor_id":[12591,19449,19448,19450],"universidades_coeditoras":[14901,14911],"palabras_clave":[],"listado_alfabetico":[],"acf":[],"_links":{"self":[{"href":"https:\/\/wizardly-davinci.82-223-8-23.plesk.page\/en\/wp-json\/wp\/v2\/product\/53370"}],"collection":[{"href":"https:\/\/wizardly-davinci.82-223-8-23.plesk.page\/en\/wp-json\/wp\/v2\/product"}],"about":[{"href":"https:\/\/wizardly-davinci.82-223-8-23.plesk.page\/en\/wp-json\/wp\/v2\/types\/product"}],"replies":[{"embeddable":true,"href":"https:\/\/wizardly-davinci.82-223-8-23.plesk.page\/en\/wp-json\/wp\/v2\/comments?post=53370"}],"wp:featuredmedia":[{"embeddable":true,"href":"https:\/\/wizardly-davinci.82-223-8-23.plesk.page\/en\/wp-json\/wp\/v2\/media\/46208"}],"wp:attachment":[{"href":"https:\/\/wizardly-davinci.82-223-8-23.plesk.page\/en\/wp-json\/wp\/v2\/media?parent=53370"}],"wp:term":[{"taxonomy":"product_cat","embeddable":true,"href":"https:\/\/wizardly-davinci.82-223-8-23.plesk.page\/en\/wp-json\/wp\/v2\/product_cat?post=53370"},{"taxonomy":"product_tag","embeddable":true,"href":"https:\/\/wizardly-davinci.82-223-8-23.plesk.page\/en\/wp-json\/wp\/v2\/product_tag?post=53370"},{"taxonomy":"edicion","embeddable":true,"href":"https:\/\/wizardly-davinci.82-223-8-23.plesk.page\/en\/wp-json\/wp\/v2\/edicion?post=53370"},{"taxonomy":"editoriales","embeddable":true,"href":"https:\/\/wizardly-davinci.82-223-8-23.plesk.page\/en\/wp-json\/wp\/v2\/editoriales?post=53370"},{"taxonomy":"tienda","embeddable":true,"href":"https:\/\/wizardly-davinci.82-223-8-23.plesk.page\/en\/wp-json\/wp\/v2\/tienda?post=53370"},{"taxonomy":"autor_id","embeddable":true,"href":"https:\/\/wizardly-davinci.82-223-8-23.plesk.page\/en\/wp-json\/wp\/v2\/autor_id?post=53370"},{"taxonomy":"universidades_coeditoras","embeddable":true,"href":"https:\/\/wizardly-davinci.82-223-8-23.plesk.page\/en\/wp-json\/wp\/v2\/universidades_coeditoras?post=53370"},{"taxonomy":"palabras_clave","embeddable":true,"href":"https:\/\/wizardly-davinci.82-223-8-23.plesk.page\/en\/wp-json\/wp\/v2\/palabras_clave?post=53370"},{"taxonomy":"listado_alfabetico","embeddable":true,"href":"https:\/\/wizardly-davinci.82-223-8-23.plesk.page\/en\/wp-json\/wp\/v2\/listado_alfabetico?post=53370"}],"curies":[{"name":"wp","href":"https:\/\/api.w.org\/{rel}","templated":true}]}}