{"id":53371,"date":"2021-07-02T14:52:39","date_gmt":"2021-07-02T12:52:39","guid":{"rendered":"https:\/\/octaedro.com\/libro\/la-marginalidad-avanzada-para-el-desarrollo-sostenible-de-la-ciudadania-global\/"},"modified":"2023-02-22T13:37:50","modified_gmt":"2023-02-22T12:37:50","slug":"la-marginalidad-avanzada-para-el-desarrollo-sostenible-de-la-ciudadania-global-2","status":"publish","type":"product","link":"https:\/\/wizardly-davinci.82-223-8-23.plesk.page\/en\/producto\/la-marginalidad-avanzada-para-el-desarrollo-sostenible-de-la-ciudadania-global-2\/","title":{"rendered":"La marginalidad avanzada para el desarrollo sostenible de la ciudadan\u00eda global"},"content":{"rendered":"","protected":false},"excerpt":{"rendered":"<p>Hoy, m\u00e1s que nunca, es indispensable reflexionar y enfatizar la necesidad de un cambio en la intervenci\u00f3n social con respecto al desarrollo sostenible de la ciudadan\u00eda global, haciendo hincapi\u00e9 en el crecimiento y el empoderamiento de las personas, orientado a promover la inclusi\u00f3n social y la igualdad de oportunidades, sobre todo en los colectivos en riesgos de exclusi\u00f3n social. Para crear un camino de desarrollo sostenible global auspiciado por los principios de una democracia social, es crucial generar un tejido productivo de actuaci\u00f3n pol\u00edtica contextualizada, priorizando nuevas acciones prosociales de cara a reforzar las vulnerabilidades estructurales presentes a escala global.<\/p>\n<p>La presente obra, guiada por la sensibilidad acad\u00e9mica, profesional y humana de sus autores, pretende ser una peque\u00f1a contribuci\u00f3n en la construcci\u00f3n de un camino de equidad en el bienestar social, elemento clave para la implementaci\u00f3n efectiva de acciones geopol\u00edticas sostenibles y de progreso social contextualizadas en escenarios de intervenci\u00f3n microsocial. Reflexionando sobre las din\u00e1micas y los desaf\u00edos de la globalizaci\u00f3n que afectan el desarrollo humano, se plantea un marco metodol\u00f3gico innovador a fin de observar e investigar los fen\u00f3menos de la marginalidad.<\/p>\n","protected":false},"featured_media":46159,"comment_status":"open","ping_status":"closed","template":"","meta":{"_et_pb_use_builder":"","_et_pb_old_content":"","_et_gb_content_width":""},"product_cat":[11899,11913],"product_tag":[11890],"edicion":[12178],"editoriales":[11867],"tienda":[],"autor_id":[14382,12387,19453,12311],"universidades_coeditoras":[12312],"palabras_clave":[],"listado_alfabetico":[],"acf":[],"_links":{"self":[{"href":"https:\/\/wizardly-davinci.82-223-8-23.plesk.page\/en\/wp-json\/wp\/v2\/product\/53371"}],"collection":[{"href":"https:\/\/wizardly-davinci.82-223-8-23.plesk.page\/en\/wp-json\/wp\/v2\/product"}],"about":[{"href":"https:\/\/wizardly-davinci.82-223-8-23.plesk.page\/en\/wp-json\/wp\/v2\/types\/product"}],"replies":[{"embeddable":true,"href":"https:\/\/wizardly-davinci.82-223-8-23.plesk.page\/en\/wp-json\/wp\/v2\/comments?post=53371"}],"wp:featuredmedia":[{"embeddable":true,"href":"https:\/\/wizardly-davinci.82-223-8-23.plesk.page\/en\/wp-json\/wp\/v2\/media\/46159"}],"wp:attachment":[{"href":"https:\/\/wizardly-davinci.82-223-8-23.plesk.page\/en\/wp-json\/wp\/v2\/media?parent=53371"}],"wp:term":[{"taxonomy":"product_cat","embeddable":true,"href":"https:\/\/wizardly-davinci.82-223-8-23.plesk.page\/en\/wp-json\/wp\/v2\/product_cat?post=53371"},{"taxonomy":"product_tag","embeddable":true,"href":"https:\/\/wizardly-davinci.82-223-8-23.plesk.page\/en\/wp-json\/wp\/v2\/product_tag?post=53371"},{"taxonomy":"edicion","embeddable":true,"href":"https:\/\/wizardly-davinci.82-223-8-23.plesk.page\/en\/wp-json\/wp\/v2\/edicion?post=53371"},{"taxonomy":"editoriales","embeddable":true,"href":"https:\/\/wizardly-davinci.82-223-8-23.plesk.page\/en\/wp-json\/wp\/v2\/editoriales?post=53371"},{"taxonomy":"tienda","embeddable":true,"href":"https:\/\/wizardly-davinci.82-223-8-23.plesk.page\/en\/wp-json\/wp\/v2\/tienda?post=53371"},{"taxonomy":"autor_id","embeddable":true,"href":"https:\/\/wizardly-davinci.82-223-8-23.plesk.page\/en\/wp-json\/wp\/v2\/autor_id?post=53371"},{"taxonomy":"universidades_coeditoras","embeddable":true,"href":"https:\/\/wizardly-davinci.82-223-8-23.plesk.page\/en\/wp-json\/wp\/v2\/universidades_coeditoras?post=53371"},{"taxonomy":"palabras_clave","embeddable":true,"href":"https:\/\/wizardly-davinci.82-223-8-23.plesk.page\/en\/wp-json\/wp\/v2\/palabras_clave?post=53371"},{"taxonomy":"listado_alfabetico","embeddable":true,"href":"https:\/\/wizardly-davinci.82-223-8-23.plesk.page\/en\/wp-json\/wp\/v2\/listado_alfabetico?post=53371"}],"curies":[{"name":"wp","href":"https:\/\/api.w.org\/{rel}","templated":true}]}}