{"id":53372,"date":"2021-08-04T16:37:57","date_gmt":"2021-08-04T14:37:57","guid":{"rendered":"https:\/\/octaedro.com\/libro\/escenarios-inclusivos-en-la-respuesta-a-la-diversidad\/"},"modified":"2023-03-08T12:20:09","modified_gmt":"2023-03-08T11:20:09","slug":"escenarios-inclusivos-en-la-respuesta-a-la-diversidad-2","status":"publish","type":"product","link":"https:\/\/wizardly-davinci.82-223-8-23.plesk.page\/en\/producto\/escenarios-inclusivos-en-la-respuesta-a-la-diversidad-2\/","title":{"rendered":"Escenarios inclusivos en la respuesta a la diversidad"},"content":{"rendered":"","protected":false},"excerpt":{"rendered":"<p>Hablar de <em>inclusi\u00f3n<\/em> como respuesta a la diversidad en un siglo XXI que ya tiene un recorrido temporal relevante, y tras varias d\u00e9cadas desde la irrupci\u00f3n, y hasta explosi\u00f3n, conceptual del t\u00e9rmino, puede plantear al lector, en un primer momento, una especie de <em>deja vu<\/em>. Pero los autores de esta obra entendemos que no es as\u00ed.<\/p>\n<p>Los constructos, los paradigmas, sobre todo los que se configuran en contextos sociales y educativos, a menudo emergen o se generan en un marco mental de pensamiento en el cual predomina lo axiol\u00f3gico y lo que sus propulsores piensan que <em>debe ser<\/em>, con una importante \u00abfisura\u00bb, positiva y deliberadamente proactiva y dial\u00e9ctica, con el <em>poder ser<\/em>; en definitiva, con la realidad que deber\u00eda ser impregnada por los diferentes profesionales de la intervenci\u00f3n social y educativa en los diferentes meso- y microsistemas sociales y educativos.<\/p>\n<p>As\u00ed, el colectivo de autores que hemos elaborado esta obra, de perfiles diversos pero que compartimos el compromiso con la inclusi\u00f3n como un principio vivo y actual, y como vector esencial para lograr una respuesta educativa y social cada vez con cotas m\u00e1s altas de equidad y justicia, revisamos la situaci\u00f3n actual del proyecto inclusivo en diferentes escenarios. En su conjunto, se expone una fotograf\u00eda a modo de mosaico de c\u00f3mo se est\u00e1 recorriendo dicha distancia, inicialmente \u00abfractura\u00bb, entre lo deseado y axiol\u00f3gico, entre lo posible y pragm\u00e1tico. Pretendemos contribuir a este desaf\u00edo de avanzar en la inclusi\u00f3n como respuesta a la diversidad; un reto de largo recorrido en el que es preciso un continuo an\u00e1lisis e impulso para una renovaci\u00f3n constante del compromiso inclusivo.<\/p>\n","protected":false},"featured_media":46151,"comment_status":"open","ping_status":"closed","template":"","meta":{"_et_pb_use_builder":"","_et_pb_old_content":"","_et_gb_content_width":""},"product_cat":[11899,11859,11912],"product_tag":[11892],"edicion":[12199,11865],"editoriales":[11867],"tienda":[],"autor_id":[19443,19455,19442],"universidades_coeditoras":[12404],"palabras_clave":[],"listado_alfabetico":[],"acf":[],"_links":{"self":[{"href":"https:\/\/wizardly-davinci.82-223-8-23.plesk.page\/en\/wp-json\/wp\/v2\/product\/53372"}],"collection":[{"href":"https:\/\/wizardly-davinci.82-223-8-23.plesk.page\/en\/wp-json\/wp\/v2\/product"}],"about":[{"href":"https:\/\/wizardly-davinci.82-223-8-23.plesk.page\/en\/wp-json\/wp\/v2\/types\/product"}],"replies":[{"embeddable":true,"href":"https:\/\/wizardly-davinci.82-223-8-23.plesk.page\/en\/wp-json\/wp\/v2\/comments?post=53372"}],"wp:featuredmedia":[{"embeddable":true,"href":"https:\/\/wizardly-davinci.82-223-8-23.plesk.page\/en\/wp-json\/wp\/v2\/media\/46151"}],"wp:attachment":[{"href":"https:\/\/wizardly-davinci.82-223-8-23.plesk.page\/en\/wp-json\/wp\/v2\/media?parent=53372"}],"wp:term":[{"taxonomy":"product_cat","embeddable":true,"href":"https:\/\/wizardly-davinci.82-223-8-23.plesk.page\/en\/wp-json\/wp\/v2\/product_cat?post=53372"},{"taxonomy":"product_tag","embeddable":true,"href":"https:\/\/wizardly-davinci.82-223-8-23.plesk.page\/en\/wp-json\/wp\/v2\/product_tag?post=53372"},{"taxonomy":"edicion","embeddable":true,"href":"https:\/\/wizardly-davinci.82-223-8-23.plesk.page\/en\/wp-json\/wp\/v2\/edicion?post=53372"},{"taxonomy":"editoriales","embeddable":true,"href":"https:\/\/wizardly-davinci.82-223-8-23.plesk.page\/en\/wp-json\/wp\/v2\/editoriales?post=53372"},{"taxonomy":"tienda","embeddable":true,"href":"https:\/\/wizardly-davinci.82-223-8-23.plesk.page\/en\/wp-json\/wp\/v2\/tienda?post=53372"},{"taxonomy":"autor_id","embeddable":true,"href":"https:\/\/wizardly-davinci.82-223-8-23.plesk.page\/en\/wp-json\/wp\/v2\/autor_id?post=53372"},{"taxonomy":"universidades_coeditoras","embeddable":true,"href":"https:\/\/wizardly-davinci.82-223-8-23.plesk.page\/en\/wp-json\/wp\/v2\/universidades_coeditoras?post=53372"},{"taxonomy":"palabras_clave","embeddable":true,"href":"https:\/\/wizardly-davinci.82-223-8-23.plesk.page\/en\/wp-json\/wp\/v2\/palabras_clave?post=53372"},{"taxonomy":"listado_alfabetico","embeddable":true,"href":"https:\/\/wizardly-davinci.82-223-8-23.plesk.page\/en\/wp-json\/wp\/v2\/listado_alfabetico?post=53372"}],"curies":[{"name":"wp","href":"https:\/\/api.w.org\/{rel}","templated":true}]}}