{"id":53373,"date":"2021-06-18T15:43:59","date_gmt":"2021-06-18T13:43:59","guid":{"rendered":"https:\/\/octaedro.com\/libro\/estudios-del-lexico-en-el-ambito-universitario-del-siglo-xxi\/"},"modified":"2023-03-08T12:20:09","modified_gmt":"2023-03-08T11:20:09","slug":"estudios-del-lexico-en-el-ambito-universitario-del-siglo-xxi-2","status":"publish","type":"product","link":"https:\/\/wizardly-davinci.82-223-8-23.plesk.page\/en\/producto\/estudios-del-lexico-en-el-ambito-universitario-del-siglo-xxi-2\/","title":{"rendered":"Estudios del l\u00e9xico en el \u00e1mbito universitario del siglo XXI"},"content":{"rendered":"","protected":false},"excerpt":{"rendered":"<p>La universidad hoy debe pretender una informaci\u00f3n y formaci\u00f3n integral, que toque todas y cada una de las dimensiones humanas (cognitiva, comunicativa, social, cultural, pol\u00edtica, pero tambi\u00e9n \u00e9tica, espiritual, afectiva y est\u00e9tica). Desde esta perspectiva paradigm\u00e1tica de acci\u00f3n social y visi\u00f3n global sobre la construcci\u00f3n del conocimiento, este libro publica una tarea de transmisi\u00f3n del conocimiento entendida como tarea colectiva, en la cual los autores aparecen como aglutinadores y formalizadores del discurso cient\u00edfico acad\u00e9mico.<\/p>\n<p>El eje vertebrador de la obra se centra en la ense\u00f1anza-aprendizaje de la lengua espa\u00f1ola y, muy especialmente, en los estudios descriptivos sobre el l\u00e9xico espa\u00f1ol, como forma de aproximaci\u00f3n sociohist\u00f3rica. Una recreaci\u00f3n cient\u00edfico-did\u00e1ctica dise\u00f1ada en seis narraciones construidas desde la racionalidad investigadora y el an\u00e1lisis del l\u00e9xico espa\u00f1ol. Las disciplinas que aportan los modos de descripci\u00f3n y el conjunto de reglas para ver el comportamiento del l\u00e9xico son, sobre todo, la lexicolog\u00eda, la lexicograf\u00eda y la terminolog\u00eda: estudios cualitativos sobre el l\u00e9xico social; l\u00e9xico hist\u00f3rico de gastronom\u00eda; americanizaci\u00f3n l\u00e9xica del espa\u00f1ol, el caso de Nicaragua; secuencias formulaicas y su tratamiento en el espacio de ELE; y la funci\u00f3n del diccionario en el aula, una herramienta para el aprendizaje del l\u00e9xico, sus potencialidades y sus debilidades, el control de una pr\u00e1ctica y la organizaci\u00f3n estrat\u00e9gica de su uso en las aulas de aprendizaje l\u00e9xico. Al cabo, se trata de obra de provecho desde la universidad y para la universidad, para el especialista y\/o los reci\u00e9n iniciados en los estudios cient\u00edficos y did\u00e1cticos sobre el l\u00e9xico.<\/p>\n","protected":false},"featured_media":45939,"comment_status":"open","ping_status":"closed","template":"","meta":{"_et_pb_use_builder":"","_et_pb_old_content":"","_et_gb_content_width":""},"product_cat":[11899,11859,11907],"product_tag":[11892],"edicion":[12199,11865],"editoriales":[11867],"tienda":[],"autor_id":[12325,12326],"universidades_coeditoras":[12327],"palabras_clave":[],"listado_alfabetico":[],"acf":[],"_links":{"self":[{"href":"https:\/\/wizardly-davinci.82-223-8-23.plesk.page\/en\/wp-json\/wp\/v2\/product\/53373"}],"collection":[{"href":"https:\/\/wizardly-davinci.82-223-8-23.plesk.page\/en\/wp-json\/wp\/v2\/product"}],"about":[{"href":"https:\/\/wizardly-davinci.82-223-8-23.plesk.page\/en\/wp-json\/wp\/v2\/types\/product"}],"replies":[{"embeddable":true,"href":"https:\/\/wizardly-davinci.82-223-8-23.plesk.page\/en\/wp-json\/wp\/v2\/comments?post=53373"}],"wp:featuredmedia":[{"embeddable":true,"href":"https:\/\/wizardly-davinci.82-223-8-23.plesk.page\/en\/wp-json\/wp\/v2\/media\/45939"}],"wp:attachment":[{"href":"https:\/\/wizardly-davinci.82-223-8-23.plesk.page\/en\/wp-json\/wp\/v2\/media?parent=53373"}],"wp:term":[{"taxonomy":"product_cat","embeddable":true,"href":"https:\/\/wizardly-davinci.82-223-8-23.plesk.page\/en\/wp-json\/wp\/v2\/product_cat?post=53373"},{"taxonomy":"product_tag","embeddable":true,"href":"https:\/\/wizardly-davinci.82-223-8-23.plesk.page\/en\/wp-json\/wp\/v2\/product_tag?post=53373"},{"taxonomy":"edicion","embeddable":true,"href":"https:\/\/wizardly-davinci.82-223-8-23.plesk.page\/en\/wp-json\/wp\/v2\/edicion?post=53373"},{"taxonomy":"editoriales","embeddable":true,"href":"https:\/\/wizardly-davinci.82-223-8-23.plesk.page\/en\/wp-json\/wp\/v2\/editoriales?post=53373"},{"taxonomy":"tienda","embeddable":true,"href":"https:\/\/wizardly-davinci.82-223-8-23.plesk.page\/en\/wp-json\/wp\/v2\/tienda?post=53373"},{"taxonomy":"autor_id","embeddable":true,"href":"https:\/\/wizardly-davinci.82-223-8-23.plesk.page\/en\/wp-json\/wp\/v2\/autor_id?post=53373"},{"taxonomy":"universidades_coeditoras","embeddable":true,"href":"https:\/\/wizardly-davinci.82-223-8-23.plesk.page\/en\/wp-json\/wp\/v2\/universidades_coeditoras?post=53373"},{"taxonomy":"palabras_clave","embeddable":true,"href":"https:\/\/wizardly-davinci.82-223-8-23.plesk.page\/en\/wp-json\/wp\/v2\/palabras_clave?post=53373"},{"taxonomy":"listado_alfabetico","embeddable":true,"href":"https:\/\/wizardly-davinci.82-223-8-23.plesk.page\/en\/wp-json\/wp\/v2\/listado_alfabetico?post=53373"}],"curies":[{"name":"wp","href":"https:\/\/api.w.org\/{rel}","templated":true}]}}