{"id":53374,"date":"2021-06-17T15:45:41","date_gmt":"2021-06-17T13:45:41","guid":{"rendered":"https:\/\/octaedro.com\/libro\/innovacion-universitaria-y-creatividad-para-la-mejora-sostenible-de-ecologias-emocionales-de-aprendizaje\/"},"modified":"2023-02-22T13:37:50","modified_gmt":"2023-02-22T12:37:50","slug":"innovacion-universitaria-y-creatividad-para-la-mejora-sostenible-de-ecologias-emocionales-de-aprendizaje-2","status":"publish","type":"product","link":"https:\/\/wizardly-davinci.82-223-8-23.plesk.page\/en\/producto\/innovacion-universitaria-y-creatividad-para-la-mejora-sostenible-de-ecologias-emocionales-de-aprendizaje-2\/","title":{"rendered":"Innovaci\u00f3n universitaria y creatividad para la mejora sostenible de ecolog\u00edas emocionales de aprendizaje"},"content":{"rendered":"","protected":false},"excerpt":{"rendered":"<p>El proceso de ense\u00f1anza y aprendizaje se ha adaptado a los sucesivos cambios metodol\u00f3gicos y tecnol\u00f3gicos. El sector de la educaci\u00f3n se enfrenta a la necesidad de adecuarse a las transformaciones a fin de desarrollar en los estudiantes las competencias y habilidades indispensables para encarar su futuro profesional. Las posibilidades did\u00e1cticas que ofrecen las nuevas tecnolog\u00edas a los contextos educativos como recurso creativo las convierten en una herramienta con un enorme potencial.<\/p>\n<p>En relaci\u00f3n con el t\u00e9rmino <em>creatividad<\/em>, surge el de <em>espacio educativo creativo<\/em>, referido a aquel capaz de desarrollar la esencia de cada individuo, sin el temor que supone el desempe\u00f1o acad\u00e9mico como finalidad \u00fanica del aprendizaje. As\u00ed, es crucial entender la ense\u00f1anza del pensamiento creativo como \u00e1mbito general de la educaci\u00f3n universitaria. En este contexto, la universidad se vincula con la innovaci\u00f3n, la imaginaci\u00f3n y la sostenibilidad, de modo que el impacto de la creatividad emocional en el nivel acad\u00e9mico tendr\u00e1 una relevancia fundamental.<\/p>\n","protected":false},"featured_media":45918,"comment_status":"open","ping_status":"closed","template":"","meta":{"_et_pb_use_builder":"","_et_pb_old_content":"","_et_gb_content_width":""},"product_cat":[11899,11913],"product_tag":[11890],"edicion":[12178],"editoriales":[11867],"tienda":[],"autor_id":[19458,19456,12593,12594],"universidades_coeditoras":[12404,12312],"palabras_clave":[],"listado_alfabetico":[],"acf":[],"_links":{"self":[{"href":"https:\/\/wizardly-davinci.82-223-8-23.plesk.page\/en\/wp-json\/wp\/v2\/product\/53374"}],"collection":[{"href":"https:\/\/wizardly-davinci.82-223-8-23.plesk.page\/en\/wp-json\/wp\/v2\/product"}],"about":[{"href":"https:\/\/wizardly-davinci.82-223-8-23.plesk.page\/en\/wp-json\/wp\/v2\/types\/product"}],"replies":[{"embeddable":true,"href":"https:\/\/wizardly-davinci.82-223-8-23.plesk.page\/en\/wp-json\/wp\/v2\/comments?post=53374"}],"wp:featuredmedia":[{"embeddable":true,"href":"https:\/\/wizardly-davinci.82-223-8-23.plesk.page\/en\/wp-json\/wp\/v2\/media\/45918"}],"wp:attachment":[{"href":"https:\/\/wizardly-davinci.82-223-8-23.plesk.page\/en\/wp-json\/wp\/v2\/media?parent=53374"}],"wp:term":[{"taxonomy":"product_cat","embeddable":true,"href":"https:\/\/wizardly-davinci.82-223-8-23.plesk.page\/en\/wp-json\/wp\/v2\/product_cat?post=53374"},{"taxonomy":"product_tag","embeddable":true,"href":"https:\/\/wizardly-davinci.82-223-8-23.plesk.page\/en\/wp-json\/wp\/v2\/product_tag?post=53374"},{"taxonomy":"edicion","embeddable":true,"href":"https:\/\/wizardly-davinci.82-223-8-23.plesk.page\/en\/wp-json\/wp\/v2\/edicion?post=53374"},{"taxonomy":"editoriales","embeddable":true,"href":"https:\/\/wizardly-davinci.82-223-8-23.plesk.page\/en\/wp-json\/wp\/v2\/editoriales?post=53374"},{"taxonomy":"tienda","embeddable":true,"href":"https:\/\/wizardly-davinci.82-223-8-23.plesk.page\/en\/wp-json\/wp\/v2\/tienda?post=53374"},{"taxonomy":"autor_id","embeddable":true,"href":"https:\/\/wizardly-davinci.82-223-8-23.plesk.page\/en\/wp-json\/wp\/v2\/autor_id?post=53374"},{"taxonomy":"universidades_coeditoras","embeddable":true,"href":"https:\/\/wizardly-davinci.82-223-8-23.plesk.page\/en\/wp-json\/wp\/v2\/universidades_coeditoras?post=53374"},{"taxonomy":"palabras_clave","embeddable":true,"href":"https:\/\/wizardly-davinci.82-223-8-23.plesk.page\/en\/wp-json\/wp\/v2\/palabras_clave?post=53374"},{"taxonomy":"listado_alfabetico","embeddable":true,"href":"https:\/\/wizardly-davinci.82-223-8-23.plesk.page\/en\/wp-json\/wp\/v2\/listado_alfabetico?post=53374"}],"curies":[{"name":"wp","href":"https:\/\/api.w.org\/{rel}","templated":true}]}}