{"id":53377,"date":"2020-12-03T17:33:09","date_gmt":"2020-12-03T16:33:09","guid":{"rendered":"https:\/\/octaedro.com\/libro\/primeros-numeros-y-primeras-operaciones\/"},"modified":"2023-03-08T12:20:09","modified_gmt":"2023-03-08T11:20:09","slug":"primeros-numeros-y-primeras-operaciones-2-2","status":"publish","type":"product","link":"https:\/\/wizardly-davinci.82-223-8-23.plesk.page\/en\/producto\/primeros-numeros-y-primeras-operaciones-2-2\/","title":{"rendered":"Primeros n\u00fameros y primeras operaciones"},"content":{"rendered":"<p>En este dosier presentamos los materiales necesarios para potenciar la capacitaci\u00f3n num\u00e9rica propia de las primeras edades: infantil y primer curso de primaria. Esta capacitaci\u00f3n consiste, principalmente, en la progresiva construcci\u00f3n de la noci\u00f3n de cantidad y en la entrada en el campo de las primeras operaciones.<br \/>\nAunque las situaciones y actividades que les propondremos deber\u00e1n resultarles cercanas y l\u00fadicas, al mismo tiempo deber\u00e1n ser serias, y los peque\u00f1os tendr\u00e1n que resolverlas de manera aut\u00f3noma. Acompa\u00f1\u00e1ndoles, les pediremos que expliquen lo que han hecho y lo que han visto, a fin de que vayan aprendiendo a pensar y expresarse con criterios basados en razones l\u00f3gicas, y no s\u00f3lo en la acci\u00f3n de contar y en unas rutinas mec\u00e1nicas.<br \/>\nPracticar todo esto e ir asimil\u00e1ndolo para construir el propio saber matem\u00e1tico supone un proceso largo y personal que cada una har\u00e1 seg\u00fan su ritmo de maduraci\u00f3n, que en la escuela hay que fomentar y al mismo tiempo respetar.<\/p>\n","protected":false},"excerpt":{"rendered":"<p>En este dosier presentamos los materiales necesarios para potenciar la capacitaci\u00f3n num\u00e9rica propia de las primeras edades: infantil y primer curso de primaria. Esta capacitaci\u00f3n consiste, principalmente, en la progresiva construcci\u00f3n de la noci\u00f3n de cantidad y en la entrada en el campo de las primeras operaciones.<br \/>\nAunque las situaciones y actividades que les propondremos deber\u00e1n resultarles cercanas y l\u00fadicas, al mismo tiempo deber\u00e1n ser serias, y los peque\u00f1os tendr\u00e1n que resolverlas de manera aut\u00f3noma. Acompa\u00f1\u00e1ndoles, les pediremos que expliquen lo que han hecho y lo que han visto, a fin de que vayan aprendiendo a pensar y expresarse con criterios basados en razones l\u00f3gicas, y no s\u00f3lo en la acci\u00f3n de contar y en unas rutinas mec\u00e1nicas.<br \/>\nPracticar todo esto e ir asimil\u00e1ndolo para construir el propio saber matem\u00e1tico supone un proceso largo y personal que cada una har\u00e1 seg\u00fan su ritmo de maduraci\u00f3n, que en la escuela hay que fomentar y al mismo tiempo respetar.<\/p>\n","protected":false},"featured_media":52842,"comment_status":"open","ping_status":"closed","template":"","meta":{"_et_pb_use_builder":"","_et_pb_old_content":"","_et_gb_content_width":""},"product_cat":[11858,11859,11877],"product_tag":[11860],"edicion":[11865],"editoriales":[11867,12203],"tienda":[],"autor_id":[12429],"universidades_coeditoras":[],"palabras_clave":[],"listado_alfabetico":[],"acf":[],"_links":{"self":[{"href":"https:\/\/wizardly-davinci.82-223-8-23.plesk.page\/en\/wp-json\/wp\/v2\/product\/53377"}],"collection":[{"href":"https:\/\/wizardly-davinci.82-223-8-23.plesk.page\/en\/wp-json\/wp\/v2\/product"}],"about":[{"href":"https:\/\/wizardly-davinci.82-223-8-23.plesk.page\/en\/wp-json\/wp\/v2\/types\/product"}],"replies":[{"embeddable":true,"href":"https:\/\/wizardly-davinci.82-223-8-23.plesk.page\/en\/wp-json\/wp\/v2\/comments?post=53377"}],"wp:featuredmedia":[{"embeddable":true,"href":"https:\/\/wizardly-davinci.82-223-8-23.plesk.page\/en\/wp-json\/wp\/v2\/media\/52842"}],"wp:attachment":[{"href":"https:\/\/wizardly-davinci.82-223-8-23.plesk.page\/en\/wp-json\/wp\/v2\/media?parent=53377"}],"wp:term":[{"taxonomy":"product_cat","embeddable":true,"href":"https:\/\/wizardly-davinci.82-223-8-23.plesk.page\/en\/wp-json\/wp\/v2\/product_cat?post=53377"},{"taxonomy":"product_tag","embeddable":true,"href":"https:\/\/wizardly-davinci.82-223-8-23.plesk.page\/en\/wp-json\/wp\/v2\/product_tag?post=53377"},{"taxonomy":"edicion","embeddable":true,"href":"https:\/\/wizardly-davinci.82-223-8-23.plesk.page\/en\/wp-json\/wp\/v2\/edicion?post=53377"},{"taxonomy":"editoriales","embeddable":true,"href":"https:\/\/wizardly-davinci.82-223-8-23.plesk.page\/en\/wp-json\/wp\/v2\/editoriales?post=53377"},{"taxonomy":"tienda","embeddable":true,"href":"https:\/\/wizardly-davinci.82-223-8-23.plesk.page\/en\/wp-json\/wp\/v2\/tienda?post=53377"},{"taxonomy":"autor_id","embeddable":true,"href":"https:\/\/wizardly-davinci.82-223-8-23.plesk.page\/en\/wp-json\/wp\/v2\/autor_id?post=53377"},{"taxonomy":"universidades_coeditoras","embeddable":true,"href":"https:\/\/wizardly-davinci.82-223-8-23.plesk.page\/en\/wp-json\/wp\/v2\/universidades_coeditoras?post=53377"},{"taxonomy":"palabras_clave","embeddable":true,"href":"https:\/\/wizardly-davinci.82-223-8-23.plesk.page\/en\/wp-json\/wp\/v2\/palabras_clave?post=53377"},{"taxonomy":"listado_alfabetico","embeddable":true,"href":"https:\/\/wizardly-davinci.82-223-8-23.plesk.page\/en\/wp-json\/wp\/v2\/listado_alfabetico?post=53377"}],"curies":[{"name":"wp","href":"https:\/\/api.w.org\/{rel}","templated":true}]}}