{"id":53383,"date":"2020-12-17T16:59:13","date_gmt":"2020-12-17T16:59:13","guid":{"rendered":"https:\/\/octaedro.com\/libro\/agintzari\/"},"modified":"2023-02-22T13:37:55","modified_gmt":"2023-02-22T12:37:55","slug":"agintzari-2","status":"publish","type":"product","link":"https:\/\/wizardly-davinci.82-223-8-23.plesk.page\/en\/producto\/agintzari-2\/","title":{"rendered":"Agintzari"},"content":{"rendered":"","protected":false},"excerpt":{"rendered":"<p style=\"text-align: justify;\">A finales de los a\u00f1os setenta, lleg\u00f3 a Bilbao Miguel \u00c1ngel Rem\u00edrez con varios ni\u00f1os que, por diversas razones, no pod\u00edan vivir con sus familias. Con ellos puso en marcha el primer hogar funcional de Bizkaia. Rem\u00edrez ofrec\u00eda un ambiente de convivencia familiar. Su propuesta era radicalmente diferente a la pol\u00edtica de internamiento y aislamiento en centros masificados que aplicaba por aquel entonces la Administraci\u00f3n. A partir de ah\u00ed, surgi\u00f3 el colectivo Agin-tzari, que abri\u00f3 una red de hogares funcionales en torno al Gran Bilbao. Pronto se convirti\u00f3 en asociaci\u00f3n y a\u00f1os m\u00e1s tarde pas\u00f3 a ser una cooperativa que impuls\u00f3 el desarrollo de las cooperativas de iniciativa social (CIS) en Euskadi. En la actualidad trabajan en Agintzari m\u00e1s de 600 profesionales, que cada a\u00f1o atienden, junto a Zabalduz (otra CIS creada por Agintzari), a 29.000 personas. Por tanto, estamos ante un importante agente social y econ\u00f3mico del Pa\u00eds Vasco.<br \/>\nEste trabajo recoge el dilatado recorrido hist\u00f3rico realizado por la entidad en estas cuatro d\u00e9cadas dentro del contexto de construcci\u00f3n del entramado administrativo e institucional de Euskadi, as\u00ed como los retos de futuro a los que se enfrenta. A trav\u00e9s de este an\u00e1lisis se puede observar c\u00f3mo han evolucionado la sociedad vasca y sus necesidades, adem\u00e1s de la intervenci\u00f3n socioeducativa y la figura profesional del educador social.<\/p>\n<p>&nbsp;<\/p>\n","protected":false},"featured_media":52761,"comment_status":"open","ping_status":"closed","template":"","meta":{"_et_pb_use_builder":"","_et_pb_old_content":"","_et_gb_content_width":""},"product_cat":[11899,11913,11900],"product_tag":[11887],"edicion":[12178],"editoriales":[11867],"tienda":[],"autor_id":[19475],"universidades_coeditoras":[14916],"palabras_clave":[],"listado_alfabetico":[],"acf":[],"_links":{"self":[{"href":"https:\/\/wizardly-davinci.82-223-8-23.plesk.page\/en\/wp-json\/wp\/v2\/product\/53383"}],"collection":[{"href":"https:\/\/wizardly-davinci.82-223-8-23.plesk.page\/en\/wp-json\/wp\/v2\/product"}],"about":[{"href":"https:\/\/wizardly-davinci.82-223-8-23.plesk.page\/en\/wp-json\/wp\/v2\/types\/product"}],"replies":[{"embeddable":true,"href":"https:\/\/wizardly-davinci.82-223-8-23.plesk.page\/en\/wp-json\/wp\/v2\/comments?post=53383"}],"wp:featuredmedia":[{"embeddable":true,"href":"https:\/\/wizardly-davinci.82-223-8-23.plesk.page\/en\/wp-json\/wp\/v2\/media\/52761"}],"wp:attachment":[{"href":"https:\/\/wizardly-davinci.82-223-8-23.plesk.page\/en\/wp-json\/wp\/v2\/media?parent=53383"}],"wp:term":[{"taxonomy":"product_cat","embeddable":true,"href":"https:\/\/wizardly-davinci.82-223-8-23.plesk.page\/en\/wp-json\/wp\/v2\/product_cat?post=53383"},{"taxonomy":"product_tag","embeddable":true,"href":"https:\/\/wizardly-davinci.82-223-8-23.plesk.page\/en\/wp-json\/wp\/v2\/product_tag?post=53383"},{"taxonomy":"edicion","embeddable":true,"href":"https:\/\/wizardly-davinci.82-223-8-23.plesk.page\/en\/wp-json\/wp\/v2\/edicion?post=53383"},{"taxonomy":"editoriales","embeddable":true,"href":"https:\/\/wizardly-davinci.82-223-8-23.plesk.page\/en\/wp-json\/wp\/v2\/editoriales?post=53383"},{"taxonomy":"tienda","embeddable":true,"href":"https:\/\/wizardly-davinci.82-223-8-23.plesk.page\/en\/wp-json\/wp\/v2\/tienda?post=53383"},{"taxonomy":"autor_id","embeddable":true,"href":"https:\/\/wizardly-davinci.82-223-8-23.plesk.page\/en\/wp-json\/wp\/v2\/autor_id?post=53383"},{"taxonomy":"universidades_coeditoras","embeddable":true,"href":"https:\/\/wizardly-davinci.82-223-8-23.plesk.page\/en\/wp-json\/wp\/v2\/universidades_coeditoras?post=53383"},{"taxonomy":"palabras_clave","embeddable":true,"href":"https:\/\/wizardly-davinci.82-223-8-23.plesk.page\/en\/wp-json\/wp\/v2\/palabras_clave?post=53383"},{"taxonomy":"listado_alfabetico","embeddable":true,"href":"https:\/\/wizardly-davinci.82-223-8-23.plesk.page\/en\/wp-json\/wp\/v2\/listado_alfabetico?post=53383"}],"curies":[{"name":"wp","href":"https:\/\/api.w.org\/{rel}","templated":true}]}}