{"id":53384,"date":"2020-12-15T11:25:59","date_gmt":"2020-12-15T10:25:59","guid":{"rendered":"https:\/\/octaedro.com\/libro\/innovacion-pedagogica-universitaria-reflexiones-y-estrategias\/"},"modified":"2023-02-22T13:37:55","modified_gmt":"2023-02-22T12:37:55","slug":"innovacion-pedagogica-universitaria-reflexiones-y-estrategias-2","status":"publish","type":"product","link":"https:\/\/wizardly-davinci.82-223-8-23.plesk.page\/en\/producto\/innovacion-pedagogica-universitaria-reflexiones-y-estrategias-2\/","title":{"rendered":"Innovacio\u0301n pedago\u0301gica universitaria: reflexiones y estrategias"},"content":{"rendered":"","protected":false},"excerpt":{"rendered":"<p>Para muchos autores, entre los que destacamos al catedr\u00e1tico Jes\u00fas Salinas, la innovaci\u00f3n docente universitaria consiste en la incorporaci\u00f3n de una idea, pr\u00e1ctica o artefacto novedo-so dentro de un conjunto. La creencia de que la innovaci\u00f3n pueda suponer un cambio global arranca de la convicci\u00f3n personal de quien la lleva a cabo. Desde esta perspectiva, el cam-bio se genera en una esfera determinada y, posteriormente, pasar\u00eda a afectar al resto del sistema. Se ha se\u00f1alado, pues, que es un cambio global, no restringido.<br \/>\nSe tratar\u00eda de un cambio intencional, no de simples novedades ni de propuestas visionarias. Supone una forma creativa de selecci\u00f3n, organizaci\u00f3n y utilizaci\u00f3n de los recursos humanos y materiales; forma esta que da como resultado el logro de objetivos previamente marca-dos. Por ello, es necesario anclar las propuestas de innovaci\u00f3n en terreno propicio y f\u00e9rtil a fin de que se diseminen y florezcan.<br \/>\nPrecisamente, esta obra cient\u00edfica obedece a estos principios: la necesidad de brindar al lector la posibilidad de reflexionar sobre lo dicho anteriormente a trav\u00e9s de la visi\u00f3n de dis-tintos autores y la de propiciar, as\u00ed, un di\u00e1logo interactivo y pausado con aquel sobre lo que significa la innovaci\u00f3n docente universitaria y c\u00f3mo llevarla a la pr\u00e1ctica en el \u00e1mbito uni-versitario de la mejor manera posible.<br \/>\nLa mayor\u00eda de los autores de este libro han participado en los diversos seminarios que ha organizado la Universidad Pablo de Olavide, de Sevilla, al largo de los a\u00f1os a trav\u00e9s de la Direcci\u00f3n General de Formaci\u00f3n de Innovaci\u00f3n Docente. Ha sido el deseo de esta instituci\u00f3n que sus valiosas aportaciones queden \u00abnegro sobre blanco\u00bb para que germinen y queden como ejemplos de buenas pr\u00e1cticas docentes en el presente y el futuro, de modo intencio-nal, y para que faciliten y estimulen un cambio global en el quehacer del profesorado do-cente universitario.<\/p>\n","protected":false},"featured_media":52757,"comment_status":"open","ping_status":"closed","template":"","meta":{"_et_pb_use_builder":"","_et_pb_old_content":"","_et_gb_content_width":""},"product_cat":[11899,11913],"product_tag":[11890],"edicion":[12178],"editoriales":[11867],"tienda":[],"autor_id":[12591,12387,19477],"universidades_coeditoras":[12312],"palabras_clave":[],"listado_alfabetico":[],"acf":[],"_links":{"self":[{"href":"https:\/\/wizardly-davinci.82-223-8-23.plesk.page\/en\/wp-json\/wp\/v2\/product\/53384"}],"collection":[{"href":"https:\/\/wizardly-davinci.82-223-8-23.plesk.page\/en\/wp-json\/wp\/v2\/product"}],"about":[{"href":"https:\/\/wizardly-davinci.82-223-8-23.plesk.page\/en\/wp-json\/wp\/v2\/types\/product"}],"replies":[{"embeddable":true,"href":"https:\/\/wizardly-davinci.82-223-8-23.plesk.page\/en\/wp-json\/wp\/v2\/comments?post=53384"}],"wp:featuredmedia":[{"embeddable":true,"href":"https:\/\/wizardly-davinci.82-223-8-23.plesk.page\/en\/wp-json\/wp\/v2\/media\/52757"}],"wp:attachment":[{"href":"https:\/\/wizardly-davinci.82-223-8-23.plesk.page\/en\/wp-json\/wp\/v2\/media?parent=53384"}],"wp:term":[{"taxonomy":"product_cat","embeddable":true,"href":"https:\/\/wizardly-davinci.82-223-8-23.plesk.page\/en\/wp-json\/wp\/v2\/product_cat?post=53384"},{"taxonomy":"product_tag","embeddable":true,"href":"https:\/\/wizardly-davinci.82-223-8-23.plesk.page\/en\/wp-json\/wp\/v2\/product_tag?post=53384"},{"taxonomy":"edicion","embeddable":true,"href":"https:\/\/wizardly-davinci.82-223-8-23.plesk.page\/en\/wp-json\/wp\/v2\/edicion?post=53384"},{"taxonomy":"editoriales","embeddable":true,"href":"https:\/\/wizardly-davinci.82-223-8-23.plesk.page\/en\/wp-json\/wp\/v2\/editoriales?post=53384"},{"taxonomy":"tienda","embeddable":true,"href":"https:\/\/wizardly-davinci.82-223-8-23.plesk.page\/en\/wp-json\/wp\/v2\/tienda?post=53384"},{"taxonomy":"autor_id","embeddable":true,"href":"https:\/\/wizardly-davinci.82-223-8-23.plesk.page\/en\/wp-json\/wp\/v2\/autor_id?post=53384"},{"taxonomy":"universidades_coeditoras","embeddable":true,"href":"https:\/\/wizardly-davinci.82-223-8-23.plesk.page\/en\/wp-json\/wp\/v2\/universidades_coeditoras?post=53384"},{"taxonomy":"palabras_clave","embeddable":true,"href":"https:\/\/wizardly-davinci.82-223-8-23.plesk.page\/en\/wp-json\/wp\/v2\/palabras_clave?post=53384"},{"taxonomy":"listado_alfabetico","embeddable":true,"href":"https:\/\/wizardly-davinci.82-223-8-23.plesk.page\/en\/wp-json\/wp\/v2\/listado_alfabetico?post=53384"}],"curies":[{"name":"wp","href":"https:\/\/api.w.org\/{rel}","templated":true}]}}