{"id":53388,"date":"2020-12-09T18:28:18","date_gmt":"2020-12-09T17:28:18","guid":{"rendered":"https:\/\/octaedro.com\/libro\/tiempos-educacion-y-ocio-en-una-sociedad-de-redes\/"},"modified":"2023-03-08T12:20:14","modified_gmt":"2023-03-08T11:20:14","slug":"tiempos-educacion-y-ocio-en-una-sociedad-de-redes-2","status":"publish","type":"product","link":"https:\/\/wizardly-davinci.82-223-8-23.plesk.page\/en\/producto\/tiempos-educacion-y-ocio-en-una-sociedad-de-redes-2\/","title":{"rendered":"Tiempos, educacio\u0301n y ocio en una sociedad de redes"},"content":{"rendered":"","protected":false},"excerpt":{"rendered":"<p>El tiempo lo alcanza todo y a todos. Sus realidades, visibles u ocultas, nos explican individual y socialmente como una dimensi\u00f3n clave en la construcci\u00f3n de nuestras se\u00f1as de identidad, hist\u00f3rica y cotidianamente. Un tiempo de tiempos que transita entre los acontecimientos regulados por el Cronos y las experiencias vivenciadas como Kair\u00f3s. En sus fronteras nos educan y educamos desde la infancia hasta la vejez, en las escuelas y en la vida.<br \/>\nDe algunas de las circunstancias que nombra el tiempo trata esta obra a lo largo de sus once cap\u00edtulos. Lo hace alentando nuevas reflexiones sobre los tiempos educativos y sociales como un tema-problema de amplios horizontes c\u00edvicos y pedag\u00f3gicos, en las ciencias y los relatos personales. En ellos, la cultura y lo sociocultural, la pol\u00edtica y la gobernanza de los bienes comunes, las familias y los v\u00ednculos intergeneracionales, el ocio y la recreaci\u00f3n, los calendarios y horarios escolares, la conciliaci\u00f3n y la equidad\u2026 ponen \u00e9nfasis en la necesidad de una mirada plural, cooperativa e interdisciplinar en los estudios del tiempo, congruente con la complejidad que lo desaf\u00eda en la investigaci\u00f3n, la formaci\u00f3n y la acci\u00f3n socioeducativa.<\/p>\n","protected":false},"featured_media":52744,"comment_status":"open","ping_status":"closed","template":"","meta":{"_et_pb_use_builder":"","_et_pb_old_content":"","_et_gb_content_width":""},"product_cat":[11899,11859,11912,11907],"product_tag":[11892],"edicion":[12199,11865],"editoriales":[11867],"tienda":[],"autor_id":[19491,19490,19492],"universidades_coeditoras":[12508],"palabras_clave":[],"listado_alfabetico":[],"acf":[],"_links":{"self":[{"href":"https:\/\/wizardly-davinci.82-223-8-23.plesk.page\/en\/wp-json\/wp\/v2\/product\/53388"}],"collection":[{"href":"https:\/\/wizardly-davinci.82-223-8-23.plesk.page\/en\/wp-json\/wp\/v2\/product"}],"about":[{"href":"https:\/\/wizardly-davinci.82-223-8-23.plesk.page\/en\/wp-json\/wp\/v2\/types\/product"}],"replies":[{"embeddable":true,"href":"https:\/\/wizardly-davinci.82-223-8-23.plesk.page\/en\/wp-json\/wp\/v2\/comments?post=53388"}],"wp:featuredmedia":[{"embeddable":true,"href":"https:\/\/wizardly-davinci.82-223-8-23.plesk.page\/en\/wp-json\/wp\/v2\/media\/52744"}],"wp:attachment":[{"href":"https:\/\/wizardly-davinci.82-223-8-23.plesk.page\/en\/wp-json\/wp\/v2\/media?parent=53388"}],"wp:term":[{"taxonomy":"product_cat","embeddable":true,"href":"https:\/\/wizardly-davinci.82-223-8-23.plesk.page\/en\/wp-json\/wp\/v2\/product_cat?post=53388"},{"taxonomy":"product_tag","embeddable":true,"href":"https:\/\/wizardly-davinci.82-223-8-23.plesk.page\/en\/wp-json\/wp\/v2\/product_tag?post=53388"},{"taxonomy":"edicion","embeddable":true,"href":"https:\/\/wizardly-davinci.82-223-8-23.plesk.page\/en\/wp-json\/wp\/v2\/edicion?post=53388"},{"taxonomy":"editoriales","embeddable":true,"href":"https:\/\/wizardly-davinci.82-223-8-23.plesk.page\/en\/wp-json\/wp\/v2\/editoriales?post=53388"},{"taxonomy":"tienda","embeddable":true,"href":"https:\/\/wizardly-davinci.82-223-8-23.plesk.page\/en\/wp-json\/wp\/v2\/tienda?post=53388"},{"taxonomy":"autor_id","embeddable":true,"href":"https:\/\/wizardly-davinci.82-223-8-23.plesk.page\/en\/wp-json\/wp\/v2\/autor_id?post=53388"},{"taxonomy":"universidades_coeditoras","embeddable":true,"href":"https:\/\/wizardly-davinci.82-223-8-23.plesk.page\/en\/wp-json\/wp\/v2\/universidades_coeditoras?post=53388"},{"taxonomy":"palabras_clave","embeddable":true,"href":"https:\/\/wizardly-davinci.82-223-8-23.plesk.page\/en\/wp-json\/wp\/v2\/palabras_clave?post=53388"},{"taxonomy":"listado_alfabetico","embeddable":true,"href":"https:\/\/wizardly-davinci.82-223-8-23.plesk.page\/en\/wp-json\/wp\/v2\/listado_alfabetico?post=53388"}],"curies":[{"name":"wp","href":"https:\/\/api.w.org\/{rel}","templated":true}]}}