{"id":53389,"date":"2021-06-26T20:51:06","date_gmt":"2021-06-26T18:51:06","guid":{"rendered":"https:\/\/octaedro.com\/libro\/curso-practico-de-correccion-de-estilo\/"},"modified":"2023-03-08T12:20:14","modified_gmt":"2023-03-08T11:20:14","slug":"curso-practico-de-correccion-de-estilo-2-2","status":"publish","type":"product","link":"https:\/\/wizardly-davinci.82-223-8-23.plesk.page\/en\/producto\/curso-practico-de-correccion-de-estilo-2-2\/","title":{"rendered":"Curso pr\u00e1ctico de correcci\u00f3n de estilo"},"content":{"rendered":"","protected":false},"excerpt":{"rendered":"<p>Esta tercera edici\u00f3n del Curso pr\u00e1ctico de correcci\u00f3n de estilo se ha actualizado de acuerdo con todos los cambios introducidos en la 23.\u00aa edici\u00f3n del DRAE (2019), la Ortograf\u00eda de la lengua espa\u00f1ola (2010) y la Nueva gram\u00e1tica de la RAE (2009), cambios que pueden consultarse directamente mediante el \u00cdndice anal\u00edtico. Se ha profundizado, adem\u00e1s, en el an\u00e1lisis ling\u00fc\u00edstico de algunos puntos especialmente conflictivos.<br \/>\nEl presente Curso pr\u00e1ctico de correcci\u00f3n de estilo ha sido elaborado a partir de m\u00e1s de 1 000 ejemplos reales extra\u00eddos de la pr\u00e1ctica de la correcci\u00f3n. De esta forma, no s\u00f3lo se tratan espec\u00edficamente aquellos temas en que la gente suele tropezar, sino que se resuelven casos concretos y complejos de puntuaci\u00f3n, uso de preposiciones, empleo de tiempos verbales, reemplazo pronominal, concordancias, incoherencias sint\u00e1cticas, etc., haciendo especial hincapi\u00e9 en los habituales problemas presentes en las traducciones del ingl\u00e9s.<br \/>\nSe incluyen tambi\u00e9n m\u00e1s de 500 ejercicios extra para corregir (con su correspondiente correcci\u00f3n y explicaci\u00f3n sucinta), as\u00ed como un ap\u00e9ndice con el r\u00e9gimen de preposiciones de los principales verbos y un cuadro de relaci\u00f3n de tiempos (presente-pasado, indicativo-subjuntivo y estilo directo-indirecto). Por \u00faltimo, un \u00edndice anal\u00edtico exhaustivo permite utilizar el libro como manual de consulta.<\/p>\n","protected":false},"featured_media":52741,"comment_status":"open","ping_status":"closed","template":"","meta":{"_et_pb_use_builder":"","_et_pb_old_content":"","_et_gb_content_width":""},"product_cat":[11899,11859,11912],"product_tag":[11892],"edicion":[12199,11865],"editoriales":[11867],"tienda":[],"autor_id":[19494],"universidades_coeditoras":[],"palabras_clave":[],"listado_alfabetico":[],"acf":[],"_links":{"self":[{"href":"https:\/\/wizardly-davinci.82-223-8-23.plesk.page\/en\/wp-json\/wp\/v2\/product\/53389"}],"collection":[{"href":"https:\/\/wizardly-davinci.82-223-8-23.plesk.page\/en\/wp-json\/wp\/v2\/product"}],"about":[{"href":"https:\/\/wizardly-davinci.82-223-8-23.plesk.page\/en\/wp-json\/wp\/v2\/types\/product"}],"replies":[{"embeddable":true,"href":"https:\/\/wizardly-davinci.82-223-8-23.plesk.page\/en\/wp-json\/wp\/v2\/comments?post=53389"}],"wp:featuredmedia":[{"embeddable":true,"href":"https:\/\/wizardly-davinci.82-223-8-23.plesk.page\/en\/wp-json\/wp\/v2\/media\/52741"}],"wp:attachment":[{"href":"https:\/\/wizardly-davinci.82-223-8-23.plesk.page\/en\/wp-json\/wp\/v2\/media?parent=53389"}],"wp:term":[{"taxonomy":"product_cat","embeddable":true,"href":"https:\/\/wizardly-davinci.82-223-8-23.plesk.page\/en\/wp-json\/wp\/v2\/product_cat?post=53389"},{"taxonomy":"product_tag","embeddable":true,"href":"https:\/\/wizardly-davinci.82-223-8-23.plesk.page\/en\/wp-json\/wp\/v2\/product_tag?post=53389"},{"taxonomy":"edicion","embeddable":true,"href":"https:\/\/wizardly-davinci.82-223-8-23.plesk.page\/en\/wp-json\/wp\/v2\/edicion?post=53389"},{"taxonomy":"editoriales","embeddable":true,"href":"https:\/\/wizardly-davinci.82-223-8-23.plesk.page\/en\/wp-json\/wp\/v2\/editoriales?post=53389"},{"taxonomy":"tienda","embeddable":true,"href":"https:\/\/wizardly-davinci.82-223-8-23.plesk.page\/en\/wp-json\/wp\/v2\/tienda?post=53389"},{"taxonomy":"autor_id","embeddable":true,"href":"https:\/\/wizardly-davinci.82-223-8-23.plesk.page\/en\/wp-json\/wp\/v2\/autor_id?post=53389"},{"taxonomy":"universidades_coeditoras","embeddable":true,"href":"https:\/\/wizardly-davinci.82-223-8-23.plesk.page\/en\/wp-json\/wp\/v2\/universidades_coeditoras?post=53389"},{"taxonomy":"palabras_clave","embeddable":true,"href":"https:\/\/wizardly-davinci.82-223-8-23.plesk.page\/en\/wp-json\/wp\/v2\/palabras_clave?post=53389"},{"taxonomy":"listado_alfabetico","embeddable":true,"href":"https:\/\/wizardly-davinci.82-223-8-23.plesk.page\/en\/wp-json\/wp\/v2\/listado_alfabetico?post=53389"}],"curies":[{"name":"wp","href":"https:\/\/api.w.org\/{rel}","templated":true}]}}