{"id":53390,"date":"2021-06-15T18:24:29","date_gmt":"2021-06-15T16:24:29","guid":{"rendered":"https:\/\/octaedro.com\/libro\/a-mi-no-me-pasa-nada\/"},"modified":"2023-03-08T12:20:14","modified_gmt":"2023-03-08T11:20:14","slug":"a-mi-no-me-pasa-nada-2","status":"publish","type":"product","link":"https:\/\/wizardly-davinci.82-223-8-23.plesk.page\/en\/producto\/a-mi-no-me-pasa-nada-2\/","title":{"rendered":"A m\u00ed no me pasa nada"},"content":{"rendered":"","protected":false},"excerpt":{"rendered":"<p>Los profesionales de la Salud Mental nos encontramos con serias dificultades para tratar a algunos adolescentes borderline graves, que dicen que no les pasa nada. Mediante el estudio de c\u00f3mo estructuraron su identidad durante la infancia, pudimos observar que su proceso evolutivo mental tuvo serias dificultades a la hora de desarrollarse, ya que qued\u00f3 bloqueado en etapas infantiles. Y cuando llegan a la adolescencia siguen teniendo una mentalidad infantil. No tienen consciencia de sus actos ni de las consecuencias. Funcionan como ni\u00f1os y no aceptan ser ayudados. Tambi\u00e9n hemos comprobado que estos adolescentes hab\u00edan crecido en organizaciones familiares de caracter\u00edsticas narcisistas o desestructuradas, que no supieron ayudar a crecer a sus hijos bajo las funciones parentales. Hubo un funcionamiento deficiente de estas funciones parentales.<br \/>\nProponemos un nuevo modelo de tratamiento inspirado en las funciones parentales para resolver el bloqueo mental que sufre el adolescente y as\u00ed poder iniciar con \u00e9l una psicoterapia individual focalizada en la transferencia, siempre que sea posible. Finalmente, exponemos un ejemplo de tratamiento.<\/p>\n","protected":false},"featured_media":52736,"comment_status":"open","ping_status":"closed","template":"","meta":{"_et_pb_use_builder":"","_et_pb_old_content":"","_et_gb_content_width":""},"product_cat":[11899,11859,11912,11924],"product_tag":[11892],"edicion":[12199,11865],"editoriales":[11867],"tienda":[],"autor_id":[19498,19497],"universidades_coeditoras":[],"palabras_clave":[],"listado_alfabetico":[],"acf":[],"_links":{"self":[{"href":"https:\/\/wizardly-davinci.82-223-8-23.plesk.page\/en\/wp-json\/wp\/v2\/product\/53390"}],"collection":[{"href":"https:\/\/wizardly-davinci.82-223-8-23.plesk.page\/en\/wp-json\/wp\/v2\/product"}],"about":[{"href":"https:\/\/wizardly-davinci.82-223-8-23.plesk.page\/en\/wp-json\/wp\/v2\/types\/product"}],"replies":[{"embeddable":true,"href":"https:\/\/wizardly-davinci.82-223-8-23.plesk.page\/en\/wp-json\/wp\/v2\/comments?post=53390"}],"wp:featuredmedia":[{"embeddable":true,"href":"https:\/\/wizardly-davinci.82-223-8-23.plesk.page\/en\/wp-json\/wp\/v2\/media\/52736"}],"wp:attachment":[{"href":"https:\/\/wizardly-davinci.82-223-8-23.plesk.page\/en\/wp-json\/wp\/v2\/media?parent=53390"}],"wp:term":[{"taxonomy":"product_cat","embeddable":true,"href":"https:\/\/wizardly-davinci.82-223-8-23.plesk.page\/en\/wp-json\/wp\/v2\/product_cat?post=53390"},{"taxonomy":"product_tag","embeddable":true,"href":"https:\/\/wizardly-davinci.82-223-8-23.plesk.page\/en\/wp-json\/wp\/v2\/product_tag?post=53390"},{"taxonomy":"edicion","embeddable":true,"href":"https:\/\/wizardly-davinci.82-223-8-23.plesk.page\/en\/wp-json\/wp\/v2\/edicion?post=53390"},{"taxonomy":"editoriales","embeddable":true,"href":"https:\/\/wizardly-davinci.82-223-8-23.plesk.page\/en\/wp-json\/wp\/v2\/editoriales?post=53390"},{"taxonomy":"tienda","embeddable":true,"href":"https:\/\/wizardly-davinci.82-223-8-23.plesk.page\/en\/wp-json\/wp\/v2\/tienda?post=53390"},{"taxonomy":"autor_id","embeddable":true,"href":"https:\/\/wizardly-davinci.82-223-8-23.plesk.page\/en\/wp-json\/wp\/v2\/autor_id?post=53390"},{"taxonomy":"universidades_coeditoras","embeddable":true,"href":"https:\/\/wizardly-davinci.82-223-8-23.plesk.page\/en\/wp-json\/wp\/v2\/universidades_coeditoras?post=53390"},{"taxonomy":"palabras_clave","embeddable":true,"href":"https:\/\/wizardly-davinci.82-223-8-23.plesk.page\/en\/wp-json\/wp\/v2\/palabras_clave?post=53390"},{"taxonomy":"listado_alfabetico","embeddable":true,"href":"https:\/\/wizardly-davinci.82-223-8-23.plesk.page\/en\/wp-json\/wp\/v2\/listado_alfabetico?post=53390"}],"curies":[{"name":"wp","href":"https:\/\/api.w.org\/{rel}","templated":true}]}}