{"id":53391,"date":"2020-09-30T20:21:52","date_gmt":"2020-09-30T18:21:52","guid":{"rendered":"https:\/\/octaedro.com\/libro\/de-la-vora-del-foc-a-les-aules-un-conte-una-llico-de-vida\/"},"modified":"2023-03-08T12:20:14","modified_gmt":"2023-03-08T11:20:14","slug":"de-la-vora-del-foc-a-les-aules-un-conte-una-llico-de-vida-2","status":"publish","type":"product","link":"https:\/\/wizardly-davinci.82-223-8-23.plesk.page\/en\/producto\/de-la-vora-del-foc-a-les-aules-un-conte-una-llico-de-vida-2\/","title":{"rendered":"De la vora del foc a les aules: un conte una lli\u00e7\u00f3 de vida"},"content":{"rendered":"","protected":false},"excerpt":{"rendered":"<p>El MARC, aquest grup de mestres jubilades que van per les escoles explicant contes, fi nalment han posat tota la seva saviesa i coneixement en un llibre, aquest que tens a les mans. Entre les seves p\u00e0gines aprendr\u00e0s a explicar contes, rondalles o mites de tradici\u00f3 popular, amb la veu, la mirada, el gest\u2026, deixant relliscar les paraules al ritme dels oients, sense cap pressi\u00f3 pel temps ni pels objectius did\u00e0ctics. Els avis i \u00e0vies del MARC ens conten com fer servir potser el recurs did\u00e0ctic m\u00e9s antic: explicar lli\u00e7ons de vida amb fets de vida aliena; abans en deien exemples. Aquest llibre vol, doncs, engrescar els mestres, educadors, mares i pares, \u00e0vies i avis de tots els nens i nenes del pa\u00eds que els expliquin molts contes, rondalles, dites, cantarelles i can\u00e7ons tradicionals i populars. Perqu\u00e8, en paraules d\u2019elles mateixes, \u00abtamb\u00e9 aix\u00ed col\u00b7laborarem a perpetuar la nostra, massa sovint maltractada, Cultura\u00bb.<\/p>\n","protected":false},"featured_media":52727,"comment_status":"open","ping_status":"closed","template":"","meta":{"_et_pb_use_builder":"","_et_pb_old_content":"","_et_gb_content_width":""},"product_cat":[11882,11902,11859,11925],"product_tag":[11860],"edicion":[11865],"editoriales":[12203],"tienda":[],"autor_id":[],"universidades_coeditoras":[],"palabras_clave":[],"listado_alfabetico":[],"acf":[],"_links":{"self":[{"href":"https:\/\/wizardly-davinci.82-223-8-23.plesk.page\/en\/wp-json\/wp\/v2\/product\/53391"}],"collection":[{"href":"https:\/\/wizardly-davinci.82-223-8-23.plesk.page\/en\/wp-json\/wp\/v2\/product"}],"about":[{"href":"https:\/\/wizardly-davinci.82-223-8-23.plesk.page\/en\/wp-json\/wp\/v2\/types\/product"}],"replies":[{"embeddable":true,"href":"https:\/\/wizardly-davinci.82-223-8-23.plesk.page\/en\/wp-json\/wp\/v2\/comments?post=53391"}],"wp:featuredmedia":[{"embeddable":true,"href":"https:\/\/wizardly-davinci.82-223-8-23.plesk.page\/en\/wp-json\/wp\/v2\/media\/52727"}],"wp:attachment":[{"href":"https:\/\/wizardly-davinci.82-223-8-23.plesk.page\/en\/wp-json\/wp\/v2\/media?parent=53391"}],"wp:term":[{"taxonomy":"product_cat","embeddable":true,"href":"https:\/\/wizardly-davinci.82-223-8-23.plesk.page\/en\/wp-json\/wp\/v2\/product_cat?post=53391"},{"taxonomy":"product_tag","embeddable":true,"href":"https:\/\/wizardly-davinci.82-223-8-23.plesk.page\/en\/wp-json\/wp\/v2\/product_tag?post=53391"},{"taxonomy":"edicion","embeddable":true,"href":"https:\/\/wizardly-davinci.82-223-8-23.plesk.page\/en\/wp-json\/wp\/v2\/edicion?post=53391"},{"taxonomy":"editoriales","embeddable":true,"href":"https:\/\/wizardly-davinci.82-223-8-23.plesk.page\/en\/wp-json\/wp\/v2\/editoriales?post=53391"},{"taxonomy":"tienda","embeddable":true,"href":"https:\/\/wizardly-davinci.82-223-8-23.plesk.page\/en\/wp-json\/wp\/v2\/tienda?post=53391"},{"taxonomy":"autor_id","embeddable":true,"href":"https:\/\/wizardly-davinci.82-223-8-23.plesk.page\/en\/wp-json\/wp\/v2\/autor_id?post=53391"},{"taxonomy":"universidades_coeditoras","embeddable":true,"href":"https:\/\/wizardly-davinci.82-223-8-23.plesk.page\/en\/wp-json\/wp\/v2\/universidades_coeditoras?post=53391"},{"taxonomy":"palabras_clave","embeddable":true,"href":"https:\/\/wizardly-davinci.82-223-8-23.plesk.page\/en\/wp-json\/wp\/v2\/palabras_clave?post=53391"},{"taxonomy":"listado_alfabetico","embeddable":true,"href":"https:\/\/wizardly-davinci.82-223-8-23.plesk.page\/en\/wp-json\/wp\/v2\/listado_alfabetico?post=53391"}],"curies":[{"name":"wp","href":"https:\/\/api.w.org\/{rel}","templated":true}]}}