{"id":53392,"date":"2020-09-30T20:01:45","date_gmt":"2020-09-30T18:01:45","guid":{"rendered":"https:\/\/octaedro.com\/libro\/lescola-rural-petita-publica-i-de-poble\/"},"modified":"2023-03-08T12:20:14","modified_gmt":"2023-03-08T11:20:14","slug":"lescola-rural-petita-publica-i-de-poble-3","status":"publish","type":"product","link":"https:\/\/wizardly-davinci.82-223-8-23.plesk.page\/en\/producto\/lescola-rural-petita-publica-i-de-poble-3\/","title":{"rendered":"L\u2019escola rural: petita, p\u00fablica i de poble"},"content":{"rendered":"","protected":false},"excerpt":{"rendered":"<p>Aquest llibre \u00fanic i tan especial representa la benvinguda al m\u00f3n escolar rural \u2013l\u2019escola de les tres P\u2013, amb tot all\u00f2 que \u00e9s rellevant de compartir i que cal saber. Els textos tenen la virtut de baixar a la realitat de qui ha d\u2019afrontar la<br \/>\nsituaci\u00f3 i alhora mostrar la complexitat dels reptes que t\u00e9 al davant l\u2019escola rural d\u2019avui. Una eina imprescindible per a la mestra o el mestre que ha d\u2019anar a treballar a l\u2019escola rural o per a l\u2019estudiant de magisteri que vulgui tenir un<br \/>\nconeixement d\u2019aquesta tipologia d\u2019escola.<\/p>\n<p>El llibre tamb\u00e9 va m\u00e9s enll\u00e0 de la realitat rural per endinsar-se o inspirar models d\u2019escola m\u00e9s grans, per tal que la crisi educativa viscuda en aquests anys sigui una oportunitat per repensar l\u2019escola, el seu context, la mirada cap a l\u2019entorn i el curr\u00edculum, el com aprenem les persones\u2026 Una oportunitat que no nom\u00e9s queda en l\u2019\u00e0mbit de l\u2019escola rural sin\u00f3 que traspassa les fronteres i ajuda a reflexionar sobre un model d\u2019escola competencial i atenta al que passa al seu entorn.<\/p>\n","protected":false},"featured_media":52726,"comment_status":"open","ping_status":"closed","template":"","meta":{"_et_pb_use_builder":"","_et_pb_old_content":"","_et_gb_content_width":""},"product_cat":[11882,11902,11859,11925],"product_tag":[11860],"edicion":[11865],"editoriales":[12203],"tienda":[],"autor_id":[],"universidades_coeditoras":[],"palabras_clave":[],"listado_alfabetico":[],"acf":[],"_links":{"self":[{"href":"https:\/\/wizardly-davinci.82-223-8-23.plesk.page\/en\/wp-json\/wp\/v2\/product\/53392"}],"collection":[{"href":"https:\/\/wizardly-davinci.82-223-8-23.plesk.page\/en\/wp-json\/wp\/v2\/product"}],"about":[{"href":"https:\/\/wizardly-davinci.82-223-8-23.plesk.page\/en\/wp-json\/wp\/v2\/types\/product"}],"replies":[{"embeddable":true,"href":"https:\/\/wizardly-davinci.82-223-8-23.plesk.page\/en\/wp-json\/wp\/v2\/comments?post=53392"}],"wp:featuredmedia":[{"embeddable":true,"href":"https:\/\/wizardly-davinci.82-223-8-23.plesk.page\/en\/wp-json\/wp\/v2\/media\/52726"}],"wp:attachment":[{"href":"https:\/\/wizardly-davinci.82-223-8-23.plesk.page\/en\/wp-json\/wp\/v2\/media?parent=53392"}],"wp:term":[{"taxonomy":"product_cat","embeddable":true,"href":"https:\/\/wizardly-davinci.82-223-8-23.plesk.page\/en\/wp-json\/wp\/v2\/product_cat?post=53392"},{"taxonomy":"product_tag","embeddable":true,"href":"https:\/\/wizardly-davinci.82-223-8-23.plesk.page\/en\/wp-json\/wp\/v2\/product_tag?post=53392"},{"taxonomy":"edicion","embeddable":true,"href":"https:\/\/wizardly-davinci.82-223-8-23.plesk.page\/en\/wp-json\/wp\/v2\/edicion?post=53392"},{"taxonomy":"editoriales","embeddable":true,"href":"https:\/\/wizardly-davinci.82-223-8-23.plesk.page\/en\/wp-json\/wp\/v2\/editoriales?post=53392"},{"taxonomy":"tienda","embeddable":true,"href":"https:\/\/wizardly-davinci.82-223-8-23.plesk.page\/en\/wp-json\/wp\/v2\/tienda?post=53392"},{"taxonomy":"autor_id","embeddable":true,"href":"https:\/\/wizardly-davinci.82-223-8-23.plesk.page\/en\/wp-json\/wp\/v2\/autor_id?post=53392"},{"taxonomy":"universidades_coeditoras","embeddable":true,"href":"https:\/\/wizardly-davinci.82-223-8-23.plesk.page\/en\/wp-json\/wp\/v2\/universidades_coeditoras?post=53392"},{"taxonomy":"palabras_clave","embeddable":true,"href":"https:\/\/wizardly-davinci.82-223-8-23.plesk.page\/en\/wp-json\/wp\/v2\/palabras_clave?post=53392"},{"taxonomy":"listado_alfabetico","embeddable":true,"href":"https:\/\/wizardly-davinci.82-223-8-23.plesk.page\/en\/wp-json\/wp\/v2\/listado_alfabetico?post=53392"}],"curies":[{"name":"wp","href":"https:\/\/api.w.org\/{rel}","templated":true}]}}