{"id":53395,"date":"2020-11-26T16:39:37","date_gmt":"2020-11-26T16:39:37","guid":{"rendered":"https:\/\/octaedro.com\/libro\/investigacion-aplicada-en-ciencias-de-la-educacion\/"},"modified":"2023-02-22T13:37:55","modified_gmt":"2023-02-22T12:37:55","slug":"investigacion-aplicada-en-ciencias-de-la-educacion-2","status":"publish","type":"product","link":"https:\/\/wizardly-davinci.82-223-8-23.plesk.page\/en\/producto\/investigacion-aplicada-en-ciencias-de-la-educacion-2\/","title":{"rendered":"Investigaci\u00f3n aplicada en Ciencias de la Educaci\u00f3n"},"content":{"rendered":"","protected":false},"excerpt":{"rendered":"<p>Esta obra presenta distintas experiencias de investigaci\u00f3n e innovaci\u00f3n llevadas a cabo por expertos universitarios de diferentes instituciones espa\u00f1olas y extranjeras. Todo ello dota de rigor e inter\u00e9s a unos trabajos que proceden de la m\u00e1s pura praxis educativa. En este sentido, nos aventuramos en un terreno incierto, donde las certezas en el \u00e1mbito educativo son vol\u00e1tiles y las \u00fanicas que hay las traen investigaciones e innovaciones puntuales que abordan un contexto y un alumnado espec\u00edfico. Se pretende, por tanto, arrojar luz sobre un panorama incierto marcado por la pandemia de la COVID-19 a trav\u00e9s de 20 cap\u00edtulos relacionados con la educaci\u00f3n emocional en aulas de infantil, los riesgos asociados a las TIC, la terminolog\u00eda del lenguaje docente, la discapacidad y la diversidad en la educaci\u00f3n superior, el neurodesarrollo de la memoria mediante las TIC, el desarrollo de la competencia digital, el trabajo con bases de datos, la educaci\u00f3n sexual en educaci\u00f3n secundaria, el desarrollo de talleres para la literatura oral, los programas socioeducativos para la prevenci\u00f3n de conductas violentas en menores, la formaci\u00f3n docente en neurodid\u00e1ctica, la formaci\u00f3n docente en tecnolog\u00eda, los beneficios de la musicoterapia, las tendencias innovadoras en la formaci\u00f3n de futuros maestros, la investigaci\u00f3n, desarrollo e innovaci\u00f3n en la educaci\u00f3n, el teatro musical en educaci\u00f3n secundaria, las TIC como herramienta para la inclusi\u00f3n, el role playing como experiencia educativa y los videojuegos como recurso did\u00e1ctico.<\/p>\n","protected":false},"featured_media":52721,"comment_status":"open","ping_status":"closed","template":"","meta":{"_et_pb_use_builder":"","_et_pb_old_content":"","_et_gb_content_width":""},"product_cat":[11899,11913],"product_tag":[11890],"edicion":[11865],"editoriales":[11867],"tienda":[],"autor_id":[19330,19317,19316,15073],"universidades_coeditoras":[14901],"palabras_clave":[],"listado_alfabetico":[],"acf":[],"_links":{"self":[{"href":"https:\/\/wizardly-davinci.82-223-8-23.plesk.page\/en\/wp-json\/wp\/v2\/product\/53395"}],"collection":[{"href":"https:\/\/wizardly-davinci.82-223-8-23.plesk.page\/en\/wp-json\/wp\/v2\/product"}],"about":[{"href":"https:\/\/wizardly-davinci.82-223-8-23.plesk.page\/en\/wp-json\/wp\/v2\/types\/product"}],"replies":[{"embeddable":true,"href":"https:\/\/wizardly-davinci.82-223-8-23.plesk.page\/en\/wp-json\/wp\/v2\/comments?post=53395"}],"wp:featuredmedia":[{"embeddable":true,"href":"https:\/\/wizardly-davinci.82-223-8-23.plesk.page\/en\/wp-json\/wp\/v2\/media\/52721"}],"wp:attachment":[{"href":"https:\/\/wizardly-davinci.82-223-8-23.plesk.page\/en\/wp-json\/wp\/v2\/media?parent=53395"}],"wp:term":[{"taxonomy":"product_cat","embeddable":true,"href":"https:\/\/wizardly-davinci.82-223-8-23.plesk.page\/en\/wp-json\/wp\/v2\/product_cat?post=53395"},{"taxonomy":"product_tag","embeddable":true,"href":"https:\/\/wizardly-davinci.82-223-8-23.plesk.page\/en\/wp-json\/wp\/v2\/product_tag?post=53395"},{"taxonomy":"edicion","embeddable":true,"href":"https:\/\/wizardly-davinci.82-223-8-23.plesk.page\/en\/wp-json\/wp\/v2\/edicion?post=53395"},{"taxonomy":"editoriales","embeddable":true,"href":"https:\/\/wizardly-davinci.82-223-8-23.plesk.page\/en\/wp-json\/wp\/v2\/editoriales?post=53395"},{"taxonomy":"tienda","embeddable":true,"href":"https:\/\/wizardly-davinci.82-223-8-23.plesk.page\/en\/wp-json\/wp\/v2\/tienda?post=53395"},{"taxonomy":"autor_id","embeddable":true,"href":"https:\/\/wizardly-davinci.82-223-8-23.plesk.page\/en\/wp-json\/wp\/v2\/autor_id?post=53395"},{"taxonomy":"universidades_coeditoras","embeddable":true,"href":"https:\/\/wizardly-davinci.82-223-8-23.plesk.page\/en\/wp-json\/wp\/v2\/universidades_coeditoras?post=53395"},{"taxonomy":"palabras_clave","embeddable":true,"href":"https:\/\/wizardly-davinci.82-223-8-23.plesk.page\/en\/wp-json\/wp\/v2\/palabras_clave?post=53395"},{"taxonomy":"listado_alfabetico","embeddable":true,"href":"https:\/\/wizardly-davinci.82-223-8-23.plesk.page\/en\/wp-json\/wp\/v2\/listado_alfabetico?post=53395"}],"curies":[{"name":"wp","href":"https:\/\/api.w.org\/{rel}","templated":true}]}}