{"id":53396,"date":"2020-11-05T18:53:21","date_gmt":"2020-11-05T17:53:21","guid":{"rendered":"https:\/\/octaedro.com\/libro\/ds-la-revista-del-diari-de-la-sanitat-num-1\/"},"modified":"2023-03-08T12:20:14","modified_gmt":"2023-03-08T11:20:14","slug":"ds-la-revista-del-diari-de-la-sanitat-num-1-2","status":"publish","type":"product","link":"https:\/\/wizardly-davinci.82-223-8-23.plesk.page\/en\/producto\/ds-la-revista-del-diari-de-la-sanitat-num-1-2\/","title":{"rendered":"Ds \u2013 La Revista d\u2019El Diari de la Sanitat. N\u00fam. 1"},"content":{"rendered":"","protected":false},"excerpt":{"rendered":"<p><strong>Editorial: Gr\u00e0cies!<\/strong><\/p>\n<p>Aquesta Revista \u00e9s vostra. De la comunitat sanit\u00e0ria. Com El Diari de la Sanitat. I les primeres l\u00ednies s\u00f3n per donar-vos les gr\u00e0cies. Els metges i metgesses, les infermeres i infermers, el personal auxiliar, el de neteja&#8230;, tots els que heu viscut en primera l\u00ednia el combat contra la COVID-19 heu resistit; ens heu curat i cuidat fins al l\u00edmit de les vostres forces, f\u00edsiques i emocionals. Per aix\u00f2 entenem aquesta revista com un testimoni de la vostra lluita i com un acte d\u2019agra\u00efment i homenatge.<\/p>\n<p>L\u2019\u00fanica bona not\u00edcia que ens han deixat aquests temps tan dif\u00edcils \u00e9s que heu resistit. Gr\u00e0cies al \u2018factor hum\u00e0\u2019. Al comprom\u00eds dels professionals. A la vostra capacitat de curar i de cuidar. De salvar vides, o d\u2019acompanyar-les fins al final quan la medicina ja no hi podia fer res m\u00e9s. Amb l\u2019immens desgast emocional d\u2019haver gestionat el dolor dels pacients que han hagut de donar l\u2019\u00faltim adeu a la fam\u00edlia a trav\u00e9s vostre.<\/p>\n<p>Els professionals del sector sanitari tamb\u00e9 heu estat v\u00edctimes de la falta de mitjans de protecci\u00f3. I de la manca de recursos despr\u00e9s d\u2019aquelles retallades de fa deu anys, que no s\u2019han fet revertir mai. Recordem la frase de Winston Churchill quan, referint-se als pilots de la RAF, va dir: \u00abMai tanta gent els ha degut tant a tan pocs\u00bb. Ara podem dir el mateix del personal sanitari que ha lluitat, en condicions extremes, per salvar-nos. Deixant-hi tamb\u00e9 la vida.<\/p>\n<p>Els hospitals van ser capa\u00e7os d\u2019adaptar-se a l\u2019emerg\u00e8ncia en un temps r\u00e8cord. L\u2019assist\u00e8ncia prim\u00e0ria va complir la seva funci\u00f3 millor que mai, tractant molts pacients a casa i aconseguint preservar el sistema del col\u00b7lapse. Ens expliqueu que la vostra millor recompensa ha estat l\u2019alta d\u2019un malalt despr\u00e9s de setmanes de combat a l\u2019UCI. \u00c9s una alegria compartida per tots. El fruit d\u2019un treball col\u00b7lectiu. Podria ser una bona met\u00e0fora de la solidaritat necess\u00e0ria per superar, junts, la pand\u00e8mia i la crisi econ\u00f2mica i social.<\/p>\n<p>La principal fortalesa a l\u2019hora de fer front al coronavirus \u00e9s disposar d\u2019un sistema sanitari eficient, amb professionals entregats i amb prou recursos. I d\u2019una ci\u00e8ncia potent. El combat contra el coronavirus hauria de servir per recordar que una sanitat universal i avan\u00e7ada \u00e9s imprescindible a l\u2019hora de garantir l\u2019equitat i la just\u00edcia social i per tenir possibilitats de v\u00e8ncer amenaces globals com la que afrontem ara. Despr\u00e9s de la batalla, ser\u00e0 el moment de recordar-ho i de tornar a posar la sanitat p\u00fablica al lloc que mai no hauria d\u2019haver perdut.<\/p>\n<p>Nosaltres seguirem aqu\u00ed. Al vostre costat. Com fem des de l\u2019any 2016, quan a la Fundaci\u00f3 Periodisme Plural vam posar en marxa El Diari de la Sanitat. Vam n\u00e9ixer amb la voluntat de fer un periodisme independent i lliure al servei de la comunitat que lluita en primera l\u00ednia per defensar un dret tan essencial com \u00e9s l\u2019assist\u00e8ncia sanit\u00e0ria. Vam n\u00e9ixer per escoltar la vostra veu. Reclam\u00e0veu m\u00e9s temps, m\u00e9s recursos, m\u00e9s implicaci\u00f3 de la societat i durant molts anys vau patir retallades i silencis. I, malgrat tot, quan va esclatar l\u2019emerg\u00e8ncia m\u00e9s greu de les nostres vides, heu donat un exemple de coratge i efici\u00e8ncia que no oblidarem mai. Gr\u00e0cies!<\/p>\n","protected":false},"featured_media":52715,"comment_status":"open","ping_status":"closed","template":"","meta":{"_et_pb_use_builder":"","_et_pb_old_content":"","_et_gb_content_width":""},"product_cat":[11858,11859],"product_tag":[11860],"edicion":[11865],"editoriales":[11931],"tienda":[],"autor_id":[],"universidades_coeditoras":[],"palabras_clave":[],"listado_alfabetico":[],"acf":[],"_links":{"self":[{"href":"https:\/\/wizardly-davinci.82-223-8-23.plesk.page\/en\/wp-json\/wp\/v2\/product\/53396"}],"collection":[{"href":"https:\/\/wizardly-davinci.82-223-8-23.plesk.page\/en\/wp-json\/wp\/v2\/product"}],"about":[{"href":"https:\/\/wizardly-davinci.82-223-8-23.plesk.page\/en\/wp-json\/wp\/v2\/types\/product"}],"replies":[{"embeddable":true,"href":"https:\/\/wizardly-davinci.82-223-8-23.plesk.page\/en\/wp-json\/wp\/v2\/comments?post=53396"}],"wp:featuredmedia":[{"embeddable":true,"href":"https:\/\/wizardly-davinci.82-223-8-23.plesk.page\/en\/wp-json\/wp\/v2\/media\/52715"}],"wp:attachment":[{"href":"https:\/\/wizardly-davinci.82-223-8-23.plesk.page\/en\/wp-json\/wp\/v2\/media?parent=53396"}],"wp:term":[{"taxonomy":"product_cat","embeddable":true,"href":"https:\/\/wizardly-davinci.82-223-8-23.plesk.page\/en\/wp-json\/wp\/v2\/product_cat?post=53396"},{"taxonomy":"product_tag","embeddable":true,"href":"https:\/\/wizardly-davinci.82-223-8-23.plesk.page\/en\/wp-json\/wp\/v2\/product_tag?post=53396"},{"taxonomy":"edicion","embeddable":true,"href":"https:\/\/wizardly-davinci.82-223-8-23.plesk.page\/en\/wp-json\/wp\/v2\/edicion?post=53396"},{"taxonomy":"editoriales","embeddable":true,"href":"https:\/\/wizardly-davinci.82-223-8-23.plesk.page\/en\/wp-json\/wp\/v2\/editoriales?post=53396"},{"taxonomy":"tienda","embeddable":true,"href":"https:\/\/wizardly-davinci.82-223-8-23.plesk.page\/en\/wp-json\/wp\/v2\/tienda?post=53396"},{"taxonomy":"autor_id","embeddable":true,"href":"https:\/\/wizardly-davinci.82-223-8-23.plesk.page\/en\/wp-json\/wp\/v2\/autor_id?post=53396"},{"taxonomy":"universidades_coeditoras","embeddable":true,"href":"https:\/\/wizardly-davinci.82-223-8-23.plesk.page\/en\/wp-json\/wp\/v2\/universidades_coeditoras?post=53396"},{"taxonomy":"palabras_clave","embeddable":true,"href":"https:\/\/wizardly-davinci.82-223-8-23.plesk.page\/en\/wp-json\/wp\/v2\/palabras_clave?post=53396"},{"taxonomy":"listado_alfabetico","embeddable":true,"href":"https:\/\/wizardly-davinci.82-223-8-23.plesk.page\/en\/wp-json\/wp\/v2\/listado_alfabetico?post=53396"}],"curies":[{"name":"wp","href":"https:\/\/api.w.org\/{rel}","templated":true}]}}