{"id":53397,"date":"2020-11-05T18:40:35","date_gmt":"2020-11-05T17:40:35","guid":{"rendered":"https:\/\/octaedro.com\/libro\/ed-la-revista-de-el-diario-de-la-educacion-num-1\/"},"modified":"2023-02-22T13:37:55","modified_gmt":"2023-02-22T12:37:55","slug":"ed-la-revista-de-el-diario-de-la-educacion-num-1-2","status":"publish","type":"product","link":"https:\/\/wizardly-davinci.82-223-8-23.plesk.page\/en\/producto\/ed-la-revista-de-el-diario-de-la-educacion-num-1-2\/","title":{"rendered":"Ed \u2013 La Revista de El Diario de la Educaci\u00f3n. N\u00fam. 1"},"content":{"rendered":"","protected":false},"excerpt":{"rendered":"<p><strong>Editorial: La escuela ser\u00e1 para todas o no ser\u00e1<\/strong><\/p>\n<p>Hace dos a\u00f1os y medio del nacimiento de El Diario de la Educaci\u00f3n. Un tiempo que ha supuesto, para el equipo, un gran esfuerzo, por un lado, y una enorme alegr\u00eda, por el otro.<\/p>\n<p>Hemos sido testigos de importantes cambios. Cambios revolucionarios, tal vez no al estilo cl\u00e1sico, pero revolucionarios al fin y al cabo. Realizados cotidianamente por miles de maestras y maestros, de familias y chicas y chicos. En sus formas de hacer y relacionarse con el entorno; cambios que han supuesto la construcci\u00f3n de un ecosistema educativo m\u00e1s all\u00e1 de las aulas, de los centros.<br \/>\nTambi\u00e9n hemos asistido a un aumento importante de voces en demanda de una educaci\u00f3n inclusiva. Pero no una cualquiera, sino una desde la concepci\u00f3n de los derechos humanos que contemple a todas las personas como seres diferentes, con dificultades y facilidades, con formas de comunicaci\u00f3n y de aprendizaje diferentes que han de ser respetadas.<\/p>\n<p>Este mirar casi ut\u00f3pico se encuentra, en ocasiones, con importantes dificultades. Que en no pocos casos solventan o alivian las familias luchando, por la v\u00eda judicial, para preservar los derechos de sus hijos e hijas a estar en un aula ordinaria. Y no solo porque la Constituci\u00f3n diga que todas las personas somos iguales y tenemos derecho a la educaci\u00f3n, sino porque hemos aceptado que esa educaci\u00f3n ha de ser de calidad para todas y todos, inclusiva.<br \/>\nY as\u00ed, hemos visto c\u00f3mo gracias al tes\u00f3n de esas madres y padres, la justicia ha fallado en bastantes ocasiones en favor de las familias y ha condenado a las administraciones a hacer un mayor esfuerzo por escolarizar a ni\u00f1as y ni\u00f1os con necesidades.<\/p>\n<p>Hasta el punto de que el Supremo ha sentado jurisprudencia obligando a todas las administraciones auton\u00f3micas y estatales a retractarse. Y hace no muchos meses, la propia ONU condenaba a Espa\u00f1a por el sistem\u00e1tico incumplimiento de este derecho a la educaci\u00f3n inclusiva para todas y todos.<\/p>\n<p>Entendiendo las dificultades que en un aula masificada y con exceso de horas lectivas y falta de apoyos encuentran miles de docentes. Es tiempo para hacer valer los derechos de las personas que m\u00e1s dif\u00edcil lo tienen. De que la escuela, las familias, el profesorado exijan una mejora sustancial de las condiciones de oportunidad para todas y todos.<\/p>\n<p>Porque el derecho a la educaci\u00f3n, a la escuela, ser\u00e1 inclusivo o no ser\u00e1.<\/p>\n<p>Con este primer n\u00famero en papel hemos querido repasar la situaci\u00f3n que miles de familias viven en relaci\u00f3n con la inclusi\u00f3n. Dificultades porque tienen necesidades educativas de apoyo, o porque son de una etnia minoritaria.<\/p>\n<p>Desde El Diario de la Educaci\u00f3n seguiremos contribuyendo, desde el periodismo independiente, a dar voz a todas esas iniciativas casi an\u00f3nimas que se desarrollan aqu\u00ed y all\u00e1, en Espa\u00f1a y en Am\u00e9rica Latina, y que ayudan a construir el derecho a la educaci\u00f3n de todas y para todas las personas.<\/p>\n","protected":false},"featured_media":52712,"comment_status":"open","ping_status":"closed","template":"","meta":{"_et_pb_use_builder":"","_et_pb_old_content":"","_et_gb_content_width":""},"product_cat":[11858,11859],"product_tag":[11860],"edicion":[11865],"editoriales":[11931],"tienda":[],"autor_id":[],"universidades_coeditoras":[],"palabras_clave":[],"listado_alfabetico":[],"acf":[],"_links":{"self":[{"href":"https:\/\/wizardly-davinci.82-223-8-23.plesk.page\/en\/wp-json\/wp\/v2\/product\/53397"}],"collection":[{"href":"https:\/\/wizardly-davinci.82-223-8-23.plesk.page\/en\/wp-json\/wp\/v2\/product"}],"about":[{"href":"https:\/\/wizardly-davinci.82-223-8-23.plesk.page\/en\/wp-json\/wp\/v2\/types\/product"}],"replies":[{"embeddable":true,"href":"https:\/\/wizardly-davinci.82-223-8-23.plesk.page\/en\/wp-json\/wp\/v2\/comments?post=53397"}],"wp:featuredmedia":[{"embeddable":true,"href":"https:\/\/wizardly-davinci.82-223-8-23.plesk.page\/en\/wp-json\/wp\/v2\/media\/52712"}],"wp:attachment":[{"href":"https:\/\/wizardly-davinci.82-223-8-23.plesk.page\/en\/wp-json\/wp\/v2\/media?parent=53397"}],"wp:term":[{"taxonomy":"product_cat","embeddable":true,"href":"https:\/\/wizardly-davinci.82-223-8-23.plesk.page\/en\/wp-json\/wp\/v2\/product_cat?post=53397"},{"taxonomy":"product_tag","embeddable":true,"href":"https:\/\/wizardly-davinci.82-223-8-23.plesk.page\/en\/wp-json\/wp\/v2\/product_tag?post=53397"},{"taxonomy":"edicion","embeddable":true,"href":"https:\/\/wizardly-davinci.82-223-8-23.plesk.page\/en\/wp-json\/wp\/v2\/edicion?post=53397"},{"taxonomy":"editoriales","embeddable":true,"href":"https:\/\/wizardly-davinci.82-223-8-23.plesk.page\/en\/wp-json\/wp\/v2\/editoriales?post=53397"},{"taxonomy":"tienda","embeddable":true,"href":"https:\/\/wizardly-davinci.82-223-8-23.plesk.page\/en\/wp-json\/wp\/v2\/tienda?post=53397"},{"taxonomy":"autor_id","embeddable":true,"href":"https:\/\/wizardly-davinci.82-223-8-23.plesk.page\/en\/wp-json\/wp\/v2\/autor_id?post=53397"},{"taxonomy":"universidades_coeditoras","embeddable":true,"href":"https:\/\/wizardly-davinci.82-223-8-23.plesk.page\/en\/wp-json\/wp\/v2\/universidades_coeditoras?post=53397"},{"taxonomy":"palabras_clave","embeddable":true,"href":"https:\/\/wizardly-davinci.82-223-8-23.plesk.page\/en\/wp-json\/wp\/v2\/palabras_clave?post=53397"},{"taxonomy":"listado_alfabetico","embeddable":true,"href":"https:\/\/wizardly-davinci.82-223-8-23.plesk.page\/en\/wp-json\/wp\/v2\/listado_alfabetico?post=53397"}],"curies":[{"name":"wp","href":"https:\/\/api.w.org\/{rel}","templated":true}]}}