{"id":53399,"date":"2020-09-23T18:35:30","date_gmt":"2020-09-23T16:35:30","guid":{"rendered":"https:\/\/octaedro.com\/libro\/el-rap-a-laula\/"},"modified":"2023-03-08T12:20:20","modified_gmt":"2023-03-08T11:20:20","slug":"el-rap-a-laula-2","status":"publish","type":"product","link":"https:\/\/wizardly-davinci.82-223-8-23.plesk.page\/en\/producto\/el-rap-a-laula-2\/","title":{"rendered":"El rap a l\u2019aula"},"content":{"rendered":"","protected":false},"excerpt":{"rendered":"<p>Aquest llibre \u00e9s una proposta \u00fanica. Ho \u00e9s perqu\u00e8 \ufb01ns a la consolidaci\u00f3 de la cooperativa Versembrant a casa nostra, la m\u00fasica rap havia estat bandejada a les nostres aules, a difer\u00e8ncia d\u2019altres pa\u00efsos. Mai abans s\u2019havia desplegat un estudi tan minuci\u00f3s de les potencialitats educatives del rap i el hip-hop com la que ens ofereix aquest Dossier.Aquesta aportaci\u00f3 cont\u00e9 una proposta de reorientaci\u00f3 educativa: la reivindicaci\u00f3 d\u2019una her\u00e8ncia vigotskiana no despullada de tot el seu car\u00e0cter revolucionari. I aix\u00f2 es concreta en un programa did\u00e0ctic v\u00e0lid per a les \u00e0rees de m\u00fasica, llengua, ci\u00e8ncies socials\u2026, que aborda la relaci\u00f3 entre la creativitat, l\u2019activitat i l\u2019aprenentatge de forma rigorosa, i en treu partit amb un programa que esprem \ufb01ns a les darreres conseq\u00fc\u00e8ncies el vincle entre emoci\u00f3 i cognici\u00f3.<br \/>\nLa m\u00fasica rap ens porta a representar-nos l\u2019escriptura d\u2019una nova manera, en interrelaci\u00f3 amb l\u2019oralitat. I Versembrant amb aquest Dossier hi contribueix reposicionant la veu dels joves a l\u2019aula, fomentant un nou espai de di\u00e0leg amb la realitat i impulsant l\u2019an\u00e0lisi sociocultural i la re\ufb02exi\u00f3 cr\u00edtica com a h\u00e0bit saludable. Interrogar el m\u00f3n des de punts de vista diferents ens ajuda a comprendre\u2019n la complexitat i el con\ufb02icte, com a pas necessari per transformar-lo.<br \/>\nAquest Dossier, amb conceptes i eines sobre com apro\ufb01tar la m\u00fasica rap a l\u2019aula, \u00e9s, doncs, a m\u00e9s d\u2019una not\u00edcia brillant, una oportunitat per reimaginar l\u2019educaci\u00f3.<\/p>\n","protected":false},"featured_media":52707,"comment_status":"open","ping_status":"closed","template":"","meta":{"_et_pb_use_builder":"","_et_pb_old_content":"","_et_gb_content_width":""},"product_cat":[11882,11902,11859,11925],"product_tag":[11860],"edicion":[11865],"editoriales":[12203],"tienda":[],"autor_id":[],"universidades_coeditoras":[],"palabras_clave":[],"listado_alfabetico":[],"acf":[],"_links":{"self":[{"href":"https:\/\/wizardly-davinci.82-223-8-23.plesk.page\/en\/wp-json\/wp\/v2\/product\/53399"}],"collection":[{"href":"https:\/\/wizardly-davinci.82-223-8-23.plesk.page\/en\/wp-json\/wp\/v2\/product"}],"about":[{"href":"https:\/\/wizardly-davinci.82-223-8-23.plesk.page\/en\/wp-json\/wp\/v2\/types\/product"}],"replies":[{"embeddable":true,"href":"https:\/\/wizardly-davinci.82-223-8-23.plesk.page\/en\/wp-json\/wp\/v2\/comments?post=53399"}],"wp:featuredmedia":[{"embeddable":true,"href":"https:\/\/wizardly-davinci.82-223-8-23.plesk.page\/en\/wp-json\/wp\/v2\/media\/52707"}],"wp:attachment":[{"href":"https:\/\/wizardly-davinci.82-223-8-23.plesk.page\/en\/wp-json\/wp\/v2\/media?parent=53399"}],"wp:term":[{"taxonomy":"product_cat","embeddable":true,"href":"https:\/\/wizardly-davinci.82-223-8-23.plesk.page\/en\/wp-json\/wp\/v2\/product_cat?post=53399"},{"taxonomy":"product_tag","embeddable":true,"href":"https:\/\/wizardly-davinci.82-223-8-23.plesk.page\/en\/wp-json\/wp\/v2\/product_tag?post=53399"},{"taxonomy":"edicion","embeddable":true,"href":"https:\/\/wizardly-davinci.82-223-8-23.plesk.page\/en\/wp-json\/wp\/v2\/edicion?post=53399"},{"taxonomy":"editoriales","embeddable":true,"href":"https:\/\/wizardly-davinci.82-223-8-23.plesk.page\/en\/wp-json\/wp\/v2\/editoriales?post=53399"},{"taxonomy":"tienda","embeddable":true,"href":"https:\/\/wizardly-davinci.82-223-8-23.plesk.page\/en\/wp-json\/wp\/v2\/tienda?post=53399"},{"taxonomy":"autor_id","embeddable":true,"href":"https:\/\/wizardly-davinci.82-223-8-23.plesk.page\/en\/wp-json\/wp\/v2\/autor_id?post=53399"},{"taxonomy":"universidades_coeditoras","embeddable":true,"href":"https:\/\/wizardly-davinci.82-223-8-23.plesk.page\/en\/wp-json\/wp\/v2\/universidades_coeditoras?post=53399"},{"taxonomy":"palabras_clave","embeddable":true,"href":"https:\/\/wizardly-davinci.82-223-8-23.plesk.page\/en\/wp-json\/wp\/v2\/palabras_clave?post=53399"},{"taxonomy":"listado_alfabetico","embeddable":true,"href":"https:\/\/wizardly-davinci.82-223-8-23.plesk.page\/en\/wp-json\/wp\/v2\/listado_alfabetico?post=53399"}],"curies":[{"name":"wp","href":"https:\/\/api.w.org\/{rel}","templated":true}]}}