{"id":53400,"date":"2020-09-23T18:29:03","date_gmt":"2020-09-23T16:29:03","guid":{"rendered":"https:\/\/octaedro.com\/libro\/repensar-leso-explorant-nous-escenaris\/"},"modified":"2023-03-08T12:20:20","modified_gmt":"2023-03-08T11:20:20","slug":"repensar-leso-explorant-nous-escenaris-2","status":"publish","type":"product","link":"https:\/\/wizardly-davinci.82-223-8-23.plesk.page\/en\/producto\/repensar-leso-explorant-nous-escenaris-2\/","title":{"rendered":"Repensar l\u2019ESO. Explorant nous escenaris"},"content":{"rendered":"","protected":false},"excerpt":{"rendered":"<p>Ramon Grau fa una aposta valenta per mostrar possibles escenaris de transformaci\u00f3 per a l\u2019educaci\u00f3 secund\u00e0ria obligat\u00f2ria. Partint d\u2019una an\u00e0lisi que posa de manifest les febleses del sistema en aquesta etapa, ens proposa tres l\u00ednies d\u2019aven\u00e7 que de forma coordinada pretenen una educaci\u00f3 inclusiva, que capti la mirada de l\u2019alumnat i eduqui joves del segle XXI. Aix\u00ed, el llibre ens mostra m\u00faltiples exemples que combinen la personalitzaci\u00f3, la creaci\u00f3 de coneixement i l\u2019estudi de la realitat amb metodologies basades en la indagaci\u00f3, les tres potes de la seva proposta.<br \/>\nI tot aix\u00f2, per aconseguir un aprenentatge profund, \u00e9s a dir, s\u00f2lid i durador, que capacita per entendre, avaluar i intervenir en l\u2019entorn (en sentit ampli: persones, medi; passat, present, futur). Un aprenentatge que cerca la construcci\u00f3 i consolidaci\u00f3 d\u2019aquelles capacitats que doten les persones d\u2019un sistema propi d\u2019aprenentatge que les acompanyar\u00e0 al llarg de tota la seva exist\u00e8ncia i els permetr\u00e0 d\u2019aprendre a aprendre aut\u00f2nomament.<\/p>\n","protected":false},"featured_media":52706,"comment_status":"open","ping_status":"closed","template":"","meta":{"_et_pb_use_builder":"","_et_pb_old_content":"","_et_gb_content_width":""},"product_cat":[11882,11902,11859,11925],"product_tag":[11860],"edicion":[11865],"editoriales":[12203],"tienda":[],"autor_id":[],"universidades_coeditoras":[],"palabras_clave":[],"listado_alfabetico":[],"acf":[],"_links":{"self":[{"href":"https:\/\/wizardly-davinci.82-223-8-23.plesk.page\/en\/wp-json\/wp\/v2\/product\/53400"}],"collection":[{"href":"https:\/\/wizardly-davinci.82-223-8-23.plesk.page\/en\/wp-json\/wp\/v2\/product"}],"about":[{"href":"https:\/\/wizardly-davinci.82-223-8-23.plesk.page\/en\/wp-json\/wp\/v2\/types\/product"}],"replies":[{"embeddable":true,"href":"https:\/\/wizardly-davinci.82-223-8-23.plesk.page\/en\/wp-json\/wp\/v2\/comments?post=53400"}],"wp:featuredmedia":[{"embeddable":true,"href":"https:\/\/wizardly-davinci.82-223-8-23.plesk.page\/en\/wp-json\/wp\/v2\/media\/52706"}],"wp:attachment":[{"href":"https:\/\/wizardly-davinci.82-223-8-23.plesk.page\/en\/wp-json\/wp\/v2\/media?parent=53400"}],"wp:term":[{"taxonomy":"product_cat","embeddable":true,"href":"https:\/\/wizardly-davinci.82-223-8-23.plesk.page\/en\/wp-json\/wp\/v2\/product_cat?post=53400"},{"taxonomy":"product_tag","embeddable":true,"href":"https:\/\/wizardly-davinci.82-223-8-23.plesk.page\/en\/wp-json\/wp\/v2\/product_tag?post=53400"},{"taxonomy":"edicion","embeddable":true,"href":"https:\/\/wizardly-davinci.82-223-8-23.plesk.page\/en\/wp-json\/wp\/v2\/edicion?post=53400"},{"taxonomy":"editoriales","embeddable":true,"href":"https:\/\/wizardly-davinci.82-223-8-23.plesk.page\/en\/wp-json\/wp\/v2\/editoriales?post=53400"},{"taxonomy":"tienda","embeddable":true,"href":"https:\/\/wizardly-davinci.82-223-8-23.plesk.page\/en\/wp-json\/wp\/v2\/tienda?post=53400"},{"taxonomy":"autor_id","embeddable":true,"href":"https:\/\/wizardly-davinci.82-223-8-23.plesk.page\/en\/wp-json\/wp\/v2\/autor_id?post=53400"},{"taxonomy":"universidades_coeditoras","embeddable":true,"href":"https:\/\/wizardly-davinci.82-223-8-23.plesk.page\/en\/wp-json\/wp\/v2\/universidades_coeditoras?post=53400"},{"taxonomy":"palabras_clave","embeddable":true,"href":"https:\/\/wizardly-davinci.82-223-8-23.plesk.page\/en\/wp-json\/wp\/v2\/palabras_clave?post=53400"},{"taxonomy":"listado_alfabetico","embeddable":true,"href":"https:\/\/wizardly-davinci.82-223-8-23.plesk.page\/en\/wp-json\/wp\/v2\/listado_alfabetico?post=53400"}],"curies":[{"name":"wp","href":"https:\/\/api.w.org\/{rel}","templated":true}]}}