{"id":53401,"date":"2020-09-23T18:23:27","date_gmt":"2020-09-23T16:23:27","guid":{"rendered":"https:\/\/octaedro.com\/libro\/amb-contes-he-remat\/"},"modified":"2023-03-08T12:20:20","modified_gmt":"2023-03-08T11:20:20","slug":"amb-contes-he-remat-2","status":"publish","type":"product","link":"https:\/\/wizardly-davinci.82-223-8-23.plesk.page\/en\/producto\/amb-contes-he-remat-2\/","title":{"rendered":"Amb contes he remat"},"content":{"rendered":"","protected":false},"excerpt":{"rendered":"<p>En aquest llibre Elisabet Abey\u00e0 ens narra alguns aspectes de la seva vida professional, des dels inicis de l\u2019escola en catal\u00e0 a Mallorca als anys setanta del segle passat fins a l\u2019\u00e8poca recent, mb les diferents amenaces que ha rebut l\u2019ensenyament.<br \/>\nDins de la seva traject\u00f2ria hi destaca especialment la import\u00e0ncia de la narraci\u00f3 oral. Per ella els contes s\u00f3n una eina de comunicaci\u00f3 privilegiada i carregada de sentit, i no un simple espectacle o un recurs did\u00e0ctic per treure\u2019n un profit.<br \/>\nEls contes s\u00f3n un regal que ens fem els uns als altres, i que ens alimenten possiblement durant tota la vida.<br \/>\nAquest llibre vol \u00abinspirar els qui ara mateix fan de mestres i d\u2019adults prop dels infants (familiars, monitors, terapeutes, bibliotecaris\u2026) per confiar en els contes com a mitj\u00e0 de comunicaci\u00f3 i sobretot per confiar en els infants mateixos\u00bb, tal com llegim a la introducci\u00f3.<br \/>\nLes reflexions que aqu\u00ed s\u2019exposen, esquitxades d\u2019an\u00e8cdotes de la vida real, ens conviden a plantejar-nos l\u2019ensenyament a fons, amb sinceritat i sense por, fent \u00e8mfasi en el llenguatge i en tot el bagatge cultural que aquest ens transmet.<br \/>\nA tot el text s\u2019entreveu el respecte cap als contes populars, cap a la comunicaci\u00f3 oral i sobretot cap als infants.<\/p>\n","protected":false},"featured_media":52705,"comment_status":"open","ping_status":"closed","template":"","meta":{"_et_pb_use_builder":"","_et_pb_old_content":"","_et_gb_content_width":""},"product_cat":[11882,11902,11859,11925],"product_tag":[11860],"edicion":[11865],"editoriales":[12203],"tienda":[],"autor_id":[13771],"universidades_coeditoras":[],"palabras_clave":[],"listado_alfabetico":[],"acf":[],"_links":{"self":[{"href":"https:\/\/wizardly-davinci.82-223-8-23.plesk.page\/en\/wp-json\/wp\/v2\/product\/53401"}],"collection":[{"href":"https:\/\/wizardly-davinci.82-223-8-23.plesk.page\/en\/wp-json\/wp\/v2\/product"}],"about":[{"href":"https:\/\/wizardly-davinci.82-223-8-23.plesk.page\/en\/wp-json\/wp\/v2\/types\/product"}],"replies":[{"embeddable":true,"href":"https:\/\/wizardly-davinci.82-223-8-23.plesk.page\/en\/wp-json\/wp\/v2\/comments?post=53401"}],"wp:featuredmedia":[{"embeddable":true,"href":"https:\/\/wizardly-davinci.82-223-8-23.plesk.page\/en\/wp-json\/wp\/v2\/media\/52705"}],"wp:attachment":[{"href":"https:\/\/wizardly-davinci.82-223-8-23.plesk.page\/en\/wp-json\/wp\/v2\/media?parent=53401"}],"wp:term":[{"taxonomy":"product_cat","embeddable":true,"href":"https:\/\/wizardly-davinci.82-223-8-23.plesk.page\/en\/wp-json\/wp\/v2\/product_cat?post=53401"},{"taxonomy":"product_tag","embeddable":true,"href":"https:\/\/wizardly-davinci.82-223-8-23.plesk.page\/en\/wp-json\/wp\/v2\/product_tag?post=53401"},{"taxonomy":"edicion","embeddable":true,"href":"https:\/\/wizardly-davinci.82-223-8-23.plesk.page\/en\/wp-json\/wp\/v2\/edicion?post=53401"},{"taxonomy":"editoriales","embeddable":true,"href":"https:\/\/wizardly-davinci.82-223-8-23.plesk.page\/en\/wp-json\/wp\/v2\/editoriales?post=53401"},{"taxonomy":"tienda","embeddable":true,"href":"https:\/\/wizardly-davinci.82-223-8-23.plesk.page\/en\/wp-json\/wp\/v2\/tienda?post=53401"},{"taxonomy":"autor_id","embeddable":true,"href":"https:\/\/wizardly-davinci.82-223-8-23.plesk.page\/en\/wp-json\/wp\/v2\/autor_id?post=53401"},{"taxonomy":"universidades_coeditoras","embeddable":true,"href":"https:\/\/wizardly-davinci.82-223-8-23.plesk.page\/en\/wp-json\/wp\/v2\/universidades_coeditoras?post=53401"},{"taxonomy":"palabras_clave","embeddable":true,"href":"https:\/\/wizardly-davinci.82-223-8-23.plesk.page\/en\/wp-json\/wp\/v2\/palabras_clave?post=53401"},{"taxonomy":"listado_alfabetico","embeddable":true,"href":"https:\/\/wizardly-davinci.82-223-8-23.plesk.page\/en\/wp-json\/wp\/v2\/listado_alfabetico?post=53401"}],"curies":[{"name":"wp","href":"https:\/\/api.w.org\/{rel}","templated":true}]}}