{"id":53403,"date":"2020-09-23T18:05:43","date_gmt":"2020-09-23T16:05:43","guid":{"rendered":"https:\/\/octaedro.com\/libro\/leducacio-i-el-somriure-dels-infants\/"},"modified":"2023-03-08T12:20:20","modified_gmt":"2023-03-08T11:20:20","slug":"leducacio-i-el-somriure-dels-infants-2","status":"publish","type":"product","link":"https:\/\/wizardly-davinci.82-223-8-23.plesk.page\/en\/producto\/leducacio-i-el-somriure-dels-infants-2\/","title":{"rendered":"L\u2019educaci\u00f3 i el somriure dels infants"},"content":{"rendered":"","protected":false},"excerpt":{"rendered":"<p>Despr\u00e9s de m\u00e9s de quatre d\u00e8cades de mestra, Maria Teresa Mas Adell ens deixa el seu testimoni en aquest text viu, motivador i educatiu. L\u2019autora repassa els principals temes que incideixen en l\u2019educaci\u00f3 com s\u00f3n la normalitzaci\u00f3 ling\u00fc\u00edstica, el dol, l\u2019educaci\u00f3 afectivosexual, els alumnes d\u2019altes capacitats, la fam\u00edlia, l\u2019escola inclusiva, la biblioteca escolar\u2026, sempre amb una mirada positiva i cr\u00edtica. Un llibre amanit amb una pila d\u2019an\u00e8cdotes que il\u00b7lustren els darrers anys de l\u2019educaci\u00f3 al nostre pa\u00eds i mostren les seves llums i ombres amb la finalitat d\u2019orientar el cam\u00ed als actuals i futurs educadors. I \u00e9s que, com diu aquesta mestra jubilada \u00abviviu l\u2019ensenyament amb un somriure, felicitat, alegria i sempre amb positivisme, i feu-lo viure als infants: tots sereu m\u00e9s feli\u00e7os. S\u00ed, crec que podem parlar de l\u2019educaci\u00f3 dels somriures!\u00bb.<\/p>\n","protected":false},"featured_media":52704,"comment_status":"open","ping_status":"closed","template":"","meta":{"_et_pb_use_builder":"","_et_pb_old_content":"","_et_gb_content_width":""},"product_cat":[11882,11902,11859,11925],"product_tag":[11860],"edicion":[11865],"editoriales":[12203],"tienda":[],"autor_id":[],"universidades_coeditoras":[],"palabras_clave":[],"listado_alfabetico":[],"acf":[],"_links":{"self":[{"href":"https:\/\/wizardly-davinci.82-223-8-23.plesk.page\/en\/wp-json\/wp\/v2\/product\/53403"}],"collection":[{"href":"https:\/\/wizardly-davinci.82-223-8-23.plesk.page\/en\/wp-json\/wp\/v2\/product"}],"about":[{"href":"https:\/\/wizardly-davinci.82-223-8-23.plesk.page\/en\/wp-json\/wp\/v2\/types\/product"}],"replies":[{"embeddable":true,"href":"https:\/\/wizardly-davinci.82-223-8-23.plesk.page\/en\/wp-json\/wp\/v2\/comments?post=53403"}],"wp:featuredmedia":[{"embeddable":true,"href":"https:\/\/wizardly-davinci.82-223-8-23.plesk.page\/en\/wp-json\/wp\/v2\/media\/52704"}],"wp:attachment":[{"href":"https:\/\/wizardly-davinci.82-223-8-23.plesk.page\/en\/wp-json\/wp\/v2\/media?parent=53403"}],"wp:term":[{"taxonomy":"product_cat","embeddable":true,"href":"https:\/\/wizardly-davinci.82-223-8-23.plesk.page\/en\/wp-json\/wp\/v2\/product_cat?post=53403"},{"taxonomy":"product_tag","embeddable":true,"href":"https:\/\/wizardly-davinci.82-223-8-23.plesk.page\/en\/wp-json\/wp\/v2\/product_tag?post=53403"},{"taxonomy":"edicion","embeddable":true,"href":"https:\/\/wizardly-davinci.82-223-8-23.plesk.page\/en\/wp-json\/wp\/v2\/edicion?post=53403"},{"taxonomy":"editoriales","embeddable":true,"href":"https:\/\/wizardly-davinci.82-223-8-23.plesk.page\/en\/wp-json\/wp\/v2\/editoriales?post=53403"},{"taxonomy":"tienda","embeddable":true,"href":"https:\/\/wizardly-davinci.82-223-8-23.plesk.page\/en\/wp-json\/wp\/v2\/tienda?post=53403"},{"taxonomy":"autor_id","embeddable":true,"href":"https:\/\/wizardly-davinci.82-223-8-23.plesk.page\/en\/wp-json\/wp\/v2\/autor_id?post=53403"},{"taxonomy":"universidades_coeditoras","embeddable":true,"href":"https:\/\/wizardly-davinci.82-223-8-23.plesk.page\/en\/wp-json\/wp\/v2\/universidades_coeditoras?post=53403"},{"taxonomy":"palabras_clave","embeddable":true,"href":"https:\/\/wizardly-davinci.82-223-8-23.plesk.page\/en\/wp-json\/wp\/v2\/palabras_clave?post=53403"},{"taxonomy":"listado_alfabetico","embeddable":true,"href":"https:\/\/wizardly-davinci.82-223-8-23.plesk.page\/en\/wp-json\/wp\/v2\/listado_alfabetico?post=53403"}],"curies":[{"name":"wp","href":"https:\/\/api.w.org\/{rel}","templated":true}]}}