{"id":53405,"date":"2020-09-23T17:38:54","date_gmt":"2020-09-23T15:38:54","guid":{"rendered":"https:\/\/octaedro.com\/libro\/sense-paraules\/"},"modified":"2023-03-08T12:20:20","modified_gmt":"2023-03-08T11:20:20","slug":"sense-paraules-2","status":"publish","type":"product","link":"https:\/\/wizardly-davinci.82-223-8-23.plesk.page\/en\/producto\/sense-paraules-2\/","title":{"rendered":"Sense paraules"},"content":{"rendered":"","protected":false},"excerpt":{"rendered":"<p>Sense paraules \u00e9s una guia pr\u00e0ctica que ajuda a trencar el mite que les narracions gr\u00e0fiques sense paraules s\u00f3n nom\u00e9s per a prelectors. Aquests tallers \u2013que podreu replicar f\u00e0cilment perqu\u00e8 estan descrits amb molt de detall\u2013 us descobriran la gran varietat d\u2019\u00e0lbums sense paraules existents i podreu constatar que les imatges parlen. Coneixereu llibres d\u2019imatges que ens ajuden a recordar el conte de la Caputxeta Vermella (versions), i d\u2019altres que ens expliquen hist\u00f2ries que no tenen ni principi ni final (narracions circulars). Gaudireu d\u2019imatges que narren viatges que van cap endavant i cap enrere (zooms) i d\u2019altres que ens mostren com les formes es transformen (metamorfosi); imatges atape\u00efdes de personatges que ens presenten moltes hist\u00f2ries alhora (\u00e0lbums corals) i d\u2019altres que ens fan adonar de com neixen les ciutats (el pas del temps). Gr\u00e0cies a la lectura detinguda, la relectura, la lectura compartida i la creaci\u00f3 d\u2019imatges podrem entendre i estimar les narratives gr\u00e0fiques sense paraules.<\/p>\n","protected":false},"featured_media":52703,"comment_status":"open","ping_status":"closed","template":"","meta":{"_et_pb_use_builder":"","_et_pb_old_content":"","_et_gb_content_width":""},"product_cat":[11882,11859],"product_tag":[11860],"edicion":[11865],"editoriales":[12203],"tienda":[],"autor_id":[],"universidades_coeditoras":[],"palabras_clave":[],"listado_alfabetico":[],"acf":[],"_links":{"self":[{"href":"https:\/\/wizardly-davinci.82-223-8-23.plesk.page\/en\/wp-json\/wp\/v2\/product\/53405"}],"collection":[{"href":"https:\/\/wizardly-davinci.82-223-8-23.plesk.page\/en\/wp-json\/wp\/v2\/product"}],"about":[{"href":"https:\/\/wizardly-davinci.82-223-8-23.plesk.page\/en\/wp-json\/wp\/v2\/types\/product"}],"replies":[{"embeddable":true,"href":"https:\/\/wizardly-davinci.82-223-8-23.plesk.page\/en\/wp-json\/wp\/v2\/comments?post=53405"}],"wp:featuredmedia":[{"embeddable":true,"href":"https:\/\/wizardly-davinci.82-223-8-23.plesk.page\/en\/wp-json\/wp\/v2\/media\/52703"}],"wp:attachment":[{"href":"https:\/\/wizardly-davinci.82-223-8-23.plesk.page\/en\/wp-json\/wp\/v2\/media?parent=53405"}],"wp:term":[{"taxonomy":"product_cat","embeddable":true,"href":"https:\/\/wizardly-davinci.82-223-8-23.plesk.page\/en\/wp-json\/wp\/v2\/product_cat?post=53405"},{"taxonomy":"product_tag","embeddable":true,"href":"https:\/\/wizardly-davinci.82-223-8-23.plesk.page\/en\/wp-json\/wp\/v2\/product_tag?post=53405"},{"taxonomy":"edicion","embeddable":true,"href":"https:\/\/wizardly-davinci.82-223-8-23.plesk.page\/en\/wp-json\/wp\/v2\/edicion?post=53405"},{"taxonomy":"editoriales","embeddable":true,"href":"https:\/\/wizardly-davinci.82-223-8-23.plesk.page\/en\/wp-json\/wp\/v2\/editoriales?post=53405"},{"taxonomy":"tienda","embeddable":true,"href":"https:\/\/wizardly-davinci.82-223-8-23.plesk.page\/en\/wp-json\/wp\/v2\/tienda?post=53405"},{"taxonomy":"autor_id","embeddable":true,"href":"https:\/\/wizardly-davinci.82-223-8-23.plesk.page\/en\/wp-json\/wp\/v2\/autor_id?post=53405"},{"taxonomy":"universidades_coeditoras","embeddable":true,"href":"https:\/\/wizardly-davinci.82-223-8-23.plesk.page\/en\/wp-json\/wp\/v2\/universidades_coeditoras?post=53405"},{"taxonomy":"palabras_clave","embeddable":true,"href":"https:\/\/wizardly-davinci.82-223-8-23.plesk.page\/en\/wp-json\/wp\/v2\/palabras_clave?post=53405"},{"taxonomy":"listado_alfabetico","embeddable":true,"href":"https:\/\/wizardly-davinci.82-223-8-23.plesk.page\/en\/wp-json\/wp\/v2\/listado_alfabetico?post=53405"}],"curies":[{"name":"wp","href":"https:\/\/api.w.org\/{rel}","templated":true}]}}