{"id":53409,"date":"2019-06-23T17:20:28","date_gmt":"2019-06-23T15:20:28","guid":{"rendered":"https:\/\/octaedro.com\/libro\/el-petit-polzet\/"},"modified":"2023-03-08T12:20:20","modified_gmt":"2023-03-08T11:20:20","slug":"el-petit-polzet-2","status":"publish","type":"product","link":"https:\/\/wizardly-davinci.82-223-8-23.plesk.page\/en\/producto\/el-petit-polzet-2\/","title":{"rendered":"El Petit Polzet"},"content":{"rendered":"","protected":false},"excerpt":{"rendered":"<p>Reedici\u00f3 d\u2019un CL\u00c0SSIC, en maj\u00fascules, tant pel conte en s\u00ed mateix, una de les millors hist\u00f2ries de la literatura infantil de tots els temps, com per la seva realitzaci\u00f3 per part del fot\u00f2graf i artista Pere Formiguera. Les il\u00b7lustracions del Petit Polzet estan compostes per diverses fotografies realitzades separadament amb els m\u00e8todes habituals i tractades amb procediments inform\u00e0tics fins a aconseguir la imatge definitiva. Aix\u00f2 s\u2019esdevingu\u00e9 el 1994, a les beceroles dels programes de tractament d\u2019imatges, i supos\u00e0 una aut\u00e8ntica revoluci\u00f3 per l\u2019\u00e8poca, especialment pel que fa a la seva aplicaci\u00f3 a la literatura infantil. Un testimoni de la hist\u00f2ria de la literatura infantil catalana que veu de nou la llum, una obra \u00fanica d\u2019un artista avan\u00e7at per la seva \u00e8poca: Pere Formiguera (Sant Cugat del Vall\u00e8s, 1952 \u2013 Barcelona, 2013).<\/p>\n","protected":false},"featured_media":52700,"comment_status":"open","ping_status":"closed","template":"","meta":{"_et_pb_use_builder":"","_et_pb_old_content":"","_et_gb_content_width":""},"product_cat":[11882,11902,11859,11925],"product_tag":[11860],"edicion":[11865],"editoriales":[12203],"tienda":[],"autor_id":[],"universidades_coeditoras":[],"palabras_clave":[],"listado_alfabetico":[],"acf":[],"_links":{"self":[{"href":"https:\/\/wizardly-davinci.82-223-8-23.plesk.page\/en\/wp-json\/wp\/v2\/product\/53409"}],"collection":[{"href":"https:\/\/wizardly-davinci.82-223-8-23.plesk.page\/en\/wp-json\/wp\/v2\/product"}],"about":[{"href":"https:\/\/wizardly-davinci.82-223-8-23.plesk.page\/en\/wp-json\/wp\/v2\/types\/product"}],"replies":[{"embeddable":true,"href":"https:\/\/wizardly-davinci.82-223-8-23.plesk.page\/en\/wp-json\/wp\/v2\/comments?post=53409"}],"wp:featuredmedia":[{"embeddable":true,"href":"https:\/\/wizardly-davinci.82-223-8-23.plesk.page\/en\/wp-json\/wp\/v2\/media\/52700"}],"wp:attachment":[{"href":"https:\/\/wizardly-davinci.82-223-8-23.plesk.page\/en\/wp-json\/wp\/v2\/media?parent=53409"}],"wp:term":[{"taxonomy":"product_cat","embeddable":true,"href":"https:\/\/wizardly-davinci.82-223-8-23.plesk.page\/en\/wp-json\/wp\/v2\/product_cat?post=53409"},{"taxonomy":"product_tag","embeddable":true,"href":"https:\/\/wizardly-davinci.82-223-8-23.plesk.page\/en\/wp-json\/wp\/v2\/product_tag?post=53409"},{"taxonomy":"edicion","embeddable":true,"href":"https:\/\/wizardly-davinci.82-223-8-23.plesk.page\/en\/wp-json\/wp\/v2\/edicion?post=53409"},{"taxonomy":"editoriales","embeddable":true,"href":"https:\/\/wizardly-davinci.82-223-8-23.plesk.page\/en\/wp-json\/wp\/v2\/editoriales?post=53409"},{"taxonomy":"tienda","embeddable":true,"href":"https:\/\/wizardly-davinci.82-223-8-23.plesk.page\/en\/wp-json\/wp\/v2\/tienda?post=53409"},{"taxonomy":"autor_id","embeddable":true,"href":"https:\/\/wizardly-davinci.82-223-8-23.plesk.page\/en\/wp-json\/wp\/v2\/autor_id?post=53409"},{"taxonomy":"universidades_coeditoras","embeddable":true,"href":"https:\/\/wizardly-davinci.82-223-8-23.plesk.page\/en\/wp-json\/wp\/v2\/universidades_coeditoras?post=53409"},{"taxonomy":"palabras_clave","embeddable":true,"href":"https:\/\/wizardly-davinci.82-223-8-23.plesk.page\/en\/wp-json\/wp\/v2\/palabras_clave?post=53409"},{"taxonomy":"listado_alfabetico","embeddable":true,"href":"https:\/\/wizardly-davinci.82-223-8-23.plesk.page\/en\/wp-json\/wp\/v2\/listado_alfabetico?post=53409"}],"curies":[{"name":"wp","href":"https:\/\/api.w.org\/{rel}","templated":true}]}}