{"id":53411,"date":"2020-12-09T18:10:55","date_gmt":"2020-12-09T17:10:55","guid":{"rendered":"https:\/\/octaedro.com\/libro\/el-uso-de-las-narrativas-en-la-ensenanza-universitaria\/"},"modified":"2023-03-08T12:20:20","modified_gmt":"2023-03-08T11:20:20","slug":"el-uso-de-las-narrativas-en-la-ensenanza-universitaria-2","status":"publish","type":"product","link":"https:\/\/wizardly-davinci.82-223-8-23.plesk.page\/en\/producto\/el-uso-de-las-narrativas-en-la-ensenanza-universitaria-2\/","title":{"rendered":"El uso de las narrativas en la ense\u00f1anza universitaria"},"content":{"rendered":"","protected":false},"excerpt":{"rendered":"<p>Trabajar en el aula universitaria con narrativas ofrece un abanico de oportunidades para compartir y analizar experiencias de diversa \u00edndole que permiten comprender, interpretar y reconstruir significados y significantes \u2013pol\u00edticos, sociales, educativos y culturales\u2013 vinculados con la profesi\u00f3n y la identidad profesional tanto en la esfera disciplinar en que se circunscribe una materia como en cuanto a las posibilidades interactivas y de reconstrucci\u00f3n de la historia que ofrece esta perspectiva.<br \/>\nEste libro recoge un amplio y diverso conjunto de experiencias que en el campo de la educaci\u00f3n superior han hecho uso de estrategias narrativas, sobre todo en \u00e1reas de educaci\u00f3n y comunicaci\u00f3n. Estamos ante una obra destinada a todo aquel profesional de la docencia \u2013en cualquiera de sus \u00e1mbitos y etapas\u2013 que quiera romper con una l\u00f3gica pedag\u00f3gica transmisora y unidireccional, con el objeto de transitar y explorar otras formas de construir, producir, situar y resignificar el conocimiento acad\u00e9mico a partir y a trav\u00e9s de las distintas narrativas que se pueden poner en juego en un escenario formativo.<br \/>\nUna gran parte de los cap\u00edtulos de este libro recoge los resultados del proyecto de innovaci\u00f3n docente titulado \u00abEl uso de narrativas en la ense\u00f1anza universitaria\u00bb (PIE17-160\/UMA), coordinado por el profesor Pablo Cort\u00e9s Gonz\u00e1lez, de la Universidad de M\u00e1laga, en el cual se plasman las m\u00faltiples experiencias que se han desarrollado en el \u00e1rea de la docencia mediante narrativas; la otra parte de los cap\u00edtulos presenta relevantes aportaciones internacionales fuera del mencionado proyecto.<\/p>\n","protected":false},"featured_media":52694,"comment_status":"open","ping_status":"closed","template":"","meta":{"_et_pb_use_builder":"","_et_pb_old_content":"","_et_gb_content_width":""},"product_cat":[11899,11913,11859,11907],"product_tag":[11893],"edicion":[12178,11865],"editoriales":[11867],"tienda":[],"autor_id":[13932,19513],"universidades_coeditoras":[12338],"palabras_clave":[],"listado_alfabetico":[],"acf":[],"_links":{"self":[{"href":"https:\/\/wizardly-davinci.82-223-8-23.plesk.page\/en\/wp-json\/wp\/v2\/product\/53411"}],"collection":[{"href":"https:\/\/wizardly-davinci.82-223-8-23.plesk.page\/en\/wp-json\/wp\/v2\/product"}],"about":[{"href":"https:\/\/wizardly-davinci.82-223-8-23.plesk.page\/en\/wp-json\/wp\/v2\/types\/product"}],"replies":[{"embeddable":true,"href":"https:\/\/wizardly-davinci.82-223-8-23.plesk.page\/en\/wp-json\/wp\/v2\/comments?post=53411"}],"wp:featuredmedia":[{"embeddable":true,"href":"https:\/\/wizardly-davinci.82-223-8-23.plesk.page\/en\/wp-json\/wp\/v2\/media\/52694"}],"wp:attachment":[{"href":"https:\/\/wizardly-davinci.82-223-8-23.plesk.page\/en\/wp-json\/wp\/v2\/media?parent=53411"}],"wp:term":[{"taxonomy":"product_cat","embeddable":true,"href":"https:\/\/wizardly-davinci.82-223-8-23.plesk.page\/en\/wp-json\/wp\/v2\/product_cat?post=53411"},{"taxonomy":"product_tag","embeddable":true,"href":"https:\/\/wizardly-davinci.82-223-8-23.plesk.page\/en\/wp-json\/wp\/v2\/product_tag?post=53411"},{"taxonomy":"edicion","embeddable":true,"href":"https:\/\/wizardly-davinci.82-223-8-23.plesk.page\/en\/wp-json\/wp\/v2\/edicion?post=53411"},{"taxonomy":"editoriales","embeddable":true,"href":"https:\/\/wizardly-davinci.82-223-8-23.plesk.page\/en\/wp-json\/wp\/v2\/editoriales?post=53411"},{"taxonomy":"tienda","embeddable":true,"href":"https:\/\/wizardly-davinci.82-223-8-23.plesk.page\/en\/wp-json\/wp\/v2\/tienda?post=53411"},{"taxonomy":"autor_id","embeddable":true,"href":"https:\/\/wizardly-davinci.82-223-8-23.plesk.page\/en\/wp-json\/wp\/v2\/autor_id?post=53411"},{"taxonomy":"universidades_coeditoras","embeddable":true,"href":"https:\/\/wizardly-davinci.82-223-8-23.plesk.page\/en\/wp-json\/wp\/v2\/universidades_coeditoras?post=53411"},{"taxonomy":"palabras_clave","embeddable":true,"href":"https:\/\/wizardly-davinci.82-223-8-23.plesk.page\/en\/wp-json\/wp\/v2\/palabras_clave?post=53411"},{"taxonomy":"listado_alfabetico","embeddable":true,"href":"https:\/\/wizardly-davinci.82-223-8-23.plesk.page\/en\/wp-json\/wp\/v2\/listado_alfabetico?post=53411"}],"curies":[{"name":"wp","href":"https:\/\/api.w.org\/{rel}","templated":true}]}}