{"id":53412,"date":"2020-11-25T19:32:32","date_gmt":"2020-11-25T18:32:32","guid":{"rendered":"https:\/\/octaedro.com\/libro\/y-ahora-que\/"},"modified":"2023-03-08T12:20:20","modified_gmt":"2023-03-08T11:20:20","slug":"y-ahora-que-2","status":"publish","type":"product","link":"https:\/\/wizardly-davinci.82-223-8-23.plesk.page\/en\/producto\/y-ahora-que-2\/","title":{"rendered":"\u00bfY ahora qu\u00e9?"},"content":{"rendered":"","protected":false},"excerpt":{"rendered":"<p>He aqu\u00ed una obra que se plantea c\u00f3mo mejorar la educaci\u00f3n. Asumiendo este compromiso, hace ya unos cuantos a\u00f1os que Gino Ferri comenz\u00f3 su tarea como formador. El autor huye de un discurso que sea del gusto de todos y se dirige a los lectores con un personal\u00edsimo toque de sarcasmo, irreverencia y seducci\u00f3n.<br \/>\nAs\u00ed, publicamos este libro para que quien haya sido sacudido por sus formaciones tenga un soporte textual de las situaciones vividas. Y para que quien haya sido un detractor tenga la posibilidad de leerlo en profundidad y, de este modo, decidir si comparte la esencia de la arenga de Gino Ferri.<br \/>\nYa desde el mismo t\u00edtulo, este libro, m\u00e1s que dar respuestas, plantea preguntas. Es un ejercicio de creaci\u00f3n de dudas sobre la educaci\u00f3n.<br \/>\nLa ventaja del libro sobre las formaciones de Gino Ferri es que se puede releer tantas veces como se desee.<\/p>\n<p><em>\u00abNo deber\u00edamos hablar de una escuela ideal, sino de una escuela real. Una escuela que se base en unos valores fundativos de toda civilizaci\u00f3n: la responsabilidad compartida, una alta cultura de la convivencia, a partir de la cooparticipaci\u00f3n de todos, la solidaridad y el cuidado del bienestar com\u00fan a trav\u00e9s de las relaciones; estos deber\u00edan ser los valores transversales\u00bb.<\/em><\/p>\n<p style=\"text-align: right;\">(Entrevista al autor en <a href=\"https:\/\/www.elsaltodiario.com\/educacion\/gino-ferri-conectar-proceso-educativo-vida-necesario-menos-existe-escuela\">www.elsaltodiario.com<\/a>, 15 de junio de 2020)<\/p>\n<p><em>\u00abLa escuela debe ayudar a las personas a saber pensar, saber construir y saber actuar. Para ello se deber\u00eda involucrar a las familias en la escuela, porque si no, lo que las familias esperan de la escuela son buenas notas, buenos resultados acad\u00e9micos. Pero tambi\u00e9n es responsabilidad de la escuela ayudar a las familias a comprender algo diferente\u00bb.<\/em><\/p>\n<p style=\"text-align: right;\">(Entrevista al autor en <a href=\"http:\/\/diarieducacio.cat\/escolaestiurosasensat\/2015\/07\/04\/gino-ferri-si-no-involucramos-a-las-familias-en-la-escuela-solo-esperaran-de-ella-buenas-notas\/\">www.diarieducacio.cat<\/a>, 4 de julio de 2015)<\/p>\n","protected":false},"featured_media":52690,"comment_status":"open","ping_status":"closed","template":"","meta":{"_et_pb_use_builder":"","_et_pb_old_content":"","_et_gb_content_width":""},"product_cat":[11858,11859],"product_tag":[11860],"edicion":[11865],"editoriales":[11867,12203],"tienda":[],"autor_id":[19515],"universidades_coeditoras":[],"palabras_clave":[],"listado_alfabetico":[],"acf":[],"_links":{"self":[{"href":"https:\/\/wizardly-davinci.82-223-8-23.plesk.page\/en\/wp-json\/wp\/v2\/product\/53412"}],"collection":[{"href":"https:\/\/wizardly-davinci.82-223-8-23.plesk.page\/en\/wp-json\/wp\/v2\/product"}],"about":[{"href":"https:\/\/wizardly-davinci.82-223-8-23.plesk.page\/en\/wp-json\/wp\/v2\/types\/product"}],"replies":[{"embeddable":true,"href":"https:\/\/wizardly-davinci.82-223-8-23.plesk.page\/en\/wp-json\/wp\/v2\/comments?post=53412"}],"wp:featuredmedia":[{"embeddable":true,"href":"https:\/\/wizardly-davinci.82-223-8-23.plesk.page\/en\/wp-json\/wp\/v2\/media\/52690"}],"wp:attachment":[{"href":"https:\/\/wizardly-davinci.82-223-8-23.plesk.page\/en\/wp-json\/wp\/v2\/media?parent=53412"}],"wp:term":[{"taxonomy":"product_cat","embeddable":true,"href":"https:\/\/wizardly-davinci.82-223-8-23.plesk.page\/en\/wp-json\/wp\/v2\/product_cat?post=53412"},{"taxonomy":"product_tag","embeddable":true,"href":"https:\/\/wizardly-davinci.82-223-8-23.plesk.page\/en\/wp-json\/wp\/v2\/product_tag?post=53412"},{"taxonomy":"edicion","embeddable":true,"href":"https:\/\/wizardly-davinci.82-223-8-23.plesk.page\/en\/wp-json\/wp\/v2\/edicion?post=53412"},{"taxonomy":"editoriales","embeddable":true,"href":"https:\/\/wizardly-davinci.82-223-8-23.plesk.page\/en\/wp-json\/wp\/v2\/editoriales?post=53412"},{"taxonomy":"tienda","embeddable":true,"href":"https:\/\/wizardly-davinci.82-223-8-23.plesk.page\/en\/wp-json\/wp\/v2\/tienda?post=53412"},{"taxonomy":"autor_id","embeddable":true,"href":"https:\/\/wizardly-davinci.82-223-8-23.plesk.page\/en\/wp-json\/wp\/v2\/autor_id?post=53412"},{"taxonomy":"universidades_coeditoras","embeddable":true,"href":"https:\/\/wizardly-davinci.82-223-8-23.plesk.page\/en\/wp-json\/wp\/v2\/universidades_coeditoras?post=53412"},{"taxonomy":"palabras_clave","embeddable":true,"href":"https:\/\/wizardly-davinci.82-223-8-23.plesk.page\/en\/wp-json\/wp\/v2\/palabras_clave?post=53412"},{"taxonomy":"listado_alfabetico","embeddable":true,"href":"https:\/\/wizardly-davinci.82-223-8-23.plesk.page\/en\/wp-json\/wp\/v2\/listado_alfabetico?post=53412"}],"curies":[{"name":"wp","href":"https:\/\/api.w.org\/{rel}","templated":true}]}}