{"id":53416,"date":"2020-12-09T18:08:03","date_gmt":"2020-12-09T17:08:03","guid":{"rendered":"https:\/\/octaedro.com\/libro\/usos-sociales-en-educacion-literaria\/"},"modified":"2023-02-22T13:38:00","modified_gmt":"2023-02-22T12:38:00","slug":"usos-sociales-en-educacion-literaria-2","status":"publish","type":"product","link":"https:\/\/wizardly-davinci.82-223-8-23.plesk.page\/en\/producto\/usos-sociales-en-educacion-literaria-2\/","title":{"rendered":"Usos sociales en educaci\u00f3n literaria"},"content":{"rendered":"","protected":false},"excerpt":{"rendered":"<p>El lector tiene en sus manos una obra colectiva destinada principalmente a docentes y docentes en formaci\u00f3n, en la confianza de que encuentren en sus p\u00e1ginas un camino de reflexi\u00f3n literaria y educativa. Pero tambi\u00e9n incorpora esta obra propuestas concretas susceptibles de aplicarse en el aula, en lo que se quiere presentar como un ejemplo ilustrativo de c\u00f3mo implementar el enfoque educativo denominado educaci\u00f3n literaria. Un enfoque que apuesta por el desarrollo de la competencia lectoliteraria atravesada por temas de \u00edndole social y \u00e9tica, que sirven al tiempo para motivar a los lectores noveles y para favorecer una sensibilizaci\u00f3n en torno a nociones como respeto, integraci\u00f3n o ciudadan\u00eda.<\/p>\n<p>La obra se ha construido a partir de cinco temas (igualdad entre hombres y mujeres; diversidad afectivosexual; etnicidad; migraci\u00f3n; sostenibilidad), que se corresponden a campos de investigaci\u00f3n especialmente intensos desde el arraigo y ramificaci\u00f3n de los conocidos como Estudios culturales. Acompa\u00f1a a todo ello un cap\u00edtulo que act\u00faa de p\u00f3rtico te\u00f3rico y contextualizaci\u00f3n, y que llama precisamente la atenci\u00f3n sobre las convergencias cr\u00edticas (esos usos sociales) que unen la Did\u00e1ctica de la lengua y la literatura con los citados Estudios culturales, tan pr\u00f3ximos a la Sociolog\u00eda, los Nuevos estudios de literacidad o la Pedagog\u00eda cr\u00edtica. Este di\u00e1logo entre disciplinas est\u00e1 contribuyendo al paulatino enriquecimiento del modelo de educaci\u00f3n literaria. El presente libro quiere intensificar y divulgar este proceso de enriquecimiento.<\/p>\n","protected":false},"featured_media":52664,"comment_status":"open","ping_status":"closed","template":"","meta":{"_et_pb_use_builder":"","_et_pb_old_content":"","_et_gb_content_width":""},"product_cat":[11899,11913,11859,11907],"product_tag":[11893],"edicion":[12178],"editoriales":[11867],"tienda":[],"autor_id":[19517],"universidades_coeditoras":[14911],"palabras_clave":[],"listado_alfabetico":[],"acf":[],"_links":{"self":[{"href":"https:\/\/wizardly-davinci.82-223-8-23.plesk.page\/en\/wp-json\/wp\/v2\/product\/53416"}],"collection":[{"href":"https:\/\/wizardly-davinci.82-223-8-23.plesk.page\/en\/wp-json\/wp\/v2\/product"}],"about":[{"href":"https:\/\/wizardly-davinci.82-223-8-23.plesk.page\/en\/wp-json\/wp\/v2\/types\/product"}],"replies":[{"embeddable":true,"href":"https:\/\/wizardly-davinci.82-223-8-23.plesk.page\/en\/wp-json\/wp\/v2\/comments?post=53416"}],"wp:featuredmedia":[{"embeddable":true,"href":"https:\/\/wizardly-davinci.82-223-8-23.plesk.page\/en\/wp-json\/wp\/v2\/media\/52664"}],"wp:attachment":[{"href":"https:\/\/wizardly-davinci.82-223-8-23.plesk.page\/en\/wp-json\/wp\/v2\/media?parent=53416"}],"wp:term":[{"taxonomy":"product_cat","embeddable":true,"href":"https:\/\/wizardly-davinci.82-223-8-23.plesk.page\/en\/wp-json\/wp\/v2\/product_cat?post=53416"},{"taxonomy":"product_tag","embeddable":true,"href":"https:\/\/wizardly-davinci.82-223-8-23.plesk.page\/en\/wp-json\/wp\/v2\/product_tag?post=53416"},{"taxonomy":"edicion","embeddable":true,"href":"https:\/\/wizardly-davinci.82-223-8-23.plesk.page\/en\/wp-json\/wp\/v2\/edicion?post=53416"},{"taxonomy":"editoriales","embeddable":true,"href":"https:\/\/wizardly-davinci.82-223-8-23.plesk.page\/en\/wp-json\/wp\/v2\/editoriales?post=53416"},{"taxonomy":"tienda","embeddable":true,"href":"https:\/\/wizardly-davinci.82-223-8-23.plesk.page\/en\/wp-json\/wp\/v2\/tienda?post=53416"},{"taxonomy":"autor_id","embeddable":true,"href":"https:\/\/wizardly-davinci.82-223-8-23.plesk.page\/en\/wp-json\/wp\/v2\/autor_id?post=53416"},{"taxonomy":"universidades_coeditoras","embeddable":true,"href":"https:\/\/wizardly-davinci.82-223-8-23.plesk.page\/en\/wp-json\/wp\/v2\/universidades_coeditoras?post=53416"},{"taxonomy":"palabras_clave","embeddable":true,"href":"https:\/\/wizardly-davinci.82-223-8-23.plesk.page\/en\/wp-json\/wp\/v2\/palabras_clave?post=53416"},{"taxonomy":"listado_alfabetico","embeddable":true,"href":"https:\/\/wizardly-davinci.82-223-8-23.plesk.page\/en\/wp-json\/wp\/v2\/listado_alfabetico?post=53416"}],"curies":[{"name":"wp","href":"https:\/\/api.w.org\/{rel}","templated":true}]}}