{"id":53419,"date":"2020-11-05T18:46:23","date_gmt":"2020-11-05T17:46:23","guid":{"rendered":"https:\/\/octaedro.com\/libro\/innovacion-docente-en-la-universidad-y-realidades-emergentes\/"},"modified":"2023-02-22T13:38:00","modified_gmt":"2023-02-22T12:38:00","slug":"innovacion-docente-en-la-universidad-y-realidades-emergentes-2","status":"publish","type":"product","link":"https:\/\/wizardly-davinci.82-223-8-23.plesk.page\/en\/producto\/innovacion-docente-en-la-universidad-y-realidades-emergentes-2\/","title":{"rendered":"Innovaci\u00f3n docente en la universidad y realidades emergentes"},"content":{"rendered":"","protected":false},"excerpt":{"rendered":"<p>Es una realidad que la innovaci\u00f3n docente emerge cada vez m\u00e1s como una supracategor\u00eda dentro del campo de la ense\u00f1anza universitaria. Son m\u00faltiples los vectores y elementos que configuran ese constructo que nos anuncia cambio, modificaci\u00f3n o novedad.<\/p>\n<p>Se trata de un cambio intencional, conducido en un escenario multiaxial en donde el docente universitario se mueve entre m\u00faltiples disciplinas cient\u00edficas, con locus m\u00e1s o menos debatidos dentro de la ense\u00f1anza universitaria.<\/p>\n<p>De otra parte, nos encontramos con una important\u00edsima renovaci\u00f3n de los marcos conceptuales de car\u00e1cter metodol\u00f3gico, tanto en un sentido estricto (m\u00e9todos y t\u00e9cnicas espec\u00edficas variadas acuden a insertarse en la tarea cotidiana del docente universitario), como en un sentido m\u00e1s abierto: enfoques de competencias, modelos dial\u00f3gicos, diversidad, inclusi\u00f3n, g\u00e9nero, etc. As\u00ed nos encontramos con cambios curriculares de gran calado como el Espacio Europeo de Educaci\u00f3n Superior, junto a diversas y abundantes irrupciones de metodolog\u00edas espec\u00edficas, unas importadas desde \u00e1mbitos de ense\u00f1anza diferentes a la universidad y otras generadas en el propio contexto universitario.<\/p>\n<p>En esta obra nos planteamos ofrecer al lector interesado por la acci\u00f3n docente en la universidad una serie de aportaciones que todas ellas mantienen un denominador com\u00fan, la de presentar respuestas a realidades emergentes afrontadas desde una concepci\u00f3n innovadora de la acci\u00f3n docente. Se abordan nuevas realidades vinculadas al tradicional campo de las TIC, acercamientos al tema de las competencias, de la diversidad e inclusi\u00f3n, ciudadan\u00eda\u2026sin dejar de prestar atenci\u00f3n a aspectos transversales como la colaboraci\u00f3n docente, la formaci\u00f3n permanente o el desarrollo de situaciones de estr\u00e9s en el docente.<\/p>\n<p>Los autores constituyen un elenco de docentes universitarios, disciplinarmente variado: trabajo social, educaci\u00f3n, econom\u00eda, arquitectura, m\u00fasica, etc., por lo que su nexo de intereses en com\u00fan, es la innovaci\u00f3n docente en un escenario universal como es la universidad, pero desde experiencias singulares.<\/p>\n","protected":false},"featured_media":52652,"comment_status":"open","ping_status":"closed","template":"","meta":{"_et_pb_use_builder":"","_et_pb_old_content":"","_et_gb_content_width":""},"product_cat":[11899,11913],"product_tag":[11890],"edicion":[12178],"editoriales":[11867],"tienda":[],"autor_id":[19443,19442,19519],"universidades_coeditoras":[12404,12476],"palabras_clave":[],"listado_alfabetico":[],"acf":[],"_links":{"self":[{"href":"https:\/\/wizardly-davinci.82-223-8-23.plesk.page\/en\/wp-json\/wp\/v2\/product\/53419"}],"collection":[{"href":"https:\/\/wizardly-davinci.82-223-8-23.plesk.page\/en\/wp-json\/wp\/v2\/product"}],"about":[{"href":"https:\/\/wizardly-davinci.82-223-8-23.plesk.page\/en\/wp-json\/wp\/v2\/types\/product"}],"replies":[{"embeddable":true,"href":"https:\/\/wizardly-davinci.82-223-8-23.plesk.page\/en\/wp-json\/wp\/v2\/comments?post=53419"}],"wp:featuredmedia":[{"embeddable":true,"href":"https:\/\/wizardly-davinci.82-223-8-23.plesk.page\/en\/wp-json\/wp\/v2\/media\/52652"}],"wp:attachment":[{"href":"https:\/\/wizardly-davinci.82-223-8-23.plesk.page\/en\/wp-json\/wp\/v2\/media?parent=53419"}],"wp:term":[{"taxonomy":"product_cat","embeddable":true,"href":"https:\/\/wizardly-davinci.82-223-8-23.plesk.page\/en\/wp-json\/wp\/v2\/product_cat?post=53419"},{"taxonomy":"product_tag","embeddable":true,"href":"https:\/\/wizardly-davinci.82-223-8-23.plesk.page\/en\/wp-json\/wp\/v2\/product_tag?post=53419"},{"taxonomy":"edicion","embeddable":true,"href":"https:\/\/wizardly-davinci.82-223-8-23.plesk.page\/en\/wp-json\/wp\/v2\/edicion?post=53419"},{"taxonomy":"editoriales","embeddable":true,"href":"https:\/\/wizardly-davinci.82-223-8-23.plesk.page\/en\/wp-json\/wp\/v2\/editoriales?post=53419"},{"taxonomy":"tienda","embeddable":true,"href":"https:\/\/wizardly-davinci.82-223-8-23.plesk.page\/en\/wp-json\/wp\/v2\/tienda?post=53419"},{"taxonomy":"autor_id","embeddable":true,"href":"https:\/\/wizardly-davinci.82-223-8-23.plesk.page\/en\/wp-json\/wp\/v2\/autor_id?post=53419"},{"taxonomy":"universidades_coeditoras","embeddable":true,"href":"https:\/\/wizardly-davinci.82-223-8-23.plesk.page\/en\/wp-json\/wp\/v2\/universidades_coeditoras?post=53419"},{"taxonomy":"palabras_clave","embeddable":true,"href":"https:\/\/wizardly-davinci.82-223-8-23.plesk.page\/en\/wp-json\/wp\/v2\/palabras_clave?post=53419"},{"taxonomy":"listado_alfabetico","embeddable":true,"href":"https:\/\/wizardly-davinci.82-223-8-23.plesk.page\/en\/wp-json\/wp\/v2\/listado_alfabetico?post=53419"}],"curies":[{"name":"wp","href":"https:\/\/api.w.org\/{rel}","templated":true}]}}