{"id":53496,"date":"2021-12-02T17:47:55","date_gmt":"2021-12-02T16:47:55","guid":{"rendered":"https:\/\/octaedro.com\/libro\/cuentalo-con-munecos\/"},"modified":"2023-03-08T12:20:20","modified_gmt":"2023-03-08T11:20:20","slug":"cuentalo-con-munecos-2","status":"publish","type":"product","link":"https:\/\/wizardly-davinci.82-223-8-23.plesk.page\/en\/producto\/cuentalo-con-munecos-2\/","title":{"rendered":"Cu\u00e9ntalo con mu\u00f1ecos"},"content":{"rendered":"<p>En <em><strong>Cu\u00e9ntalo con mu\u00f1ecos<\/strong><\/em> encontrar\u00e1s una manera particular de entender y usar los mu\u00f1ecos para acompa\u00f1ar a personas y organizaciones con esta herramienta tan visual. Las autoras compartimos aqu\u00ed nuestra experiencia de lo vivido, sentido y comprendido al escuchar lo que muchas personas, tanto ni\u00f1os como adultos, nos han contado a trav\u00e9s de los mu\u00f1ecos en nuestra consulta de psicoterapia.<br \/>\nA lo largo de nuestros a\u00f1os de impartir formaci\u00f3n para otros profesionales, hemos visto la necesidad de identificar, desglosar y ordenar conceptos para facilitar el aprendizaje de esta potente herramienta proyectiva. Y eso es lo que hoy tienes entre manos en forma de libro. A modo de manual, hemos ido combinando la base te\u00f3rica con orientaciones metodol\u00f3gicas o pistas de trabajo. Encontrar\u00e1s muchos ejemplos y casos pr\u00e1cticos reales para ilustrar los distintos conceptos te\u00f3ricos que hacen que la lectura sea did\u00e1ctica y amena.<br \/>\nEso s\u00ed, una advertencia: ning\u00fan manual de ninguna herramienta puede reemplazar los conocimientos y actitud profesionales esenciales cuando acompa\u00f1amos a otros a acercarse a s\u00ed mismos y a encontrar sus propios caminos. S\u00f3lo desde nuestro m\u00e1s profundo respeto a nuestros pacientes y alumnos, desde nuestra mirada abierta y de genuina curiosidad por lo humano, podr\u00e1n los mu\u00f1ecos desplegar toda su magia.<\/p>\n","protected":false},"excerpt":{"rendered":"<p>En <em><strong>Cu\u00e9ntalo con mu\u00f1ecos<\/strong><\/em> encontrar\u00e1s una manera particular de entender y usar los mu\u00f1ecos para acompa\u00f1ar a personas y organizaciones con esta herramienta tan visual. Las autoras compartimos aqu\u00ed nuestra experiencia de lo vivido, sentido y comprendido al escuchar lo que muchas personas, tanto ni\u00f1os como adultos, nos han contado a trav\u00e9s de los mu\u00f1ecos en nuestra consulta de psicoterapia.<br \/>\nA lo largo de nuestros a\u00f1os de impartir formaci\u00f3n para otros profesionales, hemos visto la necesidad de identificar, desglosar y ordenar conceptos para facilitar el aprendizaje de esta potente herramienta proyectiva. Y eso es lo que hoy tienes entre manos en forma de libro. A modo de manual, hemos ido combinando la base te\u00f3rica con orientaciones metodol\u00f3gicas o pistas de trabajo. Encontrar\u00e1s muchos ejemplos y casos pr\u00e1cticos reales para ilustrar los distintos conceptos te\u00f3ricos que hacen que la lectura sea did\u00e1ctica y amena.<br \/>\nEso s\u00ed, una advertencia: ning\u00fan manual de ninguna herramienta puede reemplazar los conocimientos y actitud profesionales esenciales cuando acompa\u00f1amos a otros a acercarse a s\u00ed mismos y a encontrar sus propios caminos. S\u00f3lo desde nuestro m\u00e1s profundo respeto a nuestros pacientes y alumnos, desde nuestra mirada abierta y de genuina curiosidad por lo humano, podr\u00e1n los mu\u00f1ecos desplegar toda su magia.<\/p>\n","protected":false},"featured_media":61669,"comment_status":"open","ping_status":"closed","template":"","meta":{"_et_pb_use_builder":"","_et_pb_old_content":"","_et_gb_content_width":""},"product_cat":[11899,11858,11859,11912,11881,11924],"product_tag":[11892],"edicion":[12199,11865],"editoriales":[11867],"tienda":[],"autor_id":[19533,19534],"universidades_coeditoras":[],"palabras_clave":[],"listado_alfabetico":[],"acf":[],"_links":{"self":[{"href":"https:\/\/wizardly-davinci.82-223-8-23.plesk.page\/en\/wp-json\/wp\/v2\/product\/53496"}],"collection":[{"href":"https:\/\/wizardly-davinci.82-223-8-23.plesk.page\/en\/wp-json\/wp\/v2\/product"}],"about":[{"href":"https:\/\/wizardly-davinci.82-223-8-23.plesk.page\/en\/wp-json\/wp\/v2\/types\/product"}],"replies":[{"embeddable":true,"href":"https:\/\/wizardly-davinci.82-223-8-23.plesk.page\/en\/wp-json\/wp\/v2\/comments?post=53496"}],"wp:featuredmedia":[{"embeddable":true,"href":"https:\/\/wizardly-davinci.82-223-8-23.plesk.page\/en\/wp-json\/wp\/v2\/media\/61669"}],"wp:attachment":[{"href":"https:\/\/wizardly-davinci.82-223-8-23.plesk.page\/en\/wp-json\/wp\/v2\/media?parent=53496"}],"wp:term":[{"taxonomy":"product_cat","embeddable":true,"href":"https:\/\/wizardly-davinci.82-223-8-23.plesk.page\/en\/wp-json\/wp\/v2\/product_cat?post=53496"},{"taxonomy":"product_tag","embeddable":true,"href":"https:\/\/wizardly-davinci.82-223-8-23.plesk.page\/en\/wp-json\/wp\/v2\/product_tag?post=53496"},{"taxonomy":"edicion","embeddable":true,"href":"https:\/\/wizardly-davinci.82-223-8-23.plesk.page\/en\/wp-json\/wp\/v2\/edicion?post=53496"},{"taxonomy":"editoriales","embeddable":true,"href":"https:\/\/wizardly-davinci.82-223-8-23.plesk.page\/en\/wp-json\/wp\/v2\/editoriales?post=53496"},{"taxonomy":"tienda","embeddable":true,"href":"https:\/\/wizardly-davinci.82-223-8-23.plesk.page\/en\/wp-json\/wp\/v2\/tienda?post=53496"},{"taxonomy":"autor_id","embeddable":true,"href":"https:\/\/wizardly-davinci.82-223-8-23.plesk.page\/en\/wp-json\/wp\/v2\/autor_id?post=53496"},{"taxonomy":"universidades_coeditoras","embeddable":true,"href":"https:\/\/wizardly-davinci.82-223-8-23.plesk.page\/en\/wp-json\/wp\/v2\/universidades_coeditoras?post=53496"},{"taxonomy":"palabras_clave","embeddable":true,"href":"https:\/\/wizardly-davinci.82-223-8-23.plesk.page\/en\/wp-json\/wp\/v2\/palabras_clave?post=53496"},{"taxonomy":"listado_alfabetico","embeddable":true,"href":"https:\/\/wizardly-davinci.82-223-8-23.plesk.page\/en\/wp-json\/wp\/v2\/listado_alfabetico?post=53496"}],"curies":[{"name":"wp","href":"https:\/\/api.w.org\/{rel}","templated":true}]}}