{"id":53499,"date":"2021-09-01T23:01:48","date_gmt":"2021-09-01T21:01:48","guid":{"rendered":"https:\/\/octaedro.com\/libro\/logica-a-todas-las-edades\/"},"modified":"2023-02-22T13:38:00","modified_gmt":"2023-02-22T12:38:00","slug":"logica-a-todas-las-edades-2","status":"publish","type":"product","link":"https:\/\/wizardly-davinci.82-223-8-23.plesk.page\/en\/producto\/logica-a-todas-las-edades-2\/","title":{"rendered":"L\u00f3gica a todas las edades"},"content":{"rendered":"<p>La conveniencia de trabajar la l\u00f3gica en la escuela ha sido una cuesti\u00f3n muy debatida que todav\u00eda es discutida por muchos profesionales de la educaci\u00f3n matem\u00e1tica. Por eso creemos que nuestra posici\u00f3n a favor merece una explicaci\u00f3n algo detallada.<br \/>\nPor qu\u00e9 queremos hacer l\u00f3gica en la escuela. Situaci\u00f3n actual de la cuesti\u00f3n.<br \/>\nQu\u00e9 entendemos por desarrollo del pensamiento l\u00f3gico.<br \/>\nConclusi\u00f3n y l\u00edneas de trabajo de l\u00f3gica en la escuela.<\/p>\n","protected":false},"excerpt":{"rendered":"<p>La conveniencia de trabajar la l\u00f3gica en la escuela ha sido una cuesti\u00f3n muy debatida que todav\u00eda es discutida por muchos profesionales de la educaci\u00f3n matem\u00e1tica. Por eso creemos que nuestra posici\u00f3n a favor merece una explicaci\u00f3n algo detallada.<br \/>\nPor qu\u00e9 queremos hacer l\u00f3gica en la escuela. Situaci\u00f3n actual de la cuesti\u00f3n.<br \/>\nQu\u00e9 entendemos por desarrollo del pensamiento l\u00f3gico.<br \/>\nConclusi\u00f3n y l\u00edneas de trabajo de l\u00f3gica en la escuela.<\/p>\n","protected":false},"featured_media":50488,"comment_status":"open","ping_status":"closed","template":"","meta":{"_et_pb_use_builder":"","_et_pb_old_content":"","_et_gb_content_width":""},"product_cat":[11858,11859,11877],"product_tag":[11860],"edicion":[11865],"editoriales":[11867,12203],"tienda":[],"autor_id":[12429],"universidades_coeditoras":[],"palabras_clave":[],"listado_alfabetico":[],"acf":[],"_links":{"self":[{"href":"https:\/\/wizardly-davinci.82-223-8-23.plesk.page\/en\/wp-json\/wp\/v2\/product\/53499"}],"collection":[{"href":"https:\/\/wizardly-davinci.82-223-8-23.plesk.page\/en\/wp-json\/wp\/v2\/product"}],"about":[{"href":"https:\/\/wizardly-davinci.82-223-8-23.plesk.page\/en\/wp-json\/wp\/v2\/types\/product"}],"replies":[{"embeddable":true,"href":"https:\/\/wizardly-davinci.82-223-8-23.plesk.page\/en\/wp-json\/wp\/v2\/comments?post=53499"}],"wp:featuredmedia":[{"embeddable":true,"href":"https:\/\/wizardly-davinci.82-223-8-23.plesk.page\/en\/wp-json\/wp\/v2\/media\/50488"}],"wp:attachment":[{"href":"https:\/\/wizardly-davinci.82-223-8-23.plesk.page\/en\/wp-json\/wp\/v2\/media?parent=53499"}],"wp:term":[{"taxonomy":"product_cat","embeddable":true,"href":"https:\/\/wizardly-davinci.82-223-8-23.plesk.page\/en\/wp-json\/wp\/v2\/product_cat?post=53499"},{"taxonomy":"product_tag","embeddable":true,"href":"https:\/\/wizardly-davinci.82-223-8-23.plesk.page\/en\/wp-json\/wp\/v2\/product_tag?post=53499"},{"taxonomy":"edicion","embeddable":true,"href":"https:\/\/wizardly-davinci.82-223-8-23.plesk.page\/en\/wp-json\/wp\/v2\/edicion?post=53499"},{"taxonomy":"editoriales","embeddable":true,"href":"https:\/\/wizardly-davinci.82-223-8-23.plesk.page\/en\/wp-json\/wp\/v2\/editoriales?post=53499"},{"taxonomy":"tienda","embeddable":true,"href":"https:\/\/wizardly-davinci.82-223-8-23.plesk.page\/en\/wp-json\/wp\/v2\/tienda?post=53499"},{"taxonomy":"autor_id","embeddable":true,"href":"https:\/\/wizardly-davinci.82-223-8-23.plesk.page\/en\/wp-json\/wp\/v2\/autor_id?post=53499"},{"taxonomy":"universidades_coeditoras","embeddable":true,"href":"https:\/\/wizardly-davinci.82-223-8-23.plesk.page\/en\/wp-json\/wp\/v2\/universidades_coeditoras?post=53499"},{"taxonomy":"palabras_clave","embeddable":true,"href":"https:\/\/wizardly-davinci.82-223-8-23.plesk.page\/en\/wp-json\/wp\/v2\/palabras_clave?post=53499"},{"taxonomy":"listado_alfabetico","embeddable":true,"href":"https:\/\/wizardly-davinci.82-223-8-23.plesk.page\/en\/wp-json\/wp\/v2\/listado_alfabetico?post=53499"}],"curies":[{"name":"wp","href":"https:\/\/api.w.org\/{rel}","templated":true}]}}