{"id":53504,"date":"2021-08-03T22:10:38","date_gmt":"2021-08-03T20:10:38","guid":{"rendered":"https:\/\/octaedro.com\/libro\/psicoterapia-focal-de-ninos\/"},"modified":"2023-02-22T13:38:06","modified_gmt":"2023-02-22T12:38:06","slug":"psicoterapia-focal-de-ninos-2","status":"publish","type":"product","link":"https:\/\/wizardly-davinci.82-223-8-23.plesk.page\/en\/producto\/psicoterapia-focal-de-ninos-2\/","title":{"rendered":"Psicoterapia focal de ni\u00f1os"},"content":{"rendered":"<p>En este libro, los autores exponen los principios en los que basan su pr\u00e1ctica cl\u00ednica de psicoterapia en ni\u00f1os a tiempo prefijado, seg\u00fan la desarrollan en el marco de la asistencia en la Red P\u00fablica de Salud Mental.<br \/>\nSu larga experiencia en este sector les ha llevado a la necesidad de formular y describir un m\u00e9todo de trabajo que, fundament\u00e1ndose en la teor\u00eda psiconal\u00edtica, permite atender las necesidades de tratamiento psicol\u00f3gico de los pacientes adecuadamente, focalizando las \u00e1reas de intervenci\u00f3n terap\u00e9utica. A lo largo de los cap\u00edtulos van mostrando la epecificidad teoricot\u00e9cnica de ste abordaje psictoterap\u00e9utico e ilustran sus planteamientos con varios casos cl\u00ednicos. Asimismo, ofrecen un vocabulario b\u00e1sico que permite precisar los conceptos y el uso que se da a los mismos a lo largo del libro.<br \/>\nSe trata de un texto dirigido a psicoterapeutas de ni\u00f1os que tambi\u00e9n ser\u00e1 de su inter\u00e9s para otros psicoterapeutas, psiquiatras y psic\u00f3logos y, en general, para el profesional de la salud mental, puesto que en \u00e9l se ofrece una amplia y detallada informaci\u00f3n de esta aplicaci\u00f3n de psicoan\u00e1lisis cl\u00ednico y su relaci\u00f3n con la teor\u00eda psicoanal\u00edtica b\u00e1sica.<\/p>\n","protected":false},"excerpt":{"rendered":"<p>En este libro, los autores exponen los principios en los que basan su pr\u00e1ctica cl\u00ednica de psicoterapia en ni\u00f1os a tiempo prefijado, seg\u00fan la desarrollan en el marco de la asistencia en la Red P\u00fablica de Salud Mental.<br \/>\nSu larga experiencia en este sector les ha llevado a la necesidad de formular y describir un m\u00e9todo de trabajo que, fundament\u00e1ndose en la teor\u00eda psiconal\u00edtica, permite atender las necesidades de tratamiento psicol\u00f3gico de los pacientes adecuadamente, focalizando las \u00e1reas de intervenci\u00f3n terap\u00e9utica. A lo largo de los cap\u00edtulos van mostrando la epecificidad teoricot\u00e9cnica de ste abordaje psictoterap\u00e9utico e ilustran sus planteamientos con varios casos cl\u00ednicos. Asimismo, ofrecen un vocabulario b\u00e1sico que permite precisar los conceptos y el uso que se da a los mismos a lo largo del libro.<br \/>\nSe trata de un texto dirigido a psicoterapeutas de ni\u00f1os que tambi\u00e9n ser\u00e1 de su inter\u00e9s para otros psicoterapeutas, psiquiatras y psic\u00f3logos y, en general, para el profesional de la salud mental, puesto que en \u00e9l se ofrece una amplia y detallada informaci\u00f3n de esta aplicaci\u00f3n de psicoan\u00e1lisis cl\u00ednico y su relaci\u00f3n con la teor\u00eda psicoanal\u00edtica b\u00e1sica.<\/p>\n","protected":false},"featured_media":47923,"comment_status":"open","ping_status":"closed","template":"","meta":{"_et_pb_use_builder":"","_et_pb_old_content":"","_et_gb_content_width":""},"product_cat":[11899,11859,11912,11924],"product_tag":[11892],"edicion":[12199,11865],"editoriales":[11867],"tienda":[],"autor_id":[19535],"universidades_coeditoras":[],"palabras_clave":[],"listado_alfabetico":[],"acf":[],"_links":{"self":[{"href":"https:\/\/wizardly-davinci.82-223-8-23.plesk.page\/en\/wp-json\/wp\/v2\/product\/53504"}],"collection":[{"href":"https:\/\/wizardly-davinci.82-223-8-23.plesk.page\/en\/wp-json\/wp\/v2\/product"}],"about":[{"href":"https:\/\/wizardly-davinci.82-223-8-23.plesk.page\/en\/wp-json\/wp\/v2\/types\/product"}],"replies":[{"embeddable":true,"href":"https:\/\/wizardly-davinci.82-223-8-23.plesk.page\/en\/wp-json\/wp\/v2\/comments?post=53504"}],"wp:featuredmedia":[{"embeddable":true,"href":"https:\/\/wizardly-davinci.82-223-8-23.plesk.page\/en\/wp-json\/wp\/v2\/media\/47923"}],"wp:attachment":[{"href":"https:\/\/wizardly-davinci.82-223-8-23.plesk.page\/en\/wp-json\/wp\/v2\/media?parent=53504"}],"wp:term":[{"taxonomy":"product_cat","embeddable":true,"href":"https:\/\/wizardly-davinci.82-223-8-23.plesk.page\/en\/wp-json\/wp\/v2\/product_cat?post=53504"},{"taxonomy":"product_tag","embeddable":true,"href":"https:\/\/wizardly-davinci.82-223-8-23.plesk.page\/en\/wp-json\/wp\/v2\/product_tag?post=53504"},{"taxonomy":"edicion","embeddable":true,"href":"https:\/\/wizardly-davinci.82-223-8-23.plesk.page\/en\/wp-json\/wp\/v2\/edicion?post=53504"},{"taxonomy":"editoriales","embeddable":true,"href":"https:\/\/wizardly-davinci.82-223-8-23.plesk.page\/en\/wp-json\/wp\/v2\/editoriales?post=53504"},{"taxonomy":"tienda","embeddable":true,"href":"https:\/\/wizardly-davinci.82-223-8-23.plesk.page\/en\/wp-json\/wp\/v2\/tienda?post=53504"},{"taxonomy":"autor_id","embeddable":true,"href":"https:\/\/wizardly-davinci.82-223-8-23.plesk.page\/en\/wp-json\/wp\/v2\/autor_id?post=53504"},{"taxonomy":"universidades_coeditoras","embeddable":true,"href":"https:\/\/wizardly-davinci.82-223-8-23.plesk.page\/en\/wp-json\/wp\/v2\/universidades_coeditoras?post=53504"},{"taxonomy":"palabras_clave","embeddable":true,"href":"https:\/\/wizardly-davinci.82-223-8-23.plesk.page\/en\/wp-json\/wp\/v2\/palabras_clave?post=53504"},{"taxonomy":"listado_alfabetico","embeddable":true,"href":"https:\/\/wizardly-davinci.82-223-8-23.plesk.page\/en\/wp-json\/wp\/v2\/listado_alfabetico?post=53504"}],"curies":[{"name":"wp","href":"https:\/\/api.w.org\/{rel}","templated":true}]}}