{"id":53506,"date":"2021-08-01T23:45:43","date_gmt":"2021-08-01T21:45:43","guid":{"rendered":"https:\/\/octaedro.com\/libro\/loczy-educacion-infantil\/"},"modified":"2023-02-22T13:38:06","modified_gmt":"2023-02-22T12:38:06","slug":"loczy-educacion-infantil-2","status":"publish","type":"product","link":"https:\/\/wizardly-davinci.82-223-8-23.plesk.page\/en\/producto\/loczy-educacion-infantil-2\/","title":{"rendered":"L\u00f3czy, educaci\u00f3n infantil"},"content":{"rendered":"<p>Desde sus inicios, la revista <em>Infancia,<\/em> as\u00ed como las escuelas de verano de Rosa Sensat y sus cursos y seminarios de formaci\u00f3n continuada, han dado a conocer el pensamiento y la pr\u00e1ctica pedag\u00f3gica inspirados en los principios educativos de la pediatra h\u00fangara Emmi Pikler. Se trata de una teor\u00eda pedag\u00f3gica elaborada a partir de sus orientaciones pedi\u00e1tricas y de la reflexi\u00f3n sistem\u00e1tica sobre ellas llevada a cabo en la peque\u00f1a casa de maternidad que se cre\u00f3 en Budapest en el a\u00f1o 1946, al acabar la segunda guerra mundial, en un villa con un gran jard\u00edn situada en la calle L\u00f3czy.<br \/>\nLo que conocemos como <em>L\u00f3czy<\/em> es el laboratorio donde las ideas de Pikler sobre la educaci\u00f3n se fueron haciendo realidad en un ambiente de vida colectiva entre los peque\u00f1os y los adultos. Aquello que ella hab\u00eda experimentado en el \u00e1mbito familiar se convert\u00eda en una realidad excepcional, de la cual muchos maestros e investigadores han aprendido.En este proceso continuado de conocimiento hay dos razones por que el trabajo de Pikler a\u00fan resulta de inter\u00e9s: la sinton\u00eda de fondo con sus principios filos\u00f3ficos y la capacidad de articular una respuesta positiva ante la adversidad.<br \/>\nEsta recopilaci\u00f3n se propone difundir toda la dimensi\u00f3n de un pensamiento y de una pr\u00e1ctica pedag\u00f3gica que resulta compleja porque contempla la globalidad del desarrollo del ni\u00f1o en un contexto de vida cotidiana.<\/p>\n","protected":false},"excerpt":{"rendered":"<p>Desde sus inicios, la revista <em>Infancia,<\/em> as\u00ed como las escuelas de verano de Rosa Sensat y sus cursos y seminarios de formaci\u00f3n continuada, han dado a conocer el pensamiento y la pr\u00e1ctica pedag\u00f3gica inspirados en los principios educativos de la pediatra h\u00fangara Emmi Pikler. Se trata de una teor\u00eda pedag\u00f3gica elaborada a partir de sus orientaciones pedi\u00e1tricas y de la reflexi\u00f3n sistem\u00e1tica sobre ellas llevada a cabo en la peque\u00f1a casa de maternidad que se cre\u00f3 en Budapest en el a\u00f1o 1946, al acabar la segunda guerra mundial, en un villa con un gran jard\u00edn situada en la calle L\u00f3czy.<br \/>\nLo que conocemos como <em>L\u00f3czy<\/em> es el laboratorio donde las ideas de Pikler sobre la educaci\u00f3n se fueron haciendo realidad en un ambiente de vida colectiva entre los peque\u00f1os y los adultos. Aquello que ella hab\u00eda experimentado en el \u00e1mbito familiar se convert\u00eda en una realidad excepcional, de la cual muchos maestros e investigadores han aprendido.En este proceso continuado de conocimiento hay dos razones por que el trabajo de Pikler a\u00fan resulta de inter\u00e9s: la sinton\u00eda de fondo con sus principios filos\u00f3ficos y la capacidad de articular una respuesta positiva ante la adversidad.<br \/>\nEsta recopilaci\u00f3n se propone difundir toda la dimensi\u00f3n de un pensamiento y de una pr\u00e1ctica pedag\u00f3gica que resulta compleja porque contempla la globalidad del desarrollo del ni\u00f1o en un contexto de vida cotidiana.<\/p>\n","protected":false},"featured_media":48346,"comment_status":"open","ping_status":"closed","template":"","meta":{"_et_pb_use_builder":"","_et_pb_old_content":"","_et_gb_content_width":""},"product_cat":[11928,11858,11859],"product_tag":[11860],"edicion":[11865],"editoriales":[11867,12203],"tienda":[],"autor_id":[14208],"universidades_coeditoras":[19536],"palabras_clave":[],"listado_alfabetico":[],"acf":[],"_links":{"self":[{"href":"https:\/\/wizardly-davinci.82-223-8-23.plesk.page\/en\/wp-json\/wp\/v2\/product\/53506"}],"collection":[{"href":"https:\/\/wizardly-davinci.82-223-8-23.plesk.page\/en\/wp-json\/wp\/v2\/product"}],"about":[{"href":"https:\/\/wizardly-davinci.82-223-8-23.plesk.page\/en\/wp-json\/wp\/v2\/types\/product"}],"replies":[{"embeddable":true,"href":"https:\/\/wizardly-davinci.82-223-8-23.plesk.page\/en\/wp-json\/wp\/v2\/comments?post=53506"}],"wp:featuredmedia":[{"embeddable":true,"href":"https:\/\/wizardly-davinci.82-223-8-23.plesk.page\/en\/wp-json\/wp\/v2\/media\/48346"}],"wp:attachment":[{"href":"https:\/\/wizardly-davinci.82-223-8-23.plesk.page\/en\/wp-json\/wp\/v2\/media?parent=53506"}],"wp:term":[{"taxonomy":"product_cat","embeddable":true,"href":"https:\/\/wizardly-davinci.82-223-8-23.plesk.page\/en\/wp-json\/wp\/v2\/product_cat?post=53506"},{"taxonomy":"product_tag","embeddable":true,"href":"https:\/\/wizardly-davinci.82-223-8-23.plesk.page\/en\/wp-json\/wp\/v2\/product_tag?post=53506"},{"taxonomy":"edicion","embeddable":true,"href":"https:\/\/wizardly-davinci.82-223-8-23.plesk.page\/en\/wp-json\/wp\/v2\/edicion?post=53506"},{"taxonomy":"editoriales","embeddable":true,"href":"https:\/\/wizardly-davinci.82-223-8-23.plesk.page\/en\/wp-json\/wp\/v2\/editoriales?post=53506"},{"taxonomy":"tienda","embeddable":true,"href":"https:\/\/wizardly-davinci.82-223-8-23.plesk.page\/en\/wp-json\/wp\/v2\/tienda?post=53506"},{"taxonomy":"autor_id","embeddable":true,"href":"https:\/\/wizardly-davinci.82-223-8-23.plesk.page\/en\/wp-json\/wp\/v2\/autor_id?post=53506"},{"taxonomy":"universidades_coeditoras","embeddable":true,"href":"https:\/\/wizardly-davinci.82-223-8-23.plesk.page\/en\/wp-json\/wp\/v2\/universidades_coeditoras?post=53506"},{"taxonomy":"palabras_clave","embeddable":true,"href":"https:\/\/wizardly-davinci.82-223-8-23.plesk.page\/en\/wp-json\/wp\/v2\/palabras_clave?post=53506"},{"taxonomy":"listado_alfabetico","embeddable":true,"href":"https:\/\/wizardly-davinci.82-223-8-23.plesk.page\/en\/wp-json\/wp\/v2\/listado_alfabetico?post=53506"}],"curies":[{"name":"wp","href":"https:\/\/api.w.org\/{rel}","templated":true}]}}