{"id":53507,"date":"2021-08-01T23:40:06","date_gmt":"2021-08-01T21:40:06","guid":{"rendered":"https:\/\/octaedro.com\/libro\/que-tenemos-que-hablar-de-muchas-cosas\/"},"modified":"2023-02-22T13:38:06","modified_gmt":"2023-02-22T12:38:06","slug":"que-tenemos-que-hablar-de-muchas-cosas-2","status":"publish","type":"product","link":"https:\/\/wizardly-davinci.82-223-8-23.plesk.page\/en\/producto\/que-tenemos-que-hablar-de-muchas-cosas-2\/","title":{"rendered":"Que tenemos que hablar de muchas cosas&#8230;"},"content":{"rendered":"<p>Te invitamos, estimado lector o lectora, a viajar por el mundo de los sentimientos y de las emociones. Es algo muy sencillo: s\u00f3lo necesitas introducirte en las p\u00e1ginas de este libro y disfrutarlas. Y, si te cansas, no sigas; espera el momento oportuno: quiz\u00e1s llegue cuando quieras saber qu\u00e9 han sentido otras personas al vivir un apasionado amor, al sentirse enga\u00f1ados, al contemplar un paisaje&#8230; Entonces, abre este libro.<\/p>\n","protected":false},"excerpt":{"rendered":"<p>Te invitamos, estimado lector o lectora, a viajar por el mundo de los sentimientos y de las emociones. Es algo muy sencillo: s\u00f3lo necesitas introducirte en las p\u00e1ginas de este libro y disfrutarlas. Y, si te cansas, no sigas; espera el momento oportuno: quiz\u00e1s llegue cuando quieras saber qu\u00e9 han sentido otras personas al vivir un apasionado amor, al sentirse enga\u00f1ados, al contemplar un paisaje&#8230; Entonces, abre este libro.<\/p>\n","protected":false},"featured_media":48256,"comment_status":"open","ping_status":"closed","template":"","meta":{"_et_pb_use_builder":"","_et_pb_old_content":"","_et_gb_content_width":""},"product_cat":[11858,11859],"product_tag":[11860],"edicion":[11865],"editoriales":[11867],"tienda":[],"autor_id":[],"universidades_coeditoras":[],"palabras_clave":[],"listado_alfabetico":[],"acf":[],"_links":{"self":[{"href":"https:\/\/wizardly-davinci.82-223-8-23.plesk.page\/en\/wp-json\/wp\/v2\/product\/53507"}],"collection":[{"href":"https:\/\/wizardly-davinci.82-223-8-23.plesk.page\/en\/wp-json\/wp\/v2\/product"}],"about":[{"href":"https:\/\/wizardly-davinci.82-223-8-23.plesk.page\/en\/wp-json\/wp\/v2\/types\/product"}],"replies":[{"embeddable":true,"href":"https:\/\/wizardly-davinci.82-223-8-23.plesk.page\/en\/wp-json\/wp\/v2\/comments?post=53507"}],"wp:featuredmedia":[{"embeddable":true,"href":"https:\/\/wizardly-davinci.82-223-8-23.plesk.page\/en\/wp-json\/wp\/v2\/media\/48256"}],"wp:attachment":[{"href":"https:\/\/wizardly-davinci.82-223-8-23.plesk.page\/en\/wp-json\/wp\/v2\/media?parent=53507"}],"wp:term":[{"taxonomy":"product_cat","embeddable":true,"href":"https:\/\/wizardly-davinci.82-223-8-23.plesk.page\/en\/wp-json\/wp\/v2\/product_cat?post=53507"},{"taxonomy":"product_tag","embeddable":true,"href":"https:\/\/wizardly-davinci.82-223-8-23.plesk.page\/en\/wp-json\/wp\/v2\/product_tag?post=53507"},{"taxonomy":"edicion","embeddable":true,"href":"https:\/\/wizardly-davinci.82-223-8-23.plesk.page\/en\/wp-json\/wp\/v2\/edicion?post=53507"},{"taxonomy":"editoriales","embeddable":true,"href":"https:\/\/wizardly-davinci.82-223-8-23.plesk.page\/en\/wp-json\/wp\/v2\/editoriales?post=53507"},{"taxonomy":"tienda","embeddable":true,"href":"https:\/\/wizardly-davinci.82-223-8-23.plesk.page\/en\/wp-json\/wp\/v2\/tienda?post=53507"},{"taxonomy":"autor_id","embeddable":true,"href":"https:\/\/wizardly-davinci.82-223-8-23.plesk.page\/en\/wp-json\/wp\/v2\/autor_id?post=53507"},{"taxonomy":"universidades_coeditoras","embeddable":true,"href":"https:\/\/wizardly-davinci.82-223-8-23.plesk.page\/en\/wp-json\/wp\/v2\/universidades_coeditoras?post=53507"},{"taxonomy":"palabras_clave","embeddable":true,"href":"https:\/\/wizardly-davinci.82-223-8-23.plesk.page\/en\/wp-json\/wp\/v2\/palabras_clave?post=53507"},{"taxonomy":"listado_alfabetico","embeddable":true,"href":"https:\/\/wizardly-davinci.82-223-8-23.plesk.page\/en\/wp-json\/wp\/v2\/listado_alfabetico?post=53507"}],"curies":[{"name":"wp","href":"https:\/\/api.w.org\/{rel}","templated":true}]}}