{"id":53510,"date":"2021-08-01T22:44:07","date_gmt":"2021-08-01T20:44:07","guid":{"rendered":"https:\/\/octaedro.com\/libro\/descubrir-jugando\/"},"modified":"2023-02-22T13:38:06","modified_gmt":"2023-02-22T12:38:06","slug":"descubrir-jugando-2","status":"publish","type":"product","link":"https:\/\/wizardly-davinci.82-223-8-23.plesk.page\/en\/producto\/descubrir-jugando-2\/","title":{"rendered":"Descubrir jugando"},"content":{"rendered":"<p>Este es un libro hecho a seis manos, pensado por tres personas, cada una de ellas con un papel determinado y determinante. En primer lugar, Elinor Goldshmeid, verdadera \u201cmadre\u201d de la observaci\u00f3n de la actividad de jugar con los objetos, inspirada, seg\u00fan sus propias palabras, en el contacto directo y constante que mantiene desde hace ya mucho tiempo con maestras y maestros de las ni\u00f1as y los ni\u00f1os m\u00e1s peque\u00f1os, cuyo quehacer para ella constituye la principal fuente de ideas. En segundo lugar, <span class=\"destacat\">Tere Majem<\/span> y <span class=\"destacat\">Pepa \u00d2dena<\/span>, que han trabajado con Elinor a lo largo de los a\u00f1os que \u00e9sta lleva asesorando a las escuelas 0-3 de nuestro pa\u00eds, y que han contribuido, con su dedicaci\u00f3n y sistematizaci\u00f3n, a que dichas escuelas hayan puesto en pr\u00e1ctica este tipo de juegos. Cada una de ellas expone aqu\u00ed los aspectos b\u00e1sicos para la puesta en marcha del descubrir los objetos mediante el juego en sus dos vertientes: el cesto de los tesoros y el juego heur\u00edstico con objetos.<\/p>\n","protected":false},"excerpt":{"rendered":"<p>Este es un libro hecho a seis manos, pensado por tres personas, cada una de ellas con un papel determinado y determinante. En primer lugar, Elinor Goldshmeid, verdadera \u201cmadre\u201d de la observaci\u00f3n de la actividad de jugar con los objetos, inspirada, seg\u00fan sus propias palabras, en el contacto directo y constante que mantiene desde hace ya mucho tiempo con maestras y maestros de las ni\u00f1as y los ni\u00f1os m\u00e1s peque\u00f1os, cuyo quehacer para ella constituye la principal fuente de ideas. En segundo lugar, <span class=\"destacat\">Tere Majem<\/span> y <span class=\"destacat\">Pepa \u00d2dena<\/span>, que han trabajado con Elinor a lo largo de los a\u00f1os que \u00e9sta lleva asesorando a las escuelas 0-3 de nuestro pa\u00eds, y que han contribuido, con su dedicaci\u00f3n y sistematizaci\u00f3n, a que dichas escuelas hayan puesto en pr\u00e1ctica este tipo de juegos. Cada una de ellas expone aqu\u00ed los aspectos b\u00e1sicos para la puesta en marcha del descubrir los objetos mediante el juego en sus dos vertientes: el cesto de los tesoros y el juego heur\u00edstico con objetos.<\/p>\n","protected":false},"featured_media":47823,"comment_status":"open","ping_status":"closed","template":"","meta":{"_et_pb_use_builder":"","_et_pb_old_content":"","_et_gb_content_width":""},"product_cat":[11928,11858,11859],"product_tag":[11860],"edicion":[11865],"editoriales":[11867,12203],"tienda":[],"autor_id":[14603,19539],"universidades_coeditoras":[],"palabras_clave":[],"listado_alfabetico":[],"acf":[],"_links":{"self":[{"href":"https:\/\/wizardly-davinci.82-223-8-23.plesk.page\/en\/wp-json\/wp\/v2\/product\/53510"}],"collection":[{"href":"https:\/\/wizardly-davinci.82-223-8-23.plesk.page\/en\/wp-json\/wp\/v2\/product"}],"about":[{"href":"https:\/\/wizardly-davinci.82-223-8-23.plesk.page\/en\/wp-json\/wp\/v2\/types\/product"}],"replies":[{"embeddable":true,"href":"https:\/\/wizardly-davinci.82-223-8-23.plesk.page\/en\/wp-json\/wp\/v2\/comments?post=53510"}],"wp:featuredmedia":[{"embeddable":true,"href":"https:\/\/wizardly-davinci.82-223-8-23.plesk.page\/en\/wp-json\/wp\/v2\/media\/47823"}],"wp:attachment":[{"href":"https:\/\/wizardly-davinci.82-223-8-23.plesk.page\/en\/wp-json\/wp\/v2\/media?parent=53510"}],"wp:term":[{"taxonomy":"product_cat","embeddable":true,"href":"https:\/\/wizardly-davinci.82-223-8-23.plesk.page\/en\/wp-json\/wp\/v2\/product_cat?post=53510"},{"taxonomy":"product_tag","embeddable":true,"href":"https:\/\/wizardly-davinci.82-223-8-23.plesk.page\/en\/wp-json\/wp\/v2\/product_tag?post=53510"},{"taxonomy":"edicion","embeddable":true,"href":"https:\/\/wizardly-davinci.82-223-8-23.plesk.page\/en\/wp-json\/wp\/v2\/edicion?post=53510"},{"taxonomy":"editoriales","embeddable":true,"href":"https:\/\/wizardly-davinci.82-223-8-23.plesk.page\/en\/wp-json\/wp\/v2\/editoriales?post=53510"},{"taxonomy":"tienda","embeddable":true,"href":"https:\/\/wizardly-davinci.82-223-8-23.plesk.page\/en\/wp-json\/wp\/v2\/tienda?post=53510"},{"taxonomy":"autor_id","embeddable":true,"href":"https:\/\/wizardly-davinci.82-223-8-23.plesk.page\/en\/wp-json\/wp\/v2\/autor_id?post=53510"},{"taxonomy":"universidades_coeditoras","embeddable":true,"href":"https:\/\/wizardly-davinci.82-223-8-23.plesk.page\/en\/wp-json\/wp\/v2\/universidades_coeditoras?post=53510"},{"taxonomy":"palabras_clave","embeddable":true,"href":"https:\/\/wizardly-davinci.82-223-8-23.plesk.page\/en\/wp-json\/wp\/v2\/palabras_clave?post=53510"},{"taxonomy":"listado_alfabetico","embeddable":true,"href":"https:\/\/wizardly-davinci.82-223-8-23.plesk.page\/en\/wp-json\/wp\/v2\/listado_alfabetico?post=53510"}],"curies":[{"name":"wp","href":"https:\/\/api.w.org\/{rel}","templated":true}]}}