{"id":53511,"date":"2021-08-01T09:19:55","date_gmt":"2021-08-01T07:19:55","guid":{"rendered":"https:\/\/octaedro.com\/libro\/coeducacio-aposta-per-la-llibertat\/"},"modified":"2023-02-22T13:38:06","modified_gmt":"2023-02-22T12:38:06","slug":"coeducacio-aposta-per-la-llibertat-2","status":"publish","type":"product","link":"https:\/\/wizardly-davinci.82-223-8-23.plesk.page\/en\/producto\/coeducacio-aposta-per-la-llibertat-2\/","title":{"rendered":"Coeducaci\u00f3, aposta per la llibertat"},"content":{"rendered":"<p>A la nostra societat, els perfils d\u2019homes i dones canvien, i l\u2019educaci\u00f3 ha de contribuir a facilitar aquests canvis. Qu\u00e8 vol dir ser nen? Qu\u00e8 vol dir ser nena? Coses molt diferents del que significava en el passat. Sovint, per\u00f2, l\u2019educaci\u00f3 intenta encara imposar models antics, a vegades sense que ning\u00fa en sigui conscient.<\/p>\n<p>Per on cal anar? Ja no es tracta que les nenes puguin estudiar igual que els nens, vell objectiu de la coeducaci\u00f3. Aquesta fita ha estat aconseguida al nostre pa\u00eds. Ara es tracta d\u2019un canvi cultural que elimini els prejudicis, els l\u00edmits imposats a les criatures pel fet d\u2019haver nascut amb un sexe o altre, que els obri totes les possibilitats perqu\u00e8 puguin ser el que s\u00f3n i volen ser amb total llibertat.<\/p>\n<p><strong>Marina Subirat<\/strong>s \u00e9s catedr\u00e0tica em\u00e8rita de Sociologia de la UAB. Fa anys que treballa en temes d\u2019educaci\u00f3 i coeducaci\u00f3, en els que ha fet aportacions molt conegudes. En aquest llibre, dedicat sobretot al professorat, planteja un repte apassionant: el de contribuir, des de les escoles i instituts, a aquest canvi cultural, el de la desaparici\u00f3 dels models de g\u00e8nere i el cultiu de totes les capacitats humanes de les nenes, per\u00f2 tamb\u00e9 dels nens.<\/p>\n","protected":false},"excerpt":{"rendered":"<p>A la nostra societat, els perfils d\u2019homes i dones canvien, i l\u2019educaci\u00f3 ha de contribuir a facilitar aquests canvis. Qu\u00e8 vol dir ser nen? Qu\u00e8 vol dir ser nena? Coses molt diferents del que significava en el passat. Sovint, per\u00f2, l\u2019educaci\u00f3 intenta encara imposar models antics, a vegades sense que ning\u00fa en sigui conscient.<\/p>\n<p>Per on cal anar? Ja no es tracta que les nenes puguin estudiar igual que els nens, vell objectiu de la coeducaci\u00f3. Aquesta fita ha estat aconseguida al nostre pa\u00eds. Ara es tracta d\u2019un canvi cultural que elimini els prejudicis, els l\u00edmits imposats a les criatures pel fet d\u2019haver nascut amb un sexe o altre, que els obri totes les possibilitats perqu\u00e8 puguin ser el que s\u00f3n i volen ser amb total llibertat.<\/p>\n<p><strong>Marina Subirat<\/strong>s \u00e9s catedr\u00e0tica em\u00e8rita de Sociologia de la UAB. Fa anys que treballa en temes d\u2019educaci\u00f3 i coeducaci\u00f3, en els que ha fet aportacions molt conegudes. En aquest llibre, dedicat sobretot al professorat, planteja un repte apassionant: el de contribuir, des de les escoles i instituts, a aquest canvi cultural, el de la desaparici\u00f3 dels models de g\u00e8nere i el cultiu de totes les capacitats humanes de les nenes, per\u00f2 tamb\u00e9 dels nens.<\/p>\n","protected":false},"featured_media":48749,"comment_status":"open","ping_status":"closed","template":"","meta":{"_et_pb_use_builder":"","_et_pb_old_content":"","_et_gb_content_width":""},"product_cat":[11858,11859,11918],"product_tag":[11860],"edicion":[11865],"editoriales":[11867],"tienda":[],"autor_id":[12307],"universidades_coeditoras":[],"palabras_clave":[],"listado_alfabetico":[],"acf":[],"_links":{"self":[{"href":"https:\/\/wizardly-davinci.82-223-8-23.plesk.page\/en\/wp-json\/wp\/v2\/product\/53511"}],"collection":[{"href":"https:\/\/wizardly-davinci.82-223-8-23.plesk.page\/en\/wp-json\/wp\/v2\/product"}],"about":[{"href":"https:\/\/wizardly-davinci.82-223-8-23.plesk.page\/en\/wp-json\/wp\/v2\/types\/product"}],"replies":[{"embeddable":true,"href":"https:\/\/wizardly-davinci.82-223-8-23.plesk.page\/en\/wp-json\/wp\/v2\/comments?post=53511"}],"wp:featuredmedia":[{"embeddable":true,"href":"https:\/\/wizardly-davinci.82-223-8-23.plesk.page\/en\/wp-json\/wp\/v2\/media\/48749"}],"wp:attachment":[{"href":"https:\/\/wizardly-davinci.82-223-8-23.plesk.page\/en\/wp-json\/wp\/v2\/media?parent=53511"}],"wp:term":[{"taxonomy":"product_cat","embeddable":true,"href":"https:\/\/wizardly-davinci.82-223-8-23.plesk.page\/en\/wp-json\/wp\/v2\/product_cat?post=53511"},{"taxonomy":"product_tag","embeddable":true,"href":"https:\/\/wizardly-davinci.82-223-8-23.plesk.page\/en\/wp-json\/wp\/v2\/product_tag?post=53511"},{"taxonomy":"edicion","embeddable":true,"href":"https:\/\/wizardly-davinci.82-223-8-23.plesk.page\/en\/wp-json\/wp\/v2\/edicion?post=53511"},{"taxonomy":"editoriales","embeddable":true,"href":"https:\/\/wizardly-davinci.82-223-8-23.plesk.page\/en\/wp-json\/wp\/v2\/editoriales?post=53511"},{"taxonomy":"tienda","embeddable":true,"href":"https:\/\/wizardly-davinci.82-223-8-23.plesk.page\/en\/wp-json\/wp\/v2\/tienda?post=53511"},{"taxonomy":"autor_id","embeddable":true,"href":"https:\/\/wizardly-davinci.82-223-8-23.plesk.page\/en\/wp-json\/wp\/v2\/autor_id?post=53511"},{"taxonomy":"universidades_coeditoras","embeddable":true,"href":"https:\/\/wizardly-davinci.82-223-8-23.plesk.page\/en\/wp-json\/wp\/v2\/universidades_coeditoras?post=53511"},{"taxonomy":"palabras_clave","embeddable":true,"href":"https:\/\/wizardly-davinci.82-223-8-23.plesk.page\/en\/wp-json\/wp\/v2\/palabras_clave?post=53511"},{"taxonomy":"listado_alfabetico","embeddable":true,"href":"https:\/\/wizardly-davinci.82-223-8-23.plesk.page\/en\/wp-json\/wp\/v2\/listado_alfabetico?post=53511"}],"curies":[{"name":"wp","href":"https:\/\/api.w.org\/{rel}","templated":true}]}}