{"id":53513,"date":"2021-07-22T22:17:26","date_gmt":"2021-07-22T20:17:26","guid":{"rendered":"https:\/\/octaedro.com\/libro\/gender-adolescence-and-drugs\/"},"modified":"2023-02-22T13:38:06","modified_gmt":"2023-02-22T12:38:06","slug":"genero-adolescencia-y-drogas-2","status":"publish","type":"product","link":"https:\/\/wizardly-davinci.82-223-8-23.plesk.page\/en\/producto\/genero-adolescencia-y-drogas-2\/","title":{"rendered":"Gender, adolescence and drugs"},"content":{"rendered":"<p>El consumo abusivo de drogas es uno de los principales factores determinantes de la salud, en especial entre las poblaciones m\u00e1s j\u00f3venes; una conducta que en la actualidad tambi\u00e9n afecta de manera significativa a las ni\u00f1as y mujeres j\u00f3venes.<\/p>\n<p>Se recogen en esta obra experiencias e investigaciones avanzadas e innovadoras sobre el estado de la cuesti\u00f3n, los programas preventivos basados en la evidencia desde la familia, la reducci\u00f3n de riesgos y las estrategias de resistencia en mujeres adolescentes; adem\u00e1s, se presentan nuevas propuestas o l\u00edneas de futuro en materia de prevenci\u00f3n y g\u00e9nero. El prop\u00f3sito es aumentar la sensibilizaci\u00f3n de nuestra sociedad en estos temas y mejorar las intervenciones y las pr\u00e1cticas efectivas en prevenci\u00f3n de drogodependencias en ni\u00f1os\/as y j\u00f3venes.<\/p>\n<p>Nos dirigimos a especialistas, acad\u00e9micos y profesionales t\u00e9cnicos de la intervenci\u00f3n e investigaci\u00f3n en drogodependencias y a los estudiantes de grado y de m\u00e1ster en disciplinas como Educaci\u00f3n Social, Trabajo social, Magisterio, Pedagog\u00eda, Psicolog\u00eda y Sociolog\u00eda.<\/p>\n","protected":false},"excerpt":{"rendered":"<p>El consumo abusivo de drogas es uno de los principales factores determinantes de la salud, en especial entre las poblaciones m\u00e1s j\u00f3venes; una conducta que en la actualidad tambi\u00e9n afecta de manera significativa a las ni\u00f1as y mujeres j\u00f3venes.<\/p>\n<p>Se recogen en esta obra experiencias e investigaciones avanzadas e innovadoras sobre el estado de la cuesti\u00f3n, los programas preventivos basados en la evidencia desde la familia, la reducci\u00f3n de riesgos y las estrategias de resistencia en mujeres adolescentes; adem\u00e1s, se presentan nuevas propuestas o l\u00edneas de futuro en materia de prevenci\u00f3n y g\u00e9nero. El prop\u00f3sito es aumentar la sensibilizaci\u00f3n de nuestra sociedad en estos temas y mejorar las intervenciones y las pr\u00e1cticas efectivas en prevenci\u00f3n de drogodependencias en ni\u00f1os\/as y j\u00f3venes.<\/p>\n<p>Nos dirigimos a especialistas, acad\u00e9micos y profesionales t\u00e9cnicos de la intervenci\u00f3n e investigaci\u00f3n en drogodependencias y a los estudiantes de grado y de m\u00e1ster en disciplinas como Educaci\u00f3n Social, Trabajo social, Magisterio, Pedagog\u00eda, Psicolog\u00eda y Sociolog\u00eda.<\/p>\n","protected":false},"featured_media":53514,"comment_status":"open","ping_status":"closed","template":"","meta":{"_et_pb_use_builder":"","_et_pb_old_content":"","_et_gb_content_width":""},"product_cat":[11899,11859,11912],"product_tag":[11892],"edicion":[12199,11865],"editoriales":[11867],"tienda":[],"autor_id":[19541,19542],"universidades_coeditoras":[14902],"palabras_clave":[],"listado_alfabetico":[],"acf":[],"_links":{"self":[{"href":"https:\/\/wizardly-davinci.82-223-8-23.plesk.page\/en\/wp-json\/wp\/v2\/product\/53513"}],"collection":[{"href":"https:\/\/wizardly-davinci.82-223-8-23.plesk.page\/en\/wp-json\/wp\/v2\/product"}],"about":[{"href":"https:\/\/wizardly-davinci.82-223-8-23.plesk.page\/en\/wp-json\/wp\/v2\/types\/product"}],"replies":[{"embeddable":true,"href":"https:\/\/wizardly-davinci.82-223-8-23.plesk.page\/en\/wp-json\/wp\/v2\/comments?post=53513"}],"wp:featuredmedia":[{"embeddable":true,"href":"https:\/\/wizardly-davinci.82-223-8-23.plesk.page\/en\/wp-json\/wp\/v2\/media\/53514"}],"wp:attachment":[{"href":"https:\/\/wizardly-davinci.82-223-8-23.plesk.page\/en\/wp-json\/wp\/v2\/media?parent=53513"}],"wp:term":[{"taxonomy":"product_cat","embeddable":true,"href":"https:\/\/wizardly-davinci.82-223-8-23.plesk.page\/en\/wp-json\/wp\/v2\/product_cat?post=53513"},{"taxonomy":"product_tag","embeddable":true,"href":"https:\/\/wizardly-davinci.82-223-8-23.plesk.page\/en\/wp-json\/wp\/v2\/product_tag?post=53513"},{"taxonomy":"edicion","embeddable":true,"href":"https:\/\/wizardly-davinci.82-223-8-23.plesk.page\/en\/wp-json\/wp\/v2\/edicion?post=53513"},{"taxonomy":"editoriales","embeddable":true,"href":"https:\/\/wizardly-davinci.82-223-8-23.plesk.page\/en\/wp-json\/wp\/v2\/editoriales?post=53513"},{"taxonomy":"tienda","embeddable":true,"href":"https:\/\/wizardly-davinci.82-223-8-23.plesk.page\/en\/wp-json\/wp\/v2\/tienda?post=53513"},{"taxonomy":"autor_id","embeddable":true,"href":"https:\/\/wizardly-davinci.82-223-8-23.plesk.page\/en\/wp-json\/wp\/v2\/autor_id?post=53513"},{"taxonomy":"universidades_coeditoras","embeddable":true,"href":"https:\/\/wizardly-davinci.82-223-8-23.plesk.page\/en\/wp-json\/wp\/v2\/universidades_coeditoras?post=53513"},{"taxonomy":"palabras_clave","embeddable":true,"href":"https:\/\/wizardly-davinci.82-223-8-23.plesk.page\/en\/wp-json\/wp\/v2\/palabras_clave?post=53513"},{"taxonomy":"listado_alfabetico","embeddable":true,"href":"https:\/\/wizardly-davinci.82-223-8-23.plesk.page\/en\/wp-json\/wp\/v2\/listado_alfabetico?post=53513"}],"curies":[{"name":"wp","href":"https:\/\/api.w.org\/{rel}","templated":true}]}}