{"id":54406,"date":"2020-10-29T16:23:08","date_gmt":"2020-10-29T15:23:08","guid":{"rendered":"https:\/\/octaedro.com\/libro\/pornografia-y-educacion-afectivosexual\/"},"modified":"2023-03-08T12:20:25","modified_gmt":"2023-03-08T11:20:25","slug":"pornografia-y-educacion-afectivosexual-2","status":"publish","type":"product","link":"https:\/\/wizardly-davinci.82-223-8-23.plesk.page\/en\/producto\/pornografia-y-educacion-afectivosexual-2\/","title":{"rendered":"Pornograf\u00eda y educaci\u00f3n afectivosexual"},"content":{"rendered":"<p>La pornograf\u00eda es la producci\u00f3n y distribuci\u00f3n de im\u00e1genes sobre actos sexuales, o contenidos sexualmente expl\u00edcitos cuyo fin es provocar la excitaci\u00f3n sexual. Se podr\u00eda caracterizar como filmaciones de sexo expl\u00edcito, con acceso f\u00e1cil, distribuci\u00f3n mediante internet masivamente gratuita, alta calidad, orientadas a generar excitaci\u00f3n sexual. Se trata de pornograf\u00eda distribuida por empresas cuyo \u00fanico objetico es el lucro, que han aprovechado las tecnolog\u00edas de cuarta generaci\u00f3n (4G) y que posicionan sus ofertas en todo el mundo. La gran mayor\u00eda de la pornograf\u00eda presenta una imagen cosificada (mercanc\u00edas, objetos de placer) y degradada de las mujeres, con una violencia creciente y modelos machistas (sexo en grupo con mujeres sometidas, pr\u00e1cticas de riesgo, violencia).<\/p>\n<p>Es pr\u00e1cticamente inevitable que ni\u00f1os\/as y adolescentes se expongan a la pornograf\u00eda en internet: el porno est\u00e1 en todas partes. En Espa\u00f1a, un 86,9 % de hombres j\u00f3venes son consumidores habituales, mientras las mujeres j\u00f3venes solo llegan al 54,6 % (Ballester, Orte y Red J\u00f3venes e Inclusi\u00f3n, 2019). Uno de los peores efectos es la distorsi\u00f3n perceptiva, la formaci\u00f3n o deformaci\u00f3n de actitudes, especialmente en grandes consumidores de pornograf\u00eda sin la maduraci\u00f3n emocional para comprender lo que ven, maduraci\u00f3n que ofrecer\u00eda una educaci\u00f3n sexual adecuada. La percepci\u00f3n distorsionada provoca desconexi\u00f3n moral (\u00abNo me importa lo que te pasa\u00bb) y falta de empat\u00eda. Ante esta situaci\u00f3n, profesionales de diversas disciplinas vinculados a la Red J\u00f3venes e Inclusi\u00f3n (de la universidad y del tercer sector) hemos seguido investigando las caracter\u00edsticas de la nueva pornograf\u00eda, as\u00ed como los retos educativos y sociales que implica.<\/p>\n<p>En este libro, presentamos cuatro estudios relacionados: un primer trabajo sobre los mecanismos que motivan el consumo a partir de una amplia muestra de alumnado universitario de seis comunidades aut\u00f3nomas; a continuaci\u00f3n, se presenta una rigurosa revisi\u00f3n sistem\u00e1tica internacional sobre las intervenciones para hacer frente a las consecuencias de la nueva pornograf\u00eda; seguimos con una investigaci\u00f3n sobre una selecci\u00f3n de las mejores experiencias, basadas en la evidencia, realizadas en el conjunto del Estado y, finalmente, se elaboran unas conclusiones que pueden servir de orientaci\u00f3n para la intervenci\u00f3n profesional, as\u00ed como para el debate y definici\u00f3n de estrategias de actuaci\u00f3n.<\/p>\n","protected":false},"excerpt":{"rendered":"<p>La pornograf\u00eda es la producci\u00f3n y distribuci\u00f3n de im\u00e1genes sobre actos sexuales, o contenidos sexualmente expl\u00edcitos cuyo fin es provocar la excitaci\u00f3n sexual. Se podr\u00eda caracterizar como filmaciones de sexo expl\u00edcito, con acceso f\u00e1cil, distribuci\u00f3n mediante internet masivamente gratuita, alta calidad, orientadas a generar excitaci\u00f3n sexual. Se trata de pornograf\u00eda distribuida por empresas cuyo \u00fanico objetico es el lucro, que han aprovechado las tecnolog\u00edas de cuarta generaci\u00f3n (4G) y que posicionan sus ofertas en todo el mundo. La gran mayor\u00eda de la pornograf\u00eda presenta una imagen cosificada (mercanc\u00edas, objetos de placer) y degradada de las mujeres, con una violencia creciente y modelos machistas (sexo en grupo con mujeres sometidas, pr\u00e1cticas de riesgo, violencia).<\/p>\n<p>Es pr\u00e1cticamente inevitable que ni\u00f1os\/as y adolescentes se expongan a la pornograf\u00eda en internet: el porno est\u00e1 en todas partes. En Espa\u00f1a, un 86,9 % de hombres j\u00f3venes son consumidores habituales, mientras las mujeres j\u00f3venes solo llegan al 54,6 % (Ballester, Orte y Red J\u00f3venes e Inclusi\u00f3n, 2019). Uno de los peores efectos es la distorsi\u00f3n perceptiva, la formaci\u00f3n o deformaci\u00f3n de actitudes, especialmente en grandes consumidores de pornograf\u00eda sin la maduraci\u00f3n emocional para comprender lo que ven, maduraci\u00f3n que ofrecer\u00eda una educaci\u00f3n sexual adecuada. La percepci\u00f3n distorsionada provoca desconexi\u00f3n moral (\u00abNo me importa lo que te pasa\u00bb) y falta de empat\u00eda. Ante esta situaci\u00f3n, profesionales de diversas disciplinas vinculados a la Red J\u00f3venes e Inclusi\u00f3n (de la universidad y del tercer sector) hemos seguido investigando las caracter\u00edsticas de la nueva pornograf\u00eda, as\u00ed como los retos educativos y sociales que implica.<\/p>\n<p>En este libro, presentamos cuatro estudios relacionados: un primer trabajo sobre los mecanismos que motivan el consumo a partir de una amplia muestra de alumnado universitario de seis comunidades aut\u00f3nomas; a continuaci\u00f3n, se presenta una rigurosa revisi\u00f3n sistem\u00e1tica internacional sobre las intervenciones para hacer frente a las consecuencias de la nueva pornograf\u00eda; seguimos con una investigaci\u00f3n sobre una selecci\u00f3n de las mejores experiencias, basadas en la evidencia, realizadas en el conjunto del Estado y, finalmente, se elaboran unas conclusiones que pueden servir de orientaci\u00f3n para la intervenci\u00f3n profesional, as\u00ed como para el debate y definici\u00f3n de estrategias de actuaci\u00f3n.<\/p>\n","protected":false},"featured_media":52644,"comment_status":"open","ping_status":"closed","template":"","meta":{"_et_pb_use_builder":"","_et_pb_old_content":"","_et_gb_content_width":""},"product_cat":[11899,11858,11913,11859,11881,11924],"product_tag":[11893],"edicion":[12178,11865],"editoriales":[11867],"tienda":[],"autor_id":[14083,19608],"universidades_coeditoras":[14902],"palabras_clave":[],"listado_alfabetico":[],"acf":[],"_links":{"self":[{"href":"https:\/\/wizardly-davinci.82-223-8-23.plesk.page\/en\/wp-json\/wp\/v2\/product\/54406"}],"collection":[{"href":"https:\/\/wizardly-davinci.82-223-8-23.plesk.page\/en\/wp-json\/wp\/v2\/product"}],"about":[{"href":"https:\/\/wizardly-davinci.82-223-8-23.plesk.page\/en\/wp-json\/wp\/v2\/types\/product"}],"replies":[{"embeddable":true,"href":"https:\/\/wizardly-davinci.82-223-8-23.plesk.page\/en\/wp-json\/wp\/v2\/comments?post=54406"}],"wp:featuredmedia":[{"embeddable":true,"href":"https:\/\/wizardly-davinci.82-223-8-23.plesk.page\/en\/wp-json\/wp\/v2\/media\/52644"}],"wp:attachment":[{"href":"https:\/\/wizardly-davinci.82-223-8-23.plesk.page\/en\/wp-json\/wp\/v2\/media?parent=54406"}],"wp:term":[{"taxonomy":"product_cat","embeddable":true,"href":"https:\/\/wizardly-davinci.82-223-8-23.plesk.page\/en\/wp-json\/wp\/v2\/product_cat?post=54406"},{"taxonomy":"product_tag","embeddable":true,"href":"https:\/\/wizardly-davinci.82-223-8-23.plesk.page\/en\/wp-json\/wp\/v2\/product_tag?post=54406"},{"taxonomy":"edicion","embeddable":true,"href":"https:\/\/wizardly-davinci.82-223-8-23.plesk.page\/en\/wp-json\/wp\/v2\/edicion?post=54406"},{"taxonomy":"editoriales","embeddable":true,"href":"https:\/\/wizardly-davinci.82-223-8-23.plesk.page\/en\/wp-json\/wp\/v2\/editoriales?post=54406"},{"taxonomy":"tienda","embeddable":true,"href":"https:\/\/wizardly-davinci.82-223-8-23.plesk.page\/en\/wp-json\/wp\/v2\/tienda?post=54406"},{"taxonomy":"autor_id","embeddable":true,"href":"https:\/\/wizardly-davinci.82-223-8-23.plesk.page\/en\/wp-json\/wp\/v2\/autor_id?post=54406"},{"taxonomy":"universidades_coeditoras","embeddable":true,"href":"https:\/\/wizardly-davinci.82-223-8-23.plesk.page\/en\/wp-json\/wp\/v2\/universidades_coeditoras?post=54406"},{"taxonomy":"palabras_clave","embeddable":true,"href":"https:\/\/wizardly-davinci.82-223-8-23.plesk.page\/en\/wp-json\/wp\/v2\/palabras_clave?post=54406"},{"taxonomy":"listado_alfabetico","embeddable":true,"href":"https:\/\/wizardly-davinci.82-223-8-23.plesk.page\/en\/wp-json\/wp\/v2\/listado_alfabetico?post=54406"}],"curies":[{"name":"wp","href":"https:\/\/api.w.org\/{rel}","templated":true}]}}