{"id":54409,"date":"2022-02-02T16:27:44","date_gmt":"2022-02-02T15:27:44","guid":{"rendered":"https:\/\/octaedro.com\/?post_type=product&#038;p=54409"},"modified":"2023-02-22T13:38:06","modified_gmt":"2023-02-22T12:38:06","slug":"programas-de-reenganche-educativo-y-o-formativo-16210-03","status":"publish","type":"product","link":"https:\/\/wizardly-davinci.82-223-8-23.plesk.page\/en\/producto\/programas-de-reenganche-educativo-y-o-formativo-16210-03\/","title":{"rendered":"Programas de reenganche escolar: condiciones organizativas para su desarrollo"},"content":{"rendered":"<p>Este cap\u00edtulo presta atenci\u00f3n a las condiciones organizativas movilizadas en Institutos de Educaci\u00f3n Secundaria (IES) u Otras Entidades Educativas (OEE) para implementar programas destinados a contrarrestar la desafecci\u00f3n\/ desenganche del alumnado.<br \/>\nSe comenta informaci\u00f3n sobre el particular procedente de 5 estudios de caso sobre programas (PAI, AO y FPB en IES; PFP en OEE) cuyas caracter\u00edsticas b\u00e1sicas se se\u00f1alaron en el primer cap\u00edtulo.<br \/>\nEl texto se estructura en tres apartados. El primero, contempla, a grandes rasgos, el marco te\u00f3rico\/conceptual que ha orientado y justifica qu\u00e9 se incluye bajo la categor\u00eda condiciones organizativas. En el segundo, se presentan datos ilustrativos sobre algunas condiciones organizativas dispuestas en centros y entidades estudiadas para posibilitar la puesta en pr\u00e1ctica de los mencionados programas. Se cierra el cap\u00edtulo con algunas reflexiones, conclusiones y propuestas.<\/p>\n","protected":false},"excerpt":{"rendered":"<p>Este cap\u00edtulo presta atenci\u00f3n a las condiciones organizativas movilizadas en Institutos de Educaci\u00f3n Secundaria (IES) u Otras Entidades Educativas (OEE) para implementar programas destinados a contrarrestar la desafecci\u00f3n\/ desenganche del alumnado.<br \/>\nSe comenta informaci\u00f3n sobre el particular procedente de 5 estudios de caso sobre programas (PAI, AO y FPB en IES; PFP en OEE) cuyas caracter\u00edsticas b\u00e1sicas se se\u00f1alaron en el primer cap\u00edtulo.<br \/>\nEl texto se estructura en tres apartados. El primero, contempla, a grandes rasgos, el marco te\u00f3rico\/conceptual que ha orientado y justifica qu\u00e9 se incluye bajo la categor\u00eda condiciones organizativas. En el segundo, se presentan datos ilustrativos sobre algunas condiciones organizativas dispuestas en centros y entidades estudiadas para posibilitar la puesta en pr\u00e1ctica de los mencionados programas. Se cierra el cap\u00edtulo con algunas reflexiones, conclusiones y propuestas.<\/p>\n","protected":false},"featured_media":53933,"comment_status":"open","ping_status":"closed","template":"","meta":{"_et_pb_use_builder":"","_et_pb_old_content":"","_et_gb_content_width":""},"product_cat":[7597,6674],"product_tag":[10772],"edicion":[1085],"editoriales":[1160],"tienda":[],"autor_id":[11188,19570],"universidades_coeditoras":[],"palabras_clave":[19584,18828,10419,19583],"listado_alfabetico":[],"acf":[],"_links":{"self":[{"href":"https:\/\/wizardly-davinci.82-223-8-23.plesk.page\/en\/wp-json\/wp\/v2\/product\/54409"}],"collection":[{"href":"https:\/\/wizardly-davinci.82-223-8-23.plesk.page\/en\/wp-json\/wp\/v2\/product"}],"about":[{"href":"https:\/\/wizardly-davinci.82-223-8-23.plesk.page\/en\/wp-json\/wp\/v2\/types\/product"}],"replies":[{"embeddable":true,"href":"https:\/\/wizardly-davinci.82-223-8-23.plesk.page\/en\/wp-json\/wp\/v2\/comments?post=54409"}],"wp:featuredmedia":[{"embeddable":true,"href":"https:\/\/wizardly-davinci.82-223-8-23.plesk.page\/en\/wp-json\/wp\/v2\/media\/53933"}],"wp:attachment":[{"href":"https:\/\/wizardly-davinci.82-223-8-23.plesk.page\/en\/wp-json\/wp\/v2\/media?parent=54409"}],"wp:term":[{"taxonomy":"product_cat","embeddable":true,"href":"https:\/\/wizardly-davinci.82-223-8-23.plesk.page\/en\/wp-json\/wp\/v2\/product_cat?post=54409"},{"taxonomy":"product_tag","embeddable":true,"href":"https:\/\/wizardly-davinci.82-223-8-23.plesk.page\/en\/wp-json\/wp\/v2\/product_tag?post=54409"},{"taxonomy":"edicion","embeddable":true,"href":"https:\/\/wizardly-davinci.82-223-8-23.plesk.page\/en\/wp-json\/wp\/v2\/edicion?post=54409"},{"taxonomy":"editoriales","embeddable":true,"href":"https:\/\/wizardly-davinci.82-223-8-23.plesk.page\/en\/wp-json\/wp\/v2\/editoriales?post=54409"},{"taxonomy":"tienda","embeddable":true,"href":"https:\/\/wizardly-davinci.82-223-8-23.plesk.page\/en\/wp-json\/wp\/v2\/tienda?post=54409"},{"taxonomy":"autor_id","embeddable":true,"href":"https:\/\/wizardly-davinci.82-223-8-23.plesk.page\/en\/wp-json\/wp\/v2\/autor_id?post=54409"},{"taxonomy":"universidades_coeditoras","embeddable":true,"href":"https:\/\/wizardly-davinci.82-223-8-23.plesk.page\/en\/wp-json\/wp\/v2\/universidades_coeditoras?post=54409"},{"taxonomy":"palabras_clave","embeddable":true,"href":"https:\/\/wizardly-davinci.82-223-8-23.plesk.page\/en\/wp-json\/wp\/v2\/palabras_clave?post=54409"},{"taxonomy":"listado_alfabetico","embeddable":true,"href":"https:\/\/wizardly-davinci.82-223-8-23.plesk.page\/en\/wp-json\/wp\/v2\/listado_alfabetico?post=54409"}],"curies":[{"name":"wp","href":"https:\/\/api.w.org\/{rel}","templated":true}]}}