{"id":54465,"date":"2022-05-13T17:31:11","date_gmt":"2022-05-13T15:31:11","guid":{"rendered":"https:\/\/octaedro.com\/libro\/docentes-hiperdiscursivos\/"},"modified":"2023-03-08T12:20:31","modified_gmt":"2023-03-08T11:20:31","slug":"docentes-hiperdiscursivos-2","status":"publish","type":"product","link":"https:\/\/wizardly-davinci.82-223-8-23.plesk.page\/en\/producto\/docentes-hiperdiscursivos-2\/","title":{"rendered":"Docentes hiperdiscursivos"},"content":{"rendered":"","protected":false},"excerpt":{"rendered":"<p>Este libro puede interesar a profesorado que desee complementar la docencia de aula con contenidos en l\u00ednea propios, o bien que quiera ofrecer sus conocimientos y sus habilidades did\u00e1ctico-divulgativas mediante internet, en especial para ayudar en el aprendizaje de lenguas.<\/p>\n<p>Es fruto del trabajo de una docente, comunicadora audiovisual e investigadora en ense\u00f1anza de lenguas que ha puesto en pr\u00e1ctica sus conocimientos sobre TIC y metodolog\u00edas did\u00e1cticas arrancando un proyecto en internet: De mica en mica. Es una profesora comprometida con los recursos de acceso libre en la red; convencida de que el socioconstructivismo de Vigotsky, que se ha demostrado eficaz en las aulas, puede serlo tambi\u00e9n en internet. Conf\u00eda en la autonom\u00eda de la imagen pobre (Steyerl), que, en el \u00e1mbito de los v\u00eddeos did\u00e1cticos, permite que cualquier buen docente anal\u00f3gico pueda virtualizar su contenido haci\u00e9ndolo divulgativo sin la barrera de la perfecci\u00f3n en la t\u00e9cnica audiovisual.<\/p>\n<p>En los primeros cap\u00edtulos, se explica el porqu\u00e9 del proyecto De mica en mica. A continuaci\u00f3n, se detallan los materiales y contenidos ofrecidos en este proyecto desde un enfoque discursivo y pragm\u00e1tico. M\u00e1s adelante, se presentan consejos pr\u00e1cticos. En los \u00faltimos cap\u00edtulos, se ofrecen reflexiones sobre la docencia con adultos en el contexto de Escuela Oficial de Idiomas y en el universitario, a partir de experiencias y problem\u00e1ticas encontradas en el propio ejercicio de la docencia de lenguas. <\/p>\n","protected":false},"featured_media":54456,"comment_status":"open","ping_status":"closed","template":"","meta":{"_et_pb_use_builder":"","_et_pb_old_content":"","_et_gb_content_width":""},"product_cat":[11899,11859,11912],"product_tag":[11892],"edicion":[12199,11865],"editoriales":[11867],"tienda":[],"autor_id":[19635],"universidades_coeditoras":[],"palabras_clave":[],"listado_alfabetico":[],"acf":[],"_links":{"self":[{"href":"https:\/\/wizardly-davinci.82-223-8-23.plesk.page\/en\/wp-json\/wp\/v2\/product\/54465"}],"collection":[{"href":"https:\/\/wizardly-davinci.82-223-8-23.plesk.page\/en\/wp-json\/wp\/v2\/product"}],"about":[{"href":"https:\/\/wizardly-davinci.82-223-8-23.plesk.page\/en\/wp-json\/wp\/v2\/types\/product"}],"replies":[{"embeddable":true,"href":"https:\/\/wizardly-davinci.82-223-8-23.plesk.page\/en\/wp-json\/wp\/v2\/comments?post=54465"}],"wp:featuredmedia":[{"embeddable":true,"href":"https:\/\/wizardly-davinci.82-223-8-23.plesk.page\/en\/wp-json\/wp\/v2\/media\/54456"}],"wp:attachment":[{"href":"https:\/\/wizardly-davinci.82-223-8-23.plesk.page\/en\/wp-json\/wp\/v2\/media?parent=54465"}],"wp:term":[{"taxonomy":"product_cat","embeddable":true,"href":"https:\/\/wizardly-davinci.82-223-8-23.plesk.page\/en\/wp-json\/wp\/v2\/product_cat?post=54465"},{"taxonomy":"product_tag","embeddable":true,"href":"https:\/\/wizardly-davinci.82-223-8-23.plesk.page\/en\/wp-json\/wp\/v2\/product_tag?post=54465"},{"taxonomy":"edicion","embeddable":true,"href":"https:\/\/wizardly-davinci.82-223-8-23.plesk.page\/en\/wp-json\/wp\/v2\/edicion?post=54465"},{"taxonomy":"editoriales","embeddable":true,"href":"https:\/\/wizardly-davinci.82-223-8-23.plesk.page\/en\/wp-json\/wp\/v2\/editoriales?post=54465"},{"taxonomy":"tienda","embeddable":true,"href":"https:\/\/wizardly-davinci.82-223-8-23.plesk.page\/en\/wp-json\/wp\/v2\/tienda?post=54465"},{"taxonomy":"autor_id","embeddable":true,"href":"https:\/\/wizardly-davinci.82-223-8-23.plesk.page\/en\/wp-json\/wp\/v2\/autor_id?post=54465"},{"taxonomy":"universidades_coeditoras","embeddable":true,"href":"https:\/\/wizardly-davinci.82-223-8-23.plesk.page\/en\/wp-json\/wp\/v2\/universidades_coeditoras?post=54465"},{"taxonomy":"palabras_clave","embeddable":true,"href":"https:\/\/wizardly-davinci.82-223-8-23.plesk.page\/en\/wp-json\/wp\/v2\/palabras_clave?post=54465"},{"taxonomy":"listado_alfabetico","embeddable":true,"href":"https:\/\/wizardly-davinci.82-223-8-23.plesk.page\/en\/wp-json\/wp\/v2\/listado_alfabetico?post=54465"}],"curies":[{"name":"wp","href":"https:\/\/api.w.org\/{rel}","templated":true}]}}